{"id":3676,"date":"2025-03-10T12:31:48","date_gmt":"2025-03-10T12:31:48","guid":{"rendered":"https:\/\/www.ajisustainablesolutions.com\/nos-marches\/nutra-pharma\/"},"modified":"2025-03-28T11:43:23","modified_gmt":"2025-03-28T11:43:23","slug":"nutraceutique-et-pharmaceutique","status":"publish","type":"page","link":"https:\/\/www.ajisustainablesolutions.com\/fr\/nos-marches\/nutraceutique-et-pharmaceutique\/","title":{"rendered":"Nutraceutique et pharmaceutique"},"content":{"rendered":"<p>[et_pb_section fb_built=\u00a0\u00bb1&Prime; custom_padding_last_edited=\u00a0\u00bbon|tablet\u00a0\u00bb admin_label=\u00a0\u00bbIntro\u00a0\u00bb module_class=\u00a0\u00bbarc-bottom-white\u00a0\u00bb _builder_version=\u00a0\u00bb4.24.0&Prime; _module_preset=\u00a0\u00bbdefault\u00a0\u00bb background_enable_image=\u00a0\u00bboff\u00a0\u00bb height=\u00a0\u00bb100vh\u00a0\u00bb max_height=\u00a0\u00bb800px\u00a0\u00bb custom_padding_tablet=\u00a0\u00bb4rem||0px||false|false\u00a0\u00bb custom_padding_phone=\u00a0\u00bb4rem||0px||false|false\u00a0\u00bb bottom_divider_color=\u00a0\u00bb#FFFFFF\u00a0\u00bb custom_css_main_element=\u00a0\u00bbdisplay: flex;||flex-direction: column;\u00a0\u00bb locked=\u00a0\u00bboff\u00a0\u00bb global_colors_info=\u00a0\u00bb{}\u00a0\u00bb][et_pb_row custom_padding_last_edited=\u00a0\u00bbon|phone\u00a0\u00bb admin_label=\u00a0\u00bbtexte\u00a0\u00bb module_class=\u00a0\u00bbuw-row\u00a0\u00bb _builder_version=\u00a0\u00bb4.24.0&Prime; _module_preset=\u00a0\u00bbdefault\u00a0\u00bb z_index=\u00a0\u00bb4&Prime; width=\u00a0\u00bb100%\u00a0\u00bb max_width=\u00a0\u00bb1200px\u00a0\u00bb custom_padding=\u00a0\u00bb|30px||30px|false|true\u00a0\u00bb custom_padding_tablet=\u00a0\u00bb|30px||30px|false|true\u00a0\u00bb custom_padding_phone=\u00a0\u00bb|20px||20px|false|true\u00a0\u00bb custom_css_main_element=\u00a0\u00bbdisplay: flex;||justify-content: flex-start;\u00a0\u00bb global_colors_info=\u00a0\u00bb{}\u00a0\u00bb][et_pb_column type=\u00a0\u00bb4_4&Prime; _builder_version=\u00a0\u00bb4.24.0&Prime; _module_preset=\u00a0\u00bbdefault\u00a0\u00bb background_color=\u00a0\u00bbrgba(255,255,255,0.8)\u00a0\u00bb custom_padding=\u00a0\u00bb40px|40px|40px|40px|true|true\u00a0\u00bb custom_padding_tablet=\u00a0\u00bb40px|40px|40px|40px|true|true\u00a0\u00bb custom_padding_phone=\u00a0\u00bb20px|20px|20px|20px|true|true\u00a0\u00bb custom_padding_last_edited=\u00a0\u00bbon|phone\u00a0\u00bb custom_css_main_element=\u00a0\u00bbwidth: auto!important;||max-width: 680px;||backdrop-filter: blur(10px);\u00a0\u00bb global_colors_info=\u00a0\u00bb{}\u00a0\u00bb][et_pb_text module_class=\u00a0\u00bbjs-fade-in\u00a0\u00bb _builder_version=\u00a0\u00bb4.24.0&Prime; _module_preset=\u00a0\u00bbd5bb82bb-ca7f-41b5-a941-8d749cf329fe\u00a0\u00bb custom_margin_tablet=\u00a0\u00bb||0.5rem||false|false\u00a0\u00bb custom_margin_phone=\u00a0\u00bb||0rem||false|false\u00a0\u00bb custom_margin_last_edited=\u00a0\u00bbon|tablet\u00a0\u00bb global_colors_info=\u00a0\u00bb{}\u00a0\u00bb]<\/p>\n<h1>Nutraceutique et pharmaceutique<\/h1>\n<p>[\/et_pb_text][\/et_pb_column][\/et_pb_row][et_pb_row admin_label=\u00a0\u00bbbackground\u00a0\u00bb module_class=\u00a0\u00bbukiyo\u00a0\u00bb _builder_version=\u00a0\u00bb4.24.0&Prime; _module_preset=\u00a0\u00bbdefault\u00a0\u00bb background_image=\u00a0\u00bbhttps:\/\/www.ajisustainablesolutions.com\/wp-content\/uploads\/2025\/03\/ASSO-our-markets-nutraceuticalsfarma-header-image-scaled.jpeg\u00a0\u00bb background_position=\u00a0\u00bbtop_center\u00a0\u00bb positioning=\u00a0\u00bbabsolute\u00a0\u00bb width=\u00a0\u00bb100%\u00a0\u00bb max_width=\u00a0\u00bb100%\u00a0\u00bb height=\u00a0\u00bb100%\u00a0\u00bb custom_padding=\u00a0\u00bb0px|0px|0px|0px|false|false\u00a0\u00bb hover_enabled=\u00a0\u00bb0&Prime; global_colors_info=\u00a0\u00bb{}\u00a0\u00bb title_text=\u00a0\u00bbYoung scientist conducting research investigations in a chemical laboratory.  The researcher studying different nutraceutical\u00a0\u00bb sticky_enabled=\u00a0\u00bb0&Prime;][et_pb_column type=\u00a0\u00bb4_4&Prime; _builder_version=\u00a0\u00bb4.24.0&Prime; _module_preset=\u00a0\u00bbdefault\u00a0\u00bb global_colors_info=\u00a0\u00bb{}\u00a0\u00bb][\/et_pb_column][\/et_pb_row][\/et_pb_section][et_pb_section fb_built=\u00a0\u00bb1&Prime; custom_padding_last_edited=\u00a0\u00bbon|tablet\u00a0\u00bb module_class=\u00a0\u00bbdecor-orbit-right decor-orbit__yellow\u00a0\u00bb _builder_version=\u00a0\u00bb4.24.0&Prime; _module_preset=\u00a0\u00bbdefault\u00a0\u00bb custom_padding=\u00a0\u00bb4rem||6rem||false|false\u00a0\u00bb custom_padding_tablet=\u00a0\u00bb||4rem||false|false\u00a0\u00bb custom_padding_phone=\u00a0\u00bb1rem||1rem||false|false\u00a0\u00bb locked=\u00a0\u00bboff\u00a0\u00bb global_colors_info=\u00a0\u00bb{}\u00a0\u00bb][et_pb_row custom_padding_last_edited=\u00a0\u00bbon|phone\u00a0\u00bb module_class=\u00a0\u00bbuw-row\u00a0\u00bb _builder_version=\u00a0\u00bb4.24.0&Prime; _module_preset=\u00a0\u00bbdefault\u00a0\u00bb width=\u00a0\u00bb100%\u00a0\u00bb max_width=\u00a0\u00bb1200px\u00a0\u00bb custom_padding=\u00a0\u00bb|30px||30px|false|true\u00a0\u00bb custom_padding_tablet=\u00a0\u00bb|30px||30px|false|true\u00a0\u00bb custom_padding_phone=\u00a0\u00bb|20px||20px|false|true\u00a0\u00bb global_colors_info=\u00a0\u00bb{}\u00a0\u00bb][et_pb_column type=\u00a0\u00bb4_4&Prime; _builder_version=\u00a0\u00bb4.24.0&Prime; _module_preset=\u00a0\u00bbdefault\u00a0\u00bb global_colors_info=\u00a0\u00bb{}\u00a0\u00bb][et_pb_text module_class=\u00a0\u00bbjs-fade-in\u00a0\u00bb _builder_version=\u00a0\u00bb4.24.0&Prime; _module_preset=\u00a0\u00bbb9431c7e-1947-490e-a79e-afbfd94d4ff6&Prime; link_text_color=\u00a0\u00bb#7CBA38&Prime; max_width=\u00a0\u00bb100%\u00a0\u00bb max_width_tablet=\u00a0\u00bb100%\u00a0\u00bb max_width_phone=\u00a0\u00bb100%\u00a0\u00bb max_width_last_edited=\u00a0\u00bbon|desktop\u00a0\u00bb global_colors_info=\u00a0\u00bb{}\u00a0\u00bb]<\/p>\n<p>ASSO a mis au point une gamme d\u2019extraits de p\u00e9pins de raisins adapt\u00e9s \u00e0 tous les budgets et applications.<\/p>\n<p><strong>OmniVin\u00ae 20R<\/strong>\u00a0peut \u00eatre utilis\u00e9 comme puissant capteur polyph\u00e9nolique de radicaux seul ou en combinaison avec des antioxydants, p. ex. vitamine C ou E. L\u2019utilisation d\u2019<strong>OmniVin\u00ae 10R\u00a0ou\u00a0d\u2019OmniVin\u00ae R<\/strong>\u00a0est recommand\u00e9e dans les formulations moins co\u00fbteuses.<\/p>\n<p><strong>OmniVin\u00ae 20R\u00a0et\u00a0OmniVin\u00ae WG\u00a0<\/strong>sont utilis\u00e9s dans les formulations cosm\u00e9tiques pour les soins de la peau pour un effet anti-oxydant et anti-vieillissement. Contribuant \u00e0 r\u00e9duire les dommages caus\u00e9s par les UV sur la peau, ils peuvent aussi servir d\u2019adjuvants dans la formulation des \u00e9crans solaires.<\/p>\n<p>La gamme OmniVin\u00ae comprend l\u2019extrait de grappes de raisins qui pr\u00e9sente la plus haute concentration de monom\u00e8res sur le march\u00e9.<\/p>\n<p>L\u2019utilisation m\u00e9dicinale des tanins remonte \u00e0 des milliers d\u2019ann\u00e9es. Utilisation des gallotanins dans les applications pharmaceutiques\u00a0:<\/p>\n<p>&nbsp;<\/p>\n<ul>\n<li>Compositions anti-diarrh\u00e9iques<\/li>\n<li>Maladies inflammatoires de la peau<\/li>\n<\/ul>\n<p><strong>Alsok\u00ae<\/strong> est une gamme d\u00e9velopp\u00e9e sp\u00e9cifiquement pour les applications pharmaceutiques.<\/p>\n<p>Nous avons aussi d\u00e9velopp\u00e9 <strong>PGG<\/strong>, un mono-composant obtenu \u00e0 partir d\u2019une matrice d\u2019acides tanniques affichant une puret\u00e9 de plus de 95\u00a0%. PGG est une excellente alternative aux acides tanniques commerciaux gr\u00e2ce \u00e0 des propri\u00e9t\u00e9s physico-chimiques similaires, mais sans composition mal d\u00e9finie.<\/p>\n<p>Les d\u00e9clarations sur ce site n\u2019ont pas \u00e9t\u00e9 \u00e9valu\u00e9es par la FDA. Ces produits ne sont pas destin\u00e9s \u00e0 diagnostiquer, pr\u00e9venir, traiter ou gu\u00e9rir une quelconque maladie.<\/p>\n<p>[\/et_pb_text][et_pb_text module_class=\u00a0\u00bbjs-fade-in\u00a0\u00bb _builder_version=\u00a0\u00bb4.24.0&Prime; _module_preset=\u00a0\u00bbb9431c7e-1947-490e-a79e-afbfd94d4ff6&Prime; link_text_color=\u00a0\u00bb#7CBA38&Prime; max_width=\u00a0\u00bb100%\u00a0\u00bb max_width_tablet=\u00a0\u00bb100%\u00a0\u00bb max_width_phone=\u00a0\u00bb100%\u00a0\u00bb max_width_last_edited=\u00a0\u00bbon|desktop\u00a0\u00bb custom_margin=\u00a0\u00bb||1.5rem||false|false\u00a0\u00bb locked=\u00a0\u00bboff\u00a0\u00bb global_colors_info=\u00a0\u00bb{}\u00a0\u00bb]<\/p>\n<p>N\u2019h\u00e9sitez pas \u00e0 nous contacter via notre formulaire de contact pour plus d\u2019informations.<\/p>\n<p>[\/et_pb_text][et_pb_button button_url=\u00a0\u00bb@ET-DC@eyJkeW5hbWljIjp0cnVlLCJjb250ZW50IjoicG9zdF9saW5rX3VybF9wYWdlIiwic2V0dGluZ3MiOnsicG9zdF9pZCI6IjIzIn19@\u00a0\u00bb button_text=\u00a0\u00bbContact form\u00a0\u00bb _builder_version=\u00a0\u00bb4.24.0&Prime; _dynamic_attributes=\u00a0\u00bbbutton_url\u00a0\u00bb _module_preset=\u00a0\u00bb1ea8a6b8-c4e2-4823-80fe-549bd98da130&Prime; button_text_color=\u00a0\u00bb#FFFFFF\u00a0\u00bb button_bg_color=\u00a0\u00bb#7CBA38&Prime; button_border_color=\u00a0\u00bb#7CBA38&Prime; global_colors_info=\u00a0\u00bb{}\u00a0\u00bb button_bg_color__hover_enabled=\u00a0\u00bbon|hover\u00a0\u00bb button_bg_color__hover=\u00a0\u00bb#5b9f10&Prime; button_bg_enable_color__hover=\u00a0\u00bbon\u00a0\u00bb button_border_color__hover_enabled=\u00a0\u00bbon|hover\u00a0\u00bb button_border_color__hover=\u00a0\u00bb#5b9f10&Prime;][\/et_pb_button][\/et_pb_column][\/et_pb_row][\/et_pb_section]<\/p>\n","protected":false},"excerpt":{"rendered":"<p>Nutraceutique et pharmaceutiqueASSO a mis au point une gamme d\u2019extraits de p\u00e9pins de raisins adapt\u00e9s \u00e0 tous les budgets et applications. OmniVin\u00ae 20R\u00a0peut \u00eatre utilis\u00e9 comme puissant capteur polyph\u00e9nolique de radicaux seul ou en combinaison avec des antioxydants, p. ex. vitamine C ou E. L\u2019utilisation d\u2019OmniVin\u00ae 10R\u00a0ou\u00a0d\u2019OmniVin\u00ae R\u00a0est recommand\u00e9e dans les formulations moins co\u00fbteuses. OmniVin\u00ae [&hellip;]<\/p>\n","protected":false},"author":1,"featured_media":0,"parent":3640,"menu_order":0,"comment_status":"closed","ping_status":"closed","template":"","meta":{"_acf_changed":false,"_et_pb_use_builder":"on","_et_pb_old_content":"","_et_gb_content_width":"","inline_featured_image":false,"footnotes":""},"dipi_cpt_category":[],"class_list":["post-3676","page","type-page","status-publish","hentry"],"acf":[],"yoast_head":"<!-- This site is optimized with the Yoast SEO Premium plugin v27.2 (Yoast SEO v27.5) - https:\/\/yoast.com\/product\/yoast-seo-premium-wordpress\/ -->\n<title>Nutraceutique et pharmaceutique - Green Chemistry \u2013 Fine Chemicals<\/title>\n<meta name=\"robots\" content=\"index, follow, max-snippet:-1, max-image-preview:large, max-video-preview:-1\" \/>\n<link rel=\"canonical\" href=\"https:\/\/www.ajisustainablesolutions.com\/fr\/nos-marches\/nutraceutique-et-pharmaceutique\/\" \/>\n<meta property=\"og:locale\" content=\"fr_FR\" \/>\n<meta property=\"og:type\" content=\"article\" \/>\n<meta property=\"og:title\" content=\"Nutraceutique et pharmaceutique\" \/>\n<meta property=\"og:description\" content=\"Nutraceutique et pharmaceutiqueASSO a mis au point une gamme d\u2019extraits de p\u00e9pins de raisins adapt\u00e9s \u00e0 tous les budgets et applications. OmniVin\u00ae 20R\u00a0peut \u00eatre utilis\u00e9 comme puissant capteur polyph\u00e9nolique de radicaux seul ou en combinaison avec des antioxydants, p. ex. vitamine C ou E. L\u2019utilisation d\u2019OmniVin\u00ae 10R\u00a0ou\u00a0d\u2019OmniVin\u00ae R\u00a0est recommand\u00e9e dans les formulations moins co\u00fbteuses. OmniVin\u00ae [&hellip;]\" \/>\n<meta property=\"og:site_name\" content=\"Green Chemistry \u2013 Fine Chemicals\" \/>\n<meta property=\"article:modified_time\" content=\"2025-03-28T11:43:23+00:00\" \/>\n<meta name=\"twitter:card\" content=\"summary_large_image\" \/>\n<meta name=\"twitter:label1\" content=\"Dur\u00e9e de lecture estim\u00e9e\" \/>\n\t<meta name=\"twitter:data1\" content=\"4 minutes\" \/>\n<script type=\"application\/ld+json\" class=\"yoast-schema-graph\">{\"@context\":\"https:\\\/\\\/schema.org\",\"@graph\":[{\"@type\":\"WebPage\",\"@id\":\"https:\\\/\\\/www.ajisustainablesolutions.com\\\/fr\\\/nos-marches\\\/nutraceutique-et-pharmaceutique\\\/\",\"url\":\"https:\\\/\\\/www.ajisustainablesolutions.com\\\/fr\\\/nos-marches\\\/nutraceutique-et-pharmaceutique\\\/\",\"name\":\"Nutraceutique et pharmaceutique - Green Chemistry \u2013 Fine Chemicals\",\"isPartOf\":{\"@id\":\"https:\\\/\\\/www.ajisustainablesolutions.com\\\/fr\\\/#website\"},\"datePublished\":\"2025-03-10T12:31:48+00:00\",\"dateModified\":\"2025-03-28T11:43:23+00:00\",\"breadcrumb\":{\"@id\":\"https:\\\/\\\/www.ajisustainablesolutions.com\\\/fr\\\/nos-marches\\\/nutraceutique-et-pharmaceutique\\\/#breadcrumb\"},\"inLanguage\":\"fr-FR\",\"potentialAction\":[{\"@type\":\"ReadAction\",\"target\":[\"https:\\\/\\\/www.ajisustainablesolutions.com\\\/fr\\\/nos-marches\\\/nutraceutique-et-pharmaceutique\\\/\"]}]},{\"@type\":\"BreadcrumbList\",\"@id\":\"https:\\\/\\\/www.ajisustainablesolutions.com\\\/fr\\\/nos-marches\\\/nutraceutique-et-pharmaceutique\\\/#breadcrumb\",\"itemListElement\":[{\"@type\":\"ListItem\",\"position\":1,\"name\":\"Home\",\"item\":\"https:\\\/\\\/www.ajisustainablesolutions.com\\\/fr\\\/\"},{\"@type\":\"ListItem\",\"position\":2,\"name\":\"Nos march\u00e9s\",\"item\":\"https:\\\/\\\/www.ajisustainablesolutions.com\\\/fr\\\/nos-marches\\\/\"},{\"@type\":\"ListItem\",\"position\":3,\"name\":\"Nutraceutique et pharmaceutique\"}]},{\"@type\":\"WebSite\",\"@id\":\"https:\\\/\\\/www.ajisustainablesolutions.com\\\/fr\\\/#website\",\"url\":\"https:\\\/\\\/www.ajisustainablesolutions.com\\\/fr\\\/\",\"name\":\"Green Chemistry \u2013 Fine Chemicals\",\"description\":\"\",\"publisher\":{\"@id\":\"https:\\\/\\\/www.ajisustainablesolutions.com\\\/fr\\\/#organization\"},\"potentialAction\":[{\"@type\":\"SearchAction\",\"target\":{\"@type\":\"EntryPoint\",\"urlTemplate\":\"https:\\\/\\\/www.ajisustainablesolutions.com\\\/fr\\\/?s={search_term_string}\"},\"query-input\":{\"@type\":\"PropertyValueSpecification\",\"valueRequired\":true,\"valueName\":\"search_term_string\"}}],\"inLanguage\":\"fr-FR\"},{\"@type\":\"Organization\",\"@id\":\"https:\\\/\\\/www.ajisustainablesolutions.com\\\/fr\\\/#organization\",\"name\":\"Ajinomoto\",\"url\":\"https:\\\/\\\/www.ajisustainablesolutions.com\\\/fr\\\/\",\"logo\":{\"@type\":\"ImageObject\",\"inLanguage\":\"fr-FR\",\"@id\":\"https:\\\/\\\/www.ajisustainablesolutions.com\\\/fr\\\/#\\\/schema\\\/logo\\\/image\\\/\",\"url\":\"https:\\\/\\\/www.ajisustainablesolutions.com\\\/wp-content\\\/uploads\\\/2024\\\/06\\\/Homepage-last-section-4.jpg\",\"contentUrl\":\"https:\\\/\\\/www.ajisustainablesolutions.com\\\/wp-content\\\/uploads\\\/2024\\\/06\\\/Homepage-last-section-4.jpg\",\"width\":1100,\"height\":752,\"caption\":\"Ajinomoto\"},\"image\":{\"@id\":\"https:\\\/\\\/www.ajisustainablesolutions.com\\\/fr\\\/#\\\/schema\\\/logo\\\/image\\\/\"}}]}<\/script>\n<!-- \/ Yoast SEO Premium plugin. -->","yoast_head_json":{"title":"Nutraceutique et pharmaceutique - Green Chemistry \u2013 Fine Chemicals","robots":{"index":"index","follow":"follow","max-snippet":"max-snippet:-1","max-image-preview":"max-image-preview:large","max-video-preview":"max-video-preview:-1"},"canonical":"https:\/\/www.ajisustainablesolutions.com\/fr\/nos-marches\/nutraceutique-et-pharmaceutique\/","og_locale":"fr_FR","og_type":"article","og_title":"Nutraceutique et pharmaceutique","og_description":"Nutraceutique et pharmaceutiqueASSO a mis au point une gamme d\u2019extraits de p\u00e9pins de raisins adapt\u00e9s \u00e0 tous les budgets et applications. OmniVin\u00ae 20R\u00a0peut \u00eatre utilis\u00e9 comme puissant capteur polyph\u00e9nolique de radicaux seul ou en combinaison avec des antioxydants, p. ex. vitamine C ou E. L\u2019utilisation d\u2019OmniVin\u00ae 10R\u00a0ou\u00a0d\u2019OmniVin\u00ae R\u00a0est recommand\u00e9e dans les formulations moins co\u00fbteuses. OmniVin\u00ae [&hellip;]","og_site_name":"Green Chemistry \u2013 Fine Chemicals","article_modified_time":"2025-03-28T11:43:23+00:00","twitter_card":"summary_large_image","twitter_misc":{"Dur\u00e9e de lecture estim\u00e9e":"4 minutes"},"schema":{"@context":"https:\/\/schema.org","@graph":[{"@type":"WebPage","@id":"https:\/\/www.ajisustainablesolutions.com\/fr\/nos-marches\/nutraceutique-et-pharmaceutique\/","url":"https:\/\/www.ajisustainablesolutions.com\/fr\/nos-marches\/nutraceutique-et-pharmaceutique\/","name":"Nutraceutique et pharmaceutique - Green Chemistry \u2013 Fine Chemicals","isPartOf":{"@id":"https:\/\/www.ajisustainablesolutions.com\/fr\/#website"},"datePublished":"2025-03-10T12:31:48+00:00","dateModified":"2025-03-28T11:43:23+00:00","breadcrumb":{"@id":"https:\/\/www.ajisustainablesolutions.com\/fr\/nos-marches\/nutraceutique-et-pharmaceutique\/#breadcrumb"},"inLanguage":"fr-FR","potentialAction":[{"@type":"ReadAction","target":["https:\/\/www.ajisustainablesolutions.com\/fr\/nos-marches\/nutraceutique-et-pharmaceutique\/"]}]},{"@type":"BreadcrumbList","@id":"https:\/\/www.ajisustainablesolutions.com\/fr\/nos-marches\/nutraceutique-et-pharmaceutique\/#breadcrumb","itemListElement":[{"@type":"ListItem","position":1,"name":"Home","item":"https:\/\/www.ajisustainablesolutions.com\/fr\/"},{"@type":"ListItem","position":2,"name":"Nos march\u00e9s","item":"https:\/\/www.ajisustainablesolutions.com\/fr\/nos-marches\/"},{"@type":"ListItem","position":3,"name":"Nutraceutique et pharmaceutique"}]},{"@type":"WebSite","@id":"https:\/\/www.ajisustainablesolutions.com\/fr\/#website","url":"https:\/\/www.ajisustainablesolutions.com\/fr\/","name":"Green Chemistry \u2013 Fine Chemicals","description":"","publisher":{"@id":"https:\/\/www.ajisustainablesolutions.com\/fr\/#organization"},"potentialAction":[{"@type":"SearchAction","target":{"@type":"EntryPoint","urlTemplate":"https:\/\/www.ajisustainablesolutions.com\/fr\/?s={search_term_string}"},"query-input":{"@type":"PropertyValueSpecification","valueRequired":true,"valueName":"search_term_string"}}],"inLanguage":"fr-FR"},{"@type":"Organization","@id":"https:\/\/www.ajisustainablesolutions.com\/fr\/#organization","name":"Ajinomoto","url":"https:\/\/www.ajisustainablesolutions.com\/fr\/","logo":{"@type":"ImageObject","inLanguage":"fr-FR","@id":"https:\/\/www.ajisustainablesolutions.com\/fr\/#\/schema\/logo\/image\/","url":"https:\/\/www.ajisustainablesolutions.com\/wp-content\/uploads\/2024\/06\/Homepage-last-section-4.jpg","contentUrl":"https:\/\/www.ajisustainablesolutions.com\/wp-content\/uploads\/2024\/06\/Homepage-last-section-4.jpg","width":1100,"height":752,"caption":"Ajinomoto"},"image":{"@id":"https:\/\/www.ajisustainablesolutions.com\/fr\/#\/schema\/logo\/image\/"}}]}},"_links":{"self":[{"href":"https:\/\/www.ajisustainablesolutions.com\/fr\/wp-json\/wp\/v2\/pages\/3676","targetHints":{"allow":["GET"]}}],"collection":[{"href":"https:\/\/www.ajisustainablesolutions.com\/fr\/wp-json\/wp\/v2\/pages"}],"about":[{"href":"https:\/\/www.ajisustainablesolutions.com\/fr\/wp-json\/wp\/v2\/types\/page"}],"author":[{"embeddable":true,"href":"https:\/\/www.ajisustainablesolutions.com\/fr\/wp-json\/wp\/v2\/users\/1"}],"replies":[{"embeddable":true,"href":"https:\/\/www.ajisustainablesolutions.com\/fr\/wp-json\/wp\/v2\/comments?post=3676"}],"version-history":[{"count":7,"href":"https:\/\/www.ajisustainablesolutions.com\/fr\/wp-json\/wp\/v2\/pages\/3676\/revisions"}],"predecessor-version":[{"id":4015,"href":"https:\/\/www.ajisustainablesolutions.com\/fr\/wp-json\/wp\/v2\/pages\/3676\/revisions\/4015"}],"up":[{"embeddable":true,"href":"https:\/\/www.ajisustainablesolutions.com\/fr\/wp-json\/wp\/v2\/pages\/3640"}],"wp:attachment":[{"href":"https:\/\/www.ajisustainablesolutions.com\/fr\/wp-json\/wp\/v2\/media?parent=3676"}],"wp:term":[{"taxonomy":"dipi_cpt_category","embeddable":true,"href":"https:\/\/www.ajisustainablesolutions.com\/fr\/wp-json\/wp\/v2\/dipi_cpt_category?post=3676"}],"curies":[{"name":"wp","href":"https:\/\/api.w.org\/{rel}","templated":true}]}}