{"id":3658,"date":"2025-03-10T12:01:02","date_gmt":"2025-03-10T12:01:02","guid":{"rendered":"https:\/\/www.ajisustainablesolutions.com\/nos-marches\/beverage-flavour\/"},"modified":"2025-12-23T13:56:17","modified_gmt":"2025-12-23T13:56:17","slug":"boissons-et-aromes","status":"publish","type":"page","link":"https:\/\/www.ajisustainablesolutions.com\/fr\/nos-marches\/boissons-et-aromes\/","title":{"rendered":"Boissons et ar\u00f4mes"},"content":{"rendered":"<p>[et_pb_section fb_built=\u00a0\u00bb1&Prime; custom_padding_last_edited=\u00a0\u00bbon|tablet\u00a0\u00bb admin_label=\u00a0\u00bbIntro\u00a0\u00bb module_class=\u00a0\u00bbarc-bottom-white\u00a0\u00bb _builder_version=\u00a0\u00bb4.24.0&Prime; _module_preset=\u00a0\u00bbdefault\u00a0\u00bb background_enable_image=\u00a0\u00bboff\u00a0\u00bb height=\u00a0\u00bb100vh\u00a0\u00bb max_height=\u00a0\u00bb800px\u00a0\u00bb custom_padding_tablet=\u00a0\u00bb4rem||0px||false|false\u00a0\u00bb custom_padding_phone=\u00a0\u00bb4rem||0px||false|false\u00a0\u00bb bottom_divider_color=\u00a0\u00bb#FFFFFF\u00a0\u00bb custom_css_main_element=\u00a0\u00bbdisplay: flex;||flex-direction: column;\u00a0\u00bb locked=\u00a0\u00bboff\u00a0\u00bb global_colors_info=\u00a0\u00bb{}\u00a0\u00bb][et_pb_row custom_padding_last_edited=\u00a0\u00bbon|phone\u00a0\u00bb admin_label=\u00a0\u00bbtexte\u00a0\u00bb module_class=\u00a0\u00bbuw-row\u00a0\u00bb _builder_version=\u00a0\u00bb4.24.0&Prime; _module_preset=\u00a0\u00bbdefault\u00a0\u00bb z_index=\u00a0\u00bb4&Prime; width=\u00a0\u00bb100%\u00a0\u00bb max_width=\u00a0\u00bb1200px\u00a0\u00bb custom_padding=\u00a0\u00bb|30px||30px|false|true\u00a0\u00bb custom_padding_tablet=\u00a0\u00bb|30px||30px|false|true\u00a0\u00bb custom_padding_phone=\u00a0\u00bb|20px||20px|false|true\u00a0\u00bb custom_css_main_element=\u00a0\u00bbdisplay: flex;||justify-content: flex-start;\u00a0\u00bb global_colors_info=\u00a0\u00bb{}\u00a0\u00bb][et_pb_column type=\u00a0\u00bb4_4&Prime; _builder_version=\u00a0\u00bb4.24.0&Prime; _module_preset=\u00a0\u00bbdefault\u00a0\u00bb background_color=\u00a0\u00bbrgba(255,255,255,0.8)\u00a0\u00bb custom_padding=\u00a0\u00bb40px|40px|40px|40px|true|true\u00a0\u00bb custom_padding_tablet=\u00a0\u00bb40px|40px|40px|40px|true|true\u00a0\u00bb custom_padding_phone=\u00a0\u00bb20px|20px|20px|20px|true|true\u00a0\u00bb custom_padding_last_edited=\u00a0\u00bbon|phone\u00a0\u00bb custom_css_main_element=\u00a0\u00bbwidth: auto!important;||max-width: 680px;||backdrop-filter: blur(10px);\u00a0\u00bb global_colors_info=\u00a0\u00bb{}\u00a0\u00bb][et_pb_text module_class=\u00a0\u00bbjs-fade-in\u00a0\u00bb _builder_version=\u00a0\u00bb4.24.0&Prime; _module_preset=\u00a0\u00bbd5bb82bb-ca7f-41b5-a941-8d749cf329fe\u00a0\u00bb custom_margin_tablet=\u00a0\u00bb||0.5rem||false|false\u00a0\u00bb custom_margin_phone=\u00a0\u00bb||0rem||false|false\u00a0\u00bb custom_margin_last_edited=\u00a0\u00bbon|tablet\u00a0\u00bb global_colors_info=\u00a0\u00bb{}\u00a0\u00bb]<\/p>\n<h1>Boissons et ar\u00f4mes<\/h1>\n<p>[\/et_pb_text][\/et_pb_column][\/et_pb_row][et_pb_row admin_label=\u00a0\u00bbbackground\u00a0\u00bb module_class=\u00a0\u00bbukiyo\u00a0\u00bb _builder_version=\u00a0\u00bb4.24.0&Prime; _module_preset=\u00a0\u00bbdefault\u00a0\u00bb background_image=\u00a0\u00bbhttps:\/\/www.ajisustainablesolutions.com\/wp-content\/uploads\/2025\/03\/ASSO-our-markets-beverage-flavour-header-image-scaled.jpeg\u00a0\u00bb background_position=\u00a0\u00bbtop_center\u00a0\u00bb positioning=\u00a0\u00bbabsolute\u00a0\u00bb width=\u00a0\u00bb100%\u00a0\u00bb max_width=\u00a0\u00bb100%\u00a0\u00bb height=\u00a0\u00bb100%\u00a0\u00bb custom_padding=\u00a0\u00bb0px|0px|0px|0px|false|false\u00a0\u00bb hover_enabled=\u00a0\u00bb0&Prime; global_colors_info=\u00a0\u00bb{}\u00a0\u00bb title_text=\u00a0\u00bbRow of colorful plastic water bottles with ice and fruit slices on a white background\u00a0\u00bb sticky_enabled=\u00a0\u00bb0&Prime;][et_pb_column type=\u00a0\u00bb4_4&Prime; _builder_version=\u00a0\u00bb4.24.0&Prime; _module_preset=\u00a0\u00bbdefault\u00a0\u00bb global_colors_info=\u00a0\u00bb{}\u00a0\u00bb][\/et_pb_column][\/et_pb_row][\/et_pb_section][et_pb_section fb_built=\u00a0\u00bb1&Prime; custom_padding_last_edited=\u00a0\u00bbon|tablet\u00a0\u00bb module_class=\u00a0\u00bbdecor-orbit-right decor-orbit__yellow\u00a0\u00bb _builder_version=\u00a0\u00bb4.24.0&Prime; _module_preset=\u00a0\u00bbdefault\u00a0\u00bb custom_padding=\u00a0\u00bb4rem||6rem||false|false\u00a0\u00bb custom_padding_tablet=\u00a0\u00bb2rem||4rem||false|false\u00a0\u00bb custom_padding_phone=\u00a0\u00bb1rem||1rem||false|false\u00a0\u00bb locked=\u00a0\u00bboff\u00a0\u00bb global_colors_info=\u00a0\u00bb{}\u00a0\u00bb][et_pb_row column_structure=\u00a0\u00bb1_2,1_2&Prime; custom_padding_last_edited=\u00a0\u00bbon|phone\u00a0\u00bb module_class=\u00a0\u00bbuw-row\u00a0\u00bb _builder_version=\u00a0\u00bb4.24.0&Prime; _module_preset=\u00a0\u00bbdefault\u00a0\u00bb width=\u00a0\u00bb100%\u00a0\u00bb max_width=\u00a0\u00bb1200px\u00a0\u00bb custom_padding=\u00a0\u00bb|30px||30px|false|true\u00a0\u00bb custom_padding_tablet=\u00a0\u00bb|30px||30px|false|true\u00a0\u00bb custom_padding_phone=\u00a0\u00bb|20px||20px|false|true\u00a0\u00bb custom_css_main_element=\u00a0\u00bbdisplay: flex;||align-items: center;\u00a0\u00bb global_colors_info=\u00a0\u00bb{}\u00a0\u00bb custom_css_main_element_last_edited=\u00a0\u00bbon|tablet\u00a0\u00bb custom_css_main_element_tablet=\u00a0\u00bbdisplay: flex;||flex-direction: column;\u00a0\u00bb custom_css_main_element_phone=\u00a0\u00bbdisplay: flex;||flex-direction: column;\u00a0\u00bb][et_pb_column type=\u00a0\u00bb1_2&Prime; _builder_version=\u00a0\u00bb4.24.0&Prime; _module_preset=\u00a0\u00bbdefault\u00a0\u00bb global_colors_info=\u00a0\u00bb{}\u00a0\u00bb custom_css_main_element_last_edited=\u00a0\u00bbon|tablet\u00a0\u00bb custom_css_main_element_tablet=\u00a0\u00bborder: 2;||margin-bottom: 0!important;\u00a0\u00bb custom_css_main_element_phone=\u00a0\u00bborder: 2;||margin-bottom: 0!important;\u00a0\u00bb][et_pb_text module_class=\u00a0\u00bbjs-fade-in\u00a0\u00bb _builder_version=\u00a0\u00bb4.24.0&Prime; _module_preset=\u00a0\u00bbb9431c7e-1947-490e-a79e-afbfd94d4ff6&Prime; link_text_color=\u00a0\u00bb#7CBA38&Prime; max_width=\u00a0\u00bb100%\u00a0\u00bb max_width_tablet=\u00a0\u00bb100%\u00a0\u00bb max_width_phone=\u00a0\u00bb100%\u00a0\u00bb max_width_last_edited=\u00a0\u00bbon|desktop\u00a0\u00bb global_colors_info=\u00a0\u00bb{}\u00a0\u00bb]<\/p>\n<p>Ce graphique pr\u00e9sente les quatre propri\u00e9t\u00e9s principales des acides tanniques dans l\u2019industrie des boissons.<\/p>\n<p>\u00c9limination des radicaux\u00a0: allongement de la dur\u00e9e de conservation et am\u00e9lioration de la couleur et du go\u00fbt.<\/p>\n<p>Liaison prot\u00e9ique\u00a0: les acides tanniques sont d\u2019excellents liants prot\u00e9iques, et \u00e9liminent les prot\u00e9ines ind\u00e9sirables.<\/p>\n<p>Go\u00fbt et texture en bouche : les gallotanins sont utilis\u00e9s pour compenser les variations de go\u00fbt, provoquant s\u00e9cheresse et astringence, mais agissent \u00e9galement comme un agent masquant pour les \u00e9dulcorants tr\u00e8s puissants.Complexation des m\u00e9taux\u00a0: les acides tanniques sont de puissants agents ch\u00e9lateurs m\u00e9talliques naturels qui pr\u00e9viennent les r\u00e9actions oxydatives li\u00e9es aux ions m\u00e9talliques libres.\u00a0<\/p>\n<p>[\/et_pb_text][et_pb_text module_class=\u00a0\u00bbjs-fade-in\u00a0\u00bb _builder_version=\u00a0\u00bb4.24.0&Prime; _module_preset=\u00a0\u00bbb9431c7e-1947-490e-a79e-afbfd94d4ff6&Prime; link_text_color=\u00a0\u00bb#7CBA38&Prime; max_width=\u00a0\u00bb100%\u00a0\u00bb max_width_tablet=\u00a0\u00bb100%\u00a0\u00bb max_width_phone=\u00a0\u00bb100%\u00a0\u00bb max_width_last_edited=\u00a0\u00bbon|desktop\u00a0\u00bb custom_margin=\u00a0\u00bb||1.5rem||false|false\u00a0\u00bb locked=\u00a0\u00bboff\u00a0\u00bb global_colors_info=\u00a0\u00bb{}\u00a0\u00bb]<\/p>\n<p>N\u2019h\u00e9sitez pas \u00e0 nous contacter via notre formulaire de contact pour plus d\u2019informations.<\/p>\n<p>[\/et_pb_text][et_pb_button button_url=\u00a0\u00bb@ET-DC@eyJkeW5hbWljIjp0cnVlLCJjb250ZW50IjoicG9zdF9saW5rX3VybF9wYWdlIiwic2V0dGluZ3MiOnsicG9zdF9pZCI6IjIzIn19@\u00a0\u00bb button_text=\u00a0\u00bbContact form\u00a0\u00bb _builder_version=\u00a0\u00bb4.24.0&Prime; _dynamic_attributes=\u00a0\u00bbbutton_url\u00a0\u00bb _module_preset=\u00a0\u00bb1ea8a6b8-c4e2-4823-80fe-549bd98da130&Prime; button_text_color=\u00a0\u00bb#FFFFFF\u00a0\u00bb button_bg_color=\u00a0\u00bb#7CBA38&Prime; button_border_color=\u00a0\u00bb#7CBA38&Prime; global_colors_info=\u00a0\u00bb{}\u00a0\u00bb button_bg_color__hover_enabled=\u00a0\u00bbon|hover\u00a0\u00bb button_bg_color__hover=\u00a0\u00bb#5b9f10&Prime; button_bg_enable_color__hover=\u00a0\u00bbon\u00a0\u00bb button_border_color__hover_enabled=\u00a0\u00bbon|hover\u00a0\u00bb button_border_color__hover=\u00a0\u00bb#5b9f10&Prime;][\/et_pb_button][\/et_pb_column][et_pb_column type=\u00a0\u00bb1_2&Prime; _builder_version=\u00a0\u00bb4.24.0&Prime; _module_preset=\u00a0\u00bbdefault\u00a0\u00bb global_colors_info=\u00a0\u00bb{}\u00a0\u00bb custom_css_main_element_last_edited=\u00a0\u00bbon|tablet\u00a0\u00bb custom_css_main_element_tablet=\u00a0\u00bborder: 1;\u00a0\u00bb custom_css_main_element_phone=\u00a0\u00bborder: 1;\u00a0\u00bb][et_pb_image src=\u00a0\u00bbhttps:\/\/www.ajisustainablesolutions.com\/wp-content\/uploads\/2025\/03\/FoodFlavour-03.png\u00a0\u00bb align_tablet=\u00a0\u00bbcenter\u00a0\u00bb align_phone=\u00a0\u00bbcenter\u00a0\u00bb align_last_edited=\u00a0\u00bbon|tablet\u00a0\u00bb _builder_version=\u00a0\u00bb4.24.0&Prime; _module_preset=\u00a0\u00bbdefault\u00a0\u00bb max_width_tablet=\u00a0\u00bb500px\u00a0\u00bb max_width_phone=\u00a0\u00bb500px\u00a0\u00bb max_width_last_edited=\u00a0\u00bbon|tablet\u00a0\u00bb custom_margin_tablet=\u00a0\u00bb||2rem||false|false\u00a0\u00bb custom_margin_phone=\u00a0\u00bb||2rem||false|false\u00a0\u00bb custom_margin_last_edited=\u00a0\u00bbon|tablet\u00a0\u00bb animation_style=\u00a0\u00bbroll\u00a0\u00bb module_alignment_tablet=\u00a0\u00bbcenter\u00a0\u00bb module_alignment_phone=\u00a0\u00bbcenter\u00a0\u00bb module_alignment_last_edited=\u00a0\u00bbon|tablet\u00a0\u00bb global_colors_info=\u00a0\u00bb{}\u00a0\u00bb][\/et_pb_image][\/et_pb_column][\/et_pb_row][\/et_pb_section]<\/p>\n","protected":false},"excerpt":{"rendered":"<p>Boissons et ar\u00f4mesCe graphique pr\u00e9sente les quatre propri\u00e9t\u00e9s principales des acides tanniques dans l\u2019industrie des boissons. \u00c9limination des radicaux\u00a0: allongement de la dur\u00e9e de conservation et am\u00e9lioration de la couleur et du go\u00fbt. Liaison prot\u00e9ique\u00a0: les acides tanniques sont d\u2019excellents liants prot\u00e9iques, et \u00e9liminent les prot\u00e9ines ind\u00e9sirables. Go\u00fbt et texture en bouche : les gallotanins [&hellip;]<\/p>\n","protected":false},"author":1,"featured_media":0,"parent":3640,"menu_order":0,"comment_status":"closed","ping_status":"closed","template":"","meta":{"_acf_changed":false,"_et_pb_use_builder":"on","_et_pb_old_content":"","_et_gb_content_width":"","inline_featured_image":false,"footnotes":""},"dipi_cpt_category":[],"class_list":["post-3658","page","type-page","status-publish","hentry"],"acf":[],"yoast_head":"<!-- This site is optimized with the Yoast SEO Premium plugin v27.2 (Yoast SEO v27.5) - https:\/\/yoast.com\/product\/yoast-seo-premium-wordpress\/ -->\n<title>Boissons et ar\u00f4mes - Green Chemistry \u2013 Fine Chemicals<\/title>\n<meta name=\"description\" content=\"Ajinomoto d\u00e9veloppe des ar\u00f4mes et solutions pour boissons qui associent go\u00fbt, innovation et durabilit\u00e9 afin de r\u00e9pondre aux besoins du march\u00e9 moderne.\" \/>\n<meta name=\"robots\" content=\"index, follow, max-snippet:-1, max-image-preview:large, max-video-preview:-1\" \/>\n<link rel=\"canonical\" href=\"https:\/\/www.ajisustainablesolutions.com\/fr\/nos-marches\/boissons-et-aromes\/\" \/>\n<meta property=\"og:locale\" content=\"fr_FR\" \/>\n<meta property=\"og:type\" content=\"article\" \/>\n<meta property=\"og:title\" content=\"Boissons et ar\u00f4mes\" \/>\n<meta property=\"og:description\" content=\"Ajinomoto d\u00e9veloppe des ar\u00f4mes et solutions pour boissons qui associent go\u00fbt, innovation et durabilit\u00e9 afin de r\u00e9pondre aux besoins du march\u00e9 moderne.\" \/>\n<meta property=\"og:site_name\" content=\"Green Chemistry \u2013 Fine Chemicals\" \/>\n<meta property=\"article:modified_time\" content=\"2025-12-23T13:56:17+00:00\" \/>\n<meta name=\"twitter:card\" content=\"summary_large_image\" \/>\n<meta name=\"twitter:label1\" content=\"Dur\u00e9e de lecture estim\u00e9e\" \/>\n\t<meta name=\"twitter:data1\" content=\"1 minute\" \/>\n<script type=\"application\/ld+json\" class=\"yoast-schema-graph\">{\"@context\":\"https:\\\/\\\/schema.org\",\"@graph\":[{\"@type\":\"WebPage\",\"@id\":\"https:\\\/\\\/www.ajisustainablesolutions.com\\\/fr\\\/nos-marches\\\/boissons-et-aromes\\\/\",\"url\":\"https:\\\/\\\/www.ajisustainablesolutions.com\\\/fr\\\/nos-marches\\\/boissons-et-aromes\\\/\",\"name\":\"Boissons et ar\u00f4mes - Green Chemistry \u2013 Fine Chemicals\",\"isPartOf\":{\"@id\":\"https:\\\/\\\/www.ajisustainablesolutions.com\\\/fr\\\/#website\"},\"datePublished\":\"2025-03-10T12:01:02+00:00\",\"dateModified\":\"2025-12-23T13:56:17+00:00\",\"description\":\"Ajinomoto d\u00e9veloppe des ar\u00f4mes et solutions pour boissons qui associent go\u00fbt, innovation et durabilit\u00e9 afin de r\u00e9pondre aux besoins du march\u00e9 moderne.\",\"breadcrumb\":{\"@id\":\"https:\\\/\\\/www.ajisustainablesolutions.com\\\/fr\\\/nos-marches\\\/boissons-et-aromes\\\/#breadcrumb\"},\"inLanguage\":\"fr-FR\",\"potentialAction\":[{\"@type\":\"ReadAction\",\"target\":[\"https:\\\/\\\/www.ajisustainablesolutions.com\\\/fr\\\/nos-marches\\\/boissons-et-aromes\\\/\"]}]},{\"@type\":\"BreadcrumbList\",\"@id\":\"https:\\\/\\\/www.ajisustainablesolutions.com\\\/fr\\\/nos-marches\\\/boissons-et-aromes\\\/#breadcrumb\",\"itemListElement\":[{\"@type\":\"ListItem\",\"position\":1,\"name\":\"Home\",\"item\":\"https:\\\/\\\/www.ajisustainablesolutions.com\\\/fr\\\/\"},{\"@type\":\"ListItem\",\"position\":2,\"name\":\"Nos march\u00e9s\",\"item\":\"https:\\\/\\\/www.ajisustainablesolutions.com\\\/fr\\\/nos-marches\\\/\"},{\"@type\":\"ListItem\",\"position\":3,\"name\":\"Boissons et ar\u00f4mes\"}]},{\"@type\":\"WebSite\",\"@id\":\"https:\\\/\\\/www.ajisustainablesolutions.com\\\/fr\\\/#website\",\"url\":\"https:\\\/\\\/www.ajisustainablesolutions.com\\\/fr\\\/\",\"name\":\"Green Chemistry \u2013 Fine Chemicals\",\"description\":\"\",\"publisher\":{\"@id\":\"https:\\\/\\\/www.ajisustainablesolutions.com\\\/fr\\\/#organization\"},\"potentialAction\":[{\"@type\":\"SearchAction\",\"target\":{\"@type\":\"EntryPoint\",\"urlTemplate\":\"https:\\\/\\\/www.ajisustainablesolutions.com\\\/fr\\\/?s={search_term_string}\"},\"query-input\":{\"@type\":\"PropertyValueSpecification\",\"valueRequired\":true,\"valueName\":\"search_term_string\"}}],\"inLanguage\":\"fr-FR\"},{\"@type\":\"Organization\",\"@id\":\"https:\\\/\\\/www.ajisustainablesolutions.com\\\/fr\\\/#organization\",\"name\":\"Ajinomoto\",\"url\":\"https:\\\/\\\/www.ajisustainablesolutions.com\\\/fr\\\/\",\"logo\":{\"@type\":\"ImageObject\",\"inLanguage\":\"fr-FR\",\"@id\":\"https:\\\/\\\/www.ajisustainablesolutions.com\\\/fr\\\/#\\\/schema\\\/logo\\\/image\\\/\",\"url\":\"https:\\\/\\\/www.ajisustainablesolutions.com\\\/wp-content\\\/uploads\\\/2024\\\/06\\\/Homepage-last-section-4.jpg\",\"contentUrl\":\"https:\\\/\\\/www.ajisustainablesolutions.com\\\/wp-content\\\/uploads\\\/2024\\\/06\\\/Homepage-last-section-4.jpg\",\"width\":1100,\"height\":752,\"caption\":\"Ajinomoto\"},\"image\":{\"@id\":\"https:\\\/\\\/www.ajisustainablesolutions.com\\\/fr\\\/#\\\/schema\\\/logo\\\/image\\\/\"}}]}<\/script>\n<!-- \/ Yoast SEO Premium plugin. -->","yoast_head_json":{"title":"Boissons et ar\u00f4mes - Green Chemistry \u2013 Fine Chemicals","description":"Ajinomoto d\u00e9veloppe des ar\u00f4mes et solutions pour boissons qui associent go\u00fbt, innovation et durabilit\u00e9 afin de r\u00e9pondre aux besoins du march\u00e9 moderne.","robots":{"index":"index","follow":"follow","max-snippet":"max-snippet:-1","max-image-preview":"max-image-preview:large","max-video-preview":"max-video-preview:-1"},"canonical":"https:\/\/www.ajisustainablesolutions.com\/fr\/nos-marches\/boissons-et-aromes\/","og_locale":"fr_FR","og_type":"article","og_title":"Boissons et ar\u00f4mes","og_description":"Ajinomoto d\u00e9veloppe des ar\u00f4mes et solutions pour boissons qui associent go\u00fbt, innovation et durabilit\u00e9 afin de r\u00e9pondre aux besoins du march\u00e9 moderne.","og_site_name":"Green Chemistry \u2013 Fine Chemicals","article_modified_time":"2025-12-23T13:56:17+00:00","twitter_card":"summary_large_image","twitter_misc":{"Dur\u00e9e de lecture estim\u00e9e":"1 minute"},"schema":{"@context":"https:\/\/schema.org","@graph":[{"@type":"WebPage","@id":"https:\/\/www.ajisustainablesolutions.com\/fr\/nos-marches\/boissons-et-aromes\/","url":"https:\/\/www.ajisustainablesolutions.com\/fr\/nos-marches\/boissons-et-aromes\/","name":"Boissons et ar\u00f4mes - Green Chemistry \u2013 Fine Chemicals","isPartOf":{"@id":"https:\/\/www.ajisustainablesolutions.com\/fr\/#website"},"datePublished":"2025-03-10T12:01:02+00:00","dateModified":"2025-12-23T13:56:17+00:00","description":"Ajinomoto d\u00e9veloppe des ar\u00f4mes et solutions pour boissons qui associent go\u00fbt, innovation et durabilit\u00e9 afin de r\u00e9pondre aux besoins du march\u00e9 moderne.","breadcrumb":{"@id":"https:\/\/www.ajisustainablesolutions.com\/fr\/nos-marches\/boissons-et-aromes\/#breadcrumb"},"inLanguage":"fr-FR","potentialAction":[{"@type":"ReadAction","target":["https:\/\/www.ajisustainablesolutions.com\/fr\/nos-marches\/boissons-et-aromes\/"]}]},{"@type":"BreadcrumbList","@id":"https:\/\/www.ajisustainablesolutions.com\/fr\/nos-marches\/boissons-et-aromes\/#breadcrumb","itemListElement":[{"@type":"ListItem","position":1,"name":"Home","item":"https:\/\/www.ajisustainablesolutions.com\/fr\/"},{"@type":"ListItem","position":2,"name":"Nos march\u00e9s","item":"https:\/\/www.ajisustainablesolutions.com\/fr\/nos-marches\/"},{"@type":"ListItem","position":3,"name":"Boissons et ar\u00f4mes"}]},{"@type":"WebSite","@id":"https:\/\/www.ajisustainablesolutions.com\/fr\/#website","url":"https:\/\/www.ajisustainablesolutions.com\/fr\/","name":"Green Chemistry \u2013 Fine Chemicals","description":"","publisher":{"@id":"https:\/\/www.ajisustainablesolutions.com\/fr\/#organization"},"potentialAction":[{"@type":"SearchAction","target":{"@type":"EntryPoint","urlTemplate":"https:\/\/www.ajisustainablesolutions.com\/fr\/?s={search_term_string}"},"query-input":{"@type":"PropertyValueSpecification","valueRequired":true,"valueName":"search_term_string"}}],"inLanguage":"fr-FR"},{"@type":"Organization","@id":"https:\/\/www.ajisustainablesolutions.com\/fr\/#organization","name":"Ajinomoto","url":"https:\/\/www.ajisustainablesolutions.com\/fr\/","logo":{"@type":"ImageObject","inLanguage":"fr-FR","@id":"https:\/\/www.ajisustainablesolutions.com\/fr\/#\/schema\/logo\/image\/","url":"https:\/\/www.ajisustainablesolutions.com\/wp-content\/uploads\/2024\/06\/Homepage-last-section-4.jpg","contentUrl":"https:\/\/www.ajisustainablesolutions.com\/wp-content\/uploads\/2024\/06\/Homepage-last-section-4.jpg","width":1100,"height":752,"caption":"Ajinomoto"},"image":{"@id":"https:\/\/www.ajisustainablesolutions.com\/fr\/#\/schema\/logo\/image\/"}}]}},"_links":{"self":[{"href":"https:\/\/www.ajisustainablesolutions.com\/fr\/wp-json\/wp\/v2\/pages\/3658","targetHints":{"allow":["GET"]}}],"collection":[{"href":"https:\/\/www.ajisustainablesolutions.com\/fr\/wp-json\/wp\/v2\/pages"}],"about":[{"href":"https:\/\/www.ajisustainablesolutions.com\/fr\/wp-json\/wp\/v2\/types\/page"}],"author":[{"embeddable":true,"href":"https:\/\/www.ajisustainablesolutions.com\/fr\/wp-json\/wp\/v2\/users\/1"}],"replies":[{"embeddable":true,"href":"https:\/\/www.ajisustainablesolutions.com\/fr\/wp-json\/wp\/v2\/comments?post=3658"}],"version-history":[{"count":7,"href":"https:\/\/www.ajisustainablesolutions.com\/fr\/wp-json\/wp\/v2\/pages\/3658\/revisions"}],"predecessor-version":[{"id":4146,"href":"https:\/\/www.ajisustainablesolutions.com\/fr\/wp-json\/wp\/v2\/pages\/3658\/revisions\/4146"}],"up":[{"embeddable":true,"href":"https:\/\/www.ajisustainablesolutions.com\/fr\/wp-json\/wp\/v2\/pages\/3640"}],"wp:attachment":[{"href":"https:\/\/www.ajisustainablesolutions.com\/fr\/wp-json\/wp\/v2\/media?parent=3658"}],"wp:term":[{"taxonomy":"dipi_cpt_category","embeddable":true,"href":"https:\/\/www.ajisustainablesolutions.com\/fr\/wp-json\/wp\/v2\/dipi_cpt_category?post=3658"}],"curies":[{"name":"wp","href":"https:\/\/api.w.org\/{rel}","templated":true}]}}