{"id":3649,"date":"2025-03-10T10:00:57","date_gmt":"2025-03-10T10:00:57","guid":{"rendered":"https:\/\/www.ajisustainablesolutions.com\/nos-marches\/animal-nutrition\/"},"modified":"2025-12-23T13:38:21","modified_gmt":"2025-12-23T13:38:21","slug":"alimentation-animale","status":"publish","type":"page","link":"https:\/\/www.ajisustainablesolutions.com\/fr\/nos-marches\/alimentation-animale\/","title":{"rendered":"Alimentation animale"},"content":{"rendered":"<p>[et_pb_section fb_built=\u00a0\u00bb1&Prime; custom_padding_last_edited=\u00a0\u00bbon|tablet\u00a0\u00bb admin_label=\u00a0\u00bbIntro\u00a0\u00bb module_class=\u00a0\u00bbarc-bottom-white\u00a0\u00bb _builder_version=\u00a0\u00bb4.24.0&Prime; _module_preset=\u00a0\u00bbdefault\u00a0\u00bb background_enable_image=\u00a0\u00bboff\u00a0\u00bb height=\u00a0\u00bb100vh\u00a0\u00bb max_height=\u00a0\u00bb800px\u00a0\u00bb custom_padding_tablet=\u00a0\u00bb4rem||0px||false|false\u00a0\u00bb custom_padding_phone=\u00a0\u00bb4rem||0px||false|false\u00a0\u00bb bottom_divider_color=\u00a0\u00bb#FFFFFF\u00a0\u00bb custom_css_main_element=\u00a0\u00bbdisplay: flex;||flex-direction: column;\u00a0\u00bb locked=\u00a0\u00bboff\u00a0\u00bb global_colors_info=\u00a0\u00bb{}\u00a0\u00bb][et_pb_row custom_padding_last_edited=\u00a0\u00bbon|phone\u00a0\u00bb admin_label=\u00a0\u00bbtexte\u00a0\u00bb module_class=\u00a0\u00bbuw-row\u00a0\u00bb _builder_version=\u00a0\u00bb4.24.0&Prime; _module_preset=\u00a0\u00bbdefault\u00a0\u00bb z_index=\u00a0\u00bb4&Prime; width=\u00a0\u00bb100%\u00a0\u00bb max_width=\u00a0\u00bb1200px\u00a0\u00bb custom_padding=\u00a0\u00bb|30px||30px|false|true\u00a0\u00bb custom_padding_tablet=\u00a0\u00bb|30px||30px|false|true\u00a0\u00bb custom_padding_phone=\u00a0\u00bb|20px||20px|false|true\u00a0\u00bb custom_css_main_element=\u00a0\u00bbdisplay: flex;||justify-content: flex-start;\u00a0\u00bb global_colors_info=\u00a0\u00bb{}\u00a0\u00bb][et_pb_column type=\u00a0\u00bb4_4&Prime; _builder_version=\u00a0\u00bb4.24.0&Prime; _module_preset=\u00a0\u00bbdefault\u00a0\u00bb background_color=\u00a0\u00bbrgba(255,255,255,0.8)\u00a0\u00bb custom_padding=\u00a0\u00bb40px|40px|40px|40px|true|true\u00a0\u00bb custom_padding_tablet=\u00a0\u00bb40px|40px|40px|40px|true|true\u00a0\u00bb custom_padding_phone=\u00a0\u00bb20px|20px|20px|20px|true|true\u00a0\u00bb custom_padding_last_edited=\u00a0\u00bbon|phone\u00a0\u00bb custom_css_main_element=\u00a0\u00bbwidth: auto!important;||max-width: 680px;||backdrop-filter: blur(10px);\u00a0\u00bb global_colors_info=\u00a0\u00bb{}\u00a0\u00bb][et_pb_text module_class=\u00a0\u00bbjs-fade-in\u00a0\u00bb _builder_version=\u00a0\u00bb4.24.0&Prime; _module_preset=\u00a0\u00bbd5bb82bb-ca7f-41b5-a941-8d749cf329fe\u00a0\u00bb custom_margin_tablet=\u00a0\u00bb||0.5rem||false|false\u00a0\u00bb custom_margin_phone=\u00a0\u00bb||0rem||false|false\u00a0\u00bb custom_margin_last_edited=\u00a0\u00bbon|tablet\u00a0\u00bb hover_enabled=\u00a0\u00bb0&Prime; global_colors_info=\u00a0\u00bb{}\u00a0\u00bb sticky_enabled=\u00a0\u00bb0&Prime;]<\/p>\n<h1>Alimentation animale<\/h1>\n<p>[\/et_pb_text][\/et_pb_column][\/et_pb_row][et_pb_row admin_label=\u00a0\u00bbbackground\u00a0\u00bb module_class=\u00a0\u00bbukiyo\u00a0\u00bb _builder_version=\u00a0\u00bb4.24.0&Prime; _module_preset=\u00a0\u00bbdefault\u00a0\u00bb background_image=\u00a0\u00bbhttps:\/\/www.ajisustainablesolutions.com\/wp-content\/uploads\/2025\/03\/pexels-alexasfotos-2255459.jpg\u00a0\u00bb background_position=\u00a0\u00bbtop_center\u00a0\u00bb positioning=\u00a0\u00bbabsolute\u00a0\u00bb width=\u00a0\u00bb100%\u00a0\u00bb max_width=\u00a0\u00bb100%\u00a0\u00bb height=\u00a0\u00bb100%\u00a0\u00bb custom_padding=\u00a0\u00bb0px|0px|0px|0px|false|false\u00a0\u00bb global_colors_info=\u00a0\u00bb{}\u00a0\u00bb][et_pb_column type=\u00a0\u00bb4_4&Prime; _builder_version=\u00a0\u00bb4.24.0&Prime; _module_preset=\u00a0\u00bbdefault\u00a0\u00bb global_colors_info=\u00a0\u00bb{}\u00a0\u00bb][\/et_pb_column][\/et_pb_row][\/et_pb_section][et_pb_section fb_built=\u00a0\u00bb1&Prime; custom_padding_last_edited=\u00a0\u00bbon|phone\u00a0\u00bb module_class=\u00a0\u00bbdecor-orbit-right decor-orbit__yellow\u00a0\u00bb _builder_version=\u00a0\u00bb4.24.0&Prime; _module_preset=\u00a0\u00bbdefault\u00a0\u00bb custom_padding=\u00a0\u00bb4rem||3rem||false|false\u00a0\u00bb custom_padding_tablet=\u00a0\u00bb||1rem||false|false\u00a0\u00bb custom_padding_phone=\u00a0\u00bb1rem||0rem||false|false\u00a0\u00bb locked=\u00a0\u00bboff\u00a0\u00bb global_colors_info=\u00a0\u00bb{}\u00a0\u00bb][et_pb_row custom_padding_last_edited=\u00a0\u00bbon|phone\u00a0\u00bb module_class=\u00a0\u00bbuw-row\u00a0\u00bb _builder_version=\u00a0\u00bb4.24.0&Prime; _module_preset=\u00a0\u00bbdefault\u00a0\u00bb width=\u00a0\u00bb100%\u00a0\u00bb max_width=\u00a0\u00bb1200px\u00a0\u00bb custom_padding=\u00a0\u00bb|30px||30px|false|true\u00a0\u00bb custom_padding_tablet=\u00a0\u00bb|30px||30px|false|true\u00a0\u00bb custom_padding_phone=\u00a0\u00bb|20px||20px|false|true\u00a0\u00bb global_colors_info=\u00a0\u00bb{}\u00a0\u00bb][et_pb_column type=\u00a0\u00bb4_4&Prime; _builder_version=\u00a0\u00bb4.24.0&Prime; _module_preset=\u00a0\u00bbdefault\u00a0\u00bb global_colors_info=\u00a0\u00bb{}\u00a0\u00bb][et_pb_text module_class=\u00a0\u00bbjs-fade-in\u00a0\u00bb _builder_version=\u00a0\u00bb4.24.0&Prime; _module_preset=\u00a0\u00bbd5bb82bb-ca7f-41b5-a941-8d749cf329fe\u00a0\u00bb header_2_text_align=\u00a0\u00bbleft\u00a0\u00bb custom_margin=\u00a0\u00bb||1.5rem||false|false\u00a0\u00bb custom_margin_tablet=\u00a0\u00bb||1.5rem||false|false\u00a0\u00bb custom_margin_phone=\u00a0\u00bb||0.5rem||false|false\u00a0\u00bb custom_margin_last_edited=\u00a0\u00bbon|phone\u00a0\u00bb global_colors_info=\u00a0\u00bb{}\u00a0\u00bb]<\/p>\n<h2>OmniSavis\u00ae<\/h2>\n<p>[\/et_pb_text][et_pb_text module_class=\u00a0\u00bbjs-fade-in\u00a0\u00bb _builder_version=\u00a0\u00bb4.24.0&Prime; _module_preset=\u00a0\u00bbb9431c7e-1947-490e-a79e-afbfd94d4ff6&Prime; link_text_color=\u00a0\u00bb#7CBA38&Prime; max_width=\u00a0\u00bb100%\u00a0\u00bb max_width_tablet=\u00a0\u00bb100%\u00a0\u00bb max_width_phone=\u00a0\u00bb100%\u00a0\u00bb max_width_last_edited=\u00a0\u00bbon|desktop\u00a0\u00bb hover_enabled=\u00a0\u00bb0&Prime; global_colors_info=\u00a0\u00bb{}\u00a0\u00bb sticky_enabled=\u00a0\u00bb0&Prime;]<\/p>\n<p>Les polyph\u00e9nols naturels sont des m\u00e9tabolites v\u00e9g\u00e9taux bioactifs. En raison de leurs propri\u00e9t\u00e9s antimicrobiennes, anti-inflammatoires et antioxydantes, ils sont utilis\u00e9s pour am\u00e9liorer l\u2019\u00e9tat de sant\u00e9 et les performances des animaux. Vu leur nature, leur origine et leur processus de production, de nombreux polyph\u00e9nols sont consid\u00e9r\u00e9s comme des ingr\u00e9dients alimentaires durables.<\/p>\n<p>[\/et_pb_text][et_pb_text module_class=\u00a0\u00bbjs-fade-in\u00a0\u00bb _builder_version=\u00a0\u00bb4.24.0&Prime; _module_preset=\u00a0\u00bbb9431c7e-1947-490e-a79e-afbfd94d4ff6&Prime; link_text_color=\u00a0\u00bb#7CBA38&Prime; max_width=\u00a0\u00bb100%\u00a0\u00bb max_width_tablet=\u00a0\u00bb100%\u00a0\u00bb max_width_phone=\u00a0\u00bb100%\u00a0\u00bb max_width_last_edited=\u00a0\u00bbon|desktop\u00a0\u00bb custom_margin=\u00a0\u00bb||1.5rem||false|false\u00a0\u00bb hover_enabled=\u00a0\u00bb0&Prime; locked=\u00a0\u00bboff\u00a0\u00bb global_colors_info=\u00a0\u00bb{}\u00a0\u00bb sticky_enabled=\u00a0\u00bb0&Prime;]<\/p>\n<p>N\u2019h\u00e9sitez pas \u00e0 nous contacter via notre formulaire de contact pour plus d\u2019informations.<\/p>\n<p>[\/et_pb_text][et_pb_button button_url=\u00a0\u00bb@ET-DC@eyJkeW5hbWljIjp0cnVlLCJjb250ZW50IjoicG9zdF9saW5rX3VybF9wYWdlIiwic2V0dGluZ3MiOnsicG9zdF9pZCI6IjIzIn19@\u00a0\u00bb button_text=\u00a0\u00bbContact form\u00a0\u00bb _builder_version=\u00a0\u00bb4.24.0&Prime; _dynamic_attributes=\u00a0\u00bbbutton_url\u00a0\u00bb _module_preset=\u00a0\u00bb1ea8a6b8-c4e2-4823-80fe-549bd98da130&Prime; button_text_color=\u00a0\u00bb#FFFFFF\u00a0\u00bb button_bg_color=\u00a0\u00bb#7CBA38&Prime; button_border_color=\u00a0\u00bb#7CBA38&Prime; global_colors_info=\u00a0\u00bb{}\u00a0\u00bb button_bg_color__hover_enabled=\u00a0\u00bbon|hover\u00a0\u00bb button_bg_color__hover=\u00a0\u00bb#5b9f10&Prime; button_bg_enable_color__hover=\u00a0\u00bbon\u00a0\u00bb button_border_color__hover_enabled=\u00a0\u00bbon|hover\u00a0\u00bb button_border_color__hover=\u00a0\u00bb#5b9f10&Prime;][\/et_pb_button][\/et_pb_column][\/et_pb_row][et_pb_row custom_padding_last_edited=\u00a0\u00bbon|phone\u00a0\u00bb module_class=\u00a0\u00bbuw-row\u00a0\u00bb _builder_version=\u00a0\u00bb4.24.0&Prime; _module_preset=\u00a0\u00bbdefault\u00a0\u00bb width=\u00a0\u00bb100%\u00a0\u00bb max_width=\u00a0\u00bb1200px\u00a0\u00bb custom_padding=\u00a0\u00bb|30px||30px|false|true\u00a0\u00bb custom_padding_tablet=\u00a0\u00bb|30px||30px|false|true\u00a0\u00bb custom_padding_phone=\u00a0\u00bb|20px||20px|false|true\u00a0\u00bb global_colors_info=\u00a0\u00bb{}\u00a0\u00bb][et_pb_column type=\u00a0\u00bb4_4&Prime; module_class=\u00a0\u00bbgrid-two\u00a0\u00bb _builder_version=\u00a0\u00bb4.24.0&Prime; _module_preset=\u00a0\u00bbdefault\u00a0\u00bb global_colors_info=\u00a0\u00bb{}\u00a0\u00bb][et_pb_blurb title=\u00a0\u00bbCompos\u00e9 aromatique\u00a0\u00bb image=\u00a0\u00bbhttps:\/\/www.ajisustainablesolutions.com\/wp-content\/uploads\/2025\/03\/flavouring-compound.svg\u00a0\u00bb _builder_version=\u00a0\u00bb4.24.0&Prime; _module_preset=\u00a0\u00bb3d0f4ba4-4274-411e-9412-a0babcdd3145&Prime; hover_enabled=\u00a0\u00bb0&Prime; global_colors_info=\u00a0\u00bb{}\u00a0\u00bb sticky_enabled=\u00a0\u00bb0&Prime;]<\/p>\n<p>Les polyph\u00e9nols naturels sont g\u00e9n\u00e9ralement consid\u00e9r\u00e9s comme des agents aromatisants. L&rsquo;acide tannique figure sur la liste des substances aromatisantes utilis\u00e9es dans les denr\u00e9es alimentaires ainsi que dans le registre des additifs pour l&rsquo;alimentation animale, \u00e9tablis par l\u2019Union europ\u00e9enne.<\/p>\n<p>[\/et_pb_blurb][et_pb_blurb title=\u00a0\u00bbCin\u00e9tique prot\u00e9ique\u00a0\u00bb image=\u00a0\u00bbhttps:\/\/www.ajisustainablesolutions.com\/wp-content\/uploads\/2025\/03\/protein-kinetics.svg\u00a0\u00bb _builder_version=\u00a0\u00bb4.24.0&Prime; _module_preset=\u00a0\u00bb3d0f4ba4-4274-411e-9412-a0babcdd3145&Prime; hover_enabled=\u00a0\u00bb0&Prime; global_colors_info=\u00a0\u00bb{}\u00a0\u00bb sticky_enabled=\u00a0\u00bb0&Prime;]<\/p>\n<p>Vu leur structure chimique, les polyph\u00e9nols naturels pr\u00e9sentent une grande affinit\u00e9 pour les prot\u00e9ines. L&rsquo;interaction chimique avec les diff\u00e9rentes fractions prot\u00e9iques dans le tube digestif peut optimiser la cin\u00e9tique des prot\u00e9ines chez les animaux multigastriques et monogastriques.<\/p>\n<p>[\/et_pb_blurb][et_pb_blurb title=\u00a0\u00bbStress oxydatif\u00a0\u00bb image=\u00a0\u00bbhttps:\/\/www.ajisustainablesolutions.com\/wp-content\/uploads\/2025\/03\/oxidative-stress.svg\u00a0\u00bb _builder_version=\u00a0\u00bb4.24.0&Prime; _module_preset=\u00a0\u00bb3d0f4ba4-4274-411e-9412-a0babcdd3145&Prime; hover_enabled=\u00a0\u00bb0&Prime; global_colors_info=\u00a0\u00bb{}\u00a0\u00bb sticky_enabled=\u00a0\u00bb0&Prime;]<\/p>\n<p>Les polyph\u00e9nols naturels pr\u00e9sentent un fort potentiel antioxydant. Ils peuvent en effet aider \u00e0 \u00e9quilibrer la production des esp\u00e8ces r\u00e9actives de l&rsquo;oxyg\u00e8ne (ERO) chez les animaux stress\u00e9s, ce qui contribue \u00e0 pr\u00e9venir les inflammations et les troubles intestinaux.<\/p>\n<p>[\/et_pb_blurb][et_pb_blurb title=\u00a0\u00bbMaladies ent\u00e9riques\u00a0\u00bb image=\u00a0\u00bbhttps:\/\/www.ajisustainablesolutions.com\/wp-content\/uploads\/2025\/03\/enteric-diseases.svg\u00a0\u00bb _builder_version=\u00a0\u00bb4.24.0&Prime; _module_preset=\u00a0\u00bb3d0f4ba4-4274-411e-9412-a0babcdd3145&Prime; hover_enabled=\u00a0\u00bb0&Prime; global_colors_info=\u00a0\u00bb{}\u00a0\u00bb sticky_enabled=\u00a0\u00bb0&Prime;]<\/p>\n<p>Les polyph\u00e9nols naturels pr\u00e9sentent un effet antimicrobien contre diff\u00e9rents parasites et bact\u00e9ries pathog\u00e8nes. Outre leurs effets antimicrobiens directs, ils peuvent contr\u00f4ler les infections syst\u00e9miques en modulant favorablement l\u2019\u00e9cosyst\u00e8me digestif.<\/p>\n<p>[\/et_pb_blurb][\/et_pb_column][\/et_pb_row][\/et_pb_section]<\/p>\n","protected":false},"excerpt":{"rendered":"<p>Alimentation animaleOmniSavis\u00aeLes polyph\u00e9nols naturels sont des m\u00e9tabolites v\u00e9g\u00e9taux bioactifs. En raison de leurs propri\u00e9t\u00e9s antimicrobiennes, anti-inflammatoires et antioxydantes, ils sont utilis\u00e9s pour am\u00e9liorer l\u2019\u00e9tat de sant\u00e9 et les performances des animaux. Vu leur nature, leur origine et leur processus de production, de nombreux polyph\u00e9nols sont consid\u00e9r\u00e9s comme des ingr\u00e9dients alimentaires durables.N\u2019h\u00e9sitez pas \u00e0 nous contacter [&hellip;]<\/p>\n","protected":false},"author":1,"featured_media":0,"parent":3640,"menu_order":0,"comment_status":"closed","ping_status":"closed","template":"","meta":{"_acf_changed":false,"_et_pb_use_builder":"on","_et_pb_old_content":"","_et_gb_content_width":"","inline_featured_image":false,"footnotes":""},"dipi_cpt_category":[],"class_list":["post-3649","page","type-page","status-publish","hentry"],"acf":[],"yoast_head":"<!-- This site is optimized with the Yoast SEO Premium plugin v27.2 (Yoast SEO v27.5) - https:\/\/yoast.com\/product\/yoast-seo-premium-wordpress\/ -->\n<title>Alimentation animale - Green Chemistry \u2013 Fine Chemicals<\/title>\n<meta name=\"description\" content=\"Ajinomoto fournit des solutions en alimentation animale avec des acides amin\u00e9s durables, soutenant la nutrition, la sant\u00e9, la performance et le bien-\u00eatre durable.\" \/>\n<meta name=\"robots\" content=\"index, follow, max-snippet:-1, max-image-preview:large, max-video-preview:-1\" \/>\n<link rel=\"canonical\" href=\"https:\/\/www.ajisustainablesolutions.com\/fr\/nos-marches\/alimentation-animale\/\" \/>\n<meta property=\"og:locale\" content=\"fr_FR\" \/>\n<meta property=\"og:type\" content=\"article\" \/>\n<meta property=\"og:title\" content=\"Alimentation animale\" \/>\n<meta property=\"og:description\" content=\"Ajinomoto fournit des solutions en alimentation animale avec des acides amin\u00e9s durables, soutenant la nutrition, la sant\u00e9, la performance et le bien-\u00eatre durable.\" \/>\n<meta property=\"og:site_name\" content=\"Green Chemistry \u2013 Fine Chemicals\" \/>\n<meta property=\"article:modified_time\" content=\"2025-12-23T13:38:21+00:00\" \/>\n<meta name=\"twitter:card\" content=\"summary_large_image\" \/>\n<meta name=\"twitter:label1\" content=\"Dur\u00e9e de lecture estim\u00e9e\" \/>\n\t<meta name=\"twitter:data1\" content=\"2 minutes\" \/>\n<script type=\"application\/ld+json\" class=\"yoast-schema-graph\">{\"@context\":\"https:\\\/\\\/schema.org\",\"@graph\":[{\"@type\":\"WebPage\",\"@id\":\"https:\\\/\\\/www.ajisustainablesolutions.com\\\/fr\\\/nos-marches\\\/alimentation-animale\\\/\",\"url\":\"https:\\\/\\\/www.ajisustainablesolutions.com\\\/fr\\\/nos-marches\\\/alimentation-animale\\\/\",\"name\":\"Alimentation animale - Green Chemistry \u2013 Fine Chemicals\",\"isPartOf\":{\"@id\":\"https:\\\/\\\/www.ajisustainablesolutions.com\\\/fr\\\/#website\"},\"datePublished\":\"2025-03-10T10:00:57+00:00\",\"dateModified\":\"2025-12-23T13:38:21+00:00\",\"description\":\"Ajinomoto fournit des solutions en alimentation animale avec des acides amin\u00e9s durables, soutenant la nutrition, la sant\u00e9, la performance et le bien-\u00eatre durable.\",\"breadcrumb\":{\"@id\":\"https:\\\/\\\/www.ajisustainablesolutions.com\\\/fr\\\/nos-marches\\\/alimentation-animale\\\/#breadcrumb\"},\"inLanguage\":\"fr-FR\",\"potentialAction\":[{\"@type\":\"ReadAction\",\"target\":[\"https:\\\/\\\/www.ajisustainablesolutions.com\\\/fr\\\/nos-marches\\\/alimentation-animale\\\/\"]}]},{\"@type\":\"BreadcrumbList\",\"@id\":\"https:\\\/\\\/www.ajisustainablesolutions.com\\\/fr\\\/nos-marches\\\/alimentation-animale\\\/#breadcrumb\",\"itemListElement\":[{\"@type\":\"ListItem\",\"position\":1,\"name\":\"Home\",\"item\":\"https:\\\/\\\/www.ajisustainablesolutions.com\\\/fr\\\/\"},{\"@type\":\"ListItem\",\"position\":2,\"name\":\"Nos march\u00e9s\",\"item\":\"https:\\\/\\\/www.ajisustainablesolutions.com\\\/fr\\\/nos-marches\\\/\"},{\"@type\":\"ListItem\",\"position\":3,\"name\":\"Alimentation animale\"}]},{\"@type\":\"WebSite\",\"@id\":\"https:\\\/\\\/www.ajisustainablesolutions.com\\\/fr\\\/#website\",\"url\":\"https:\\\/\\\/www.ajisustainablesolutions.com\\\/fr\\\/\",\"name\":\"Green Chemistry \u2013 Fine Chemicals\",\"description\":\"\",\"publisher\":{\"@id\":\"https:\\\/\\\/www.ajisustainablesolutions.com\\\/fr\\\/#organization\"},\"potentialAction\":[{\"@type\":\"SearchAction\",\"target\":{\"@type\":\"EntryPoint\",\"urlTemplate\":\"https:\\\/\\\/www.ajisustainablesolutions.com\\\/fr\\\/?s={search_term_string}\"},\"query-input\":{\"@type\":\"PropertyValueSpecification\",\"valueRequired\":true,\"valueName\":\"search_term_string\"}}],\"inLanguage\":\"fr-FR\"},{\"@type\":\"Organization\",\"@id\":\"https:\\\/\\\/www.ajisustainablesolutions.com\\\/fr\\\/#organization\",\"name\":\"Ajinomoto\",\"url\":\"https:\\\/\\\/www.ajisustainablesolutions.com\\\/fr\\\/\",\"logo\":{\"@type\":\"ImageObject\",\"inLanguage\":\"fr-FR\",\"@id\":\"https:\\\/\\\/www.ajisustainablesolutions.com\\\/fr\\\/#\\\/schema\\\/logo\\\/image\\\/\",\"url\":\"https:\\\/\\\/www.ajisustainablesolutions.com\\\/wp-content\\\/uploads\\\/2024\\\/06\\\/Homepage-last-section-4.jpg\",\"contentUrl\":\"https:\\\/\\\/www.ajisustainablesolutions.com\\\/wp-content\\\/uploads\\\/2024\\\/06\\\/Homepage-last-section-4.jpg\",\"width\":1100,\"height\":752,\"caption\":\"Ajinomoto\"},\"image\":{\"@id\":\"https:\\\/\\\/www.ajisustainablesolutions.com\\\/fr\\\/#\\\/schema\\\/logo\\\/image\\\/\"}}]}<\/script>\n<!-- \/ Yoast SEO Premium plugin. -->","yoast_head_json":{"title":"Alimentation animale - Green Chemistry \u2013 Fine Chemicals","description":"Ajinomoto fournit des solutions en alimentation animale avec des acides amin\u00e9s durables, soutenant la nutrition, la sant\u00e9, la performance et le bien-\u00eatre durable.","robots":{"index":"index","follow":"follow","max-snippet":"max-snippet:-1","max-image-preview":"max-image-preview:large","max-video-preview":"max-video-preview:-1"},"canonical":"https:\/\/www.ajisustainablesolutions.com\/fr\/nos-marches\/alimentation-animale\/","og_locale":"fr_FR","og_type":"article","og_title":"Alimentation animale","og_description":"Ajinomoto fournit des solutions en alimentation animale avec des acides amin\u00e9s durables, soutenant la nutrition, la sant\u00e9, la performance et le bien-\u00eatre durable.","og_site_name":"Green Chemistry \u2013 Fine Chemicals","article_modified_time":"2025-12-23T13:38:21+00:00","twitter_card":"summary_large_image","twitter_misc":{"Dur\u00e9e de lecture estim\u00e9e":"2 minutes"},"schema":{"@context":"https:\/\/schema.org","@graph":[{"@type":"WebPage","@id":"https:\/\/www.ajisustainablesolutions.com\/fr\/nos-marches\/alimentation-animale\/","url":"https:\/\/www.ajisustainablesolutions.com\/fr\/nos-marches\/alimentation-animale\/","name":"Alimentation animale - Green Chemistry \u2013 Fine Chemicals","isPartOf":{"@id":"https:\/\/www.ajisustainablesolutions.com\/fr\/#website"},"datePublished":"2025-03-10T10:00:57+00:00","dateModified":"2025-12-23T13:38:21+00:00","description":"Ajinomoto fournit des solutions en alimentation animale avec des acides amin\u00e9s durables, soutenant la nutrition, la sant\u00e9, la performance et le bien-\u00eatre durable.","breadcrumb":{"@id":"https:\/\/www.ajisustainablesolutions.com\/fr\/nos-marches\/alimentation-animale\/#breadcrumb"},"inLanguage":"fr-FR","potentialAction":[{"@type":"ReadAction","target":["https:\/\/www.ajisustainablesolutions.com\/fr\/nos-marches\/alimentation-animale\/"]}]},{"@type":"BreadcrumbList","@id":"https:\/\/www.ajisustainablesolutions.com\/fr\/nos-marches\/alimentation-animale\/#breadcrumb","itemListElement":[{"@type":"ListItem","position":1,"name":"Home","item":"https:\/\/www.ajisustainablesolutions.com\/fr\/"},{"@type":"ListItem","position":2,"name":"Nos march\u00e9s","item":"https:\/\/www.ajisustainablesolutions.com\/fr\/nos-marches\/"},{"@type":"ListItem","position":3,"name":"Alimentation animale"}]},{"@type":"WebSite","@id":"https:\/\/www.ajisustainablesolutions.com\/fr\/#website","url":"https:\/\/www.ajisustainablesolutions.com\/fr\/","name":"Green Chemistry \u2013 Fine Chemicals","description":"","publisher":{"@id":"https:\/\/www.ajisustainablesolutions.com\/fr\/#organization"},"potentialAction":[{"@type":"SearchAction","target":{"@type":"EntryPoint","urlTemplate":"https:\/\/www.ajisustainablesolutions.com\/fr\/?s={search_term_string}"},"query-input":{"@type":"PropertyValueSpecification","valueRequired":true,"valueName":"search_term_string"}}],"inLanguage":"fr-FR"},{"@type":"Organization","@id":"https:\/\/www.ajisustainablesolutions.com\/fr\/#organization","name":"Ajinomoto","url":"https:\/\/www.ajisustainablesolutions.com\/fr\/","logo":{"@type":"ImageObject","inLanguage":"fr-FR","@id":"https:\/\/www.ajisustainablesolutions.com\/fr\/#\/schema\/logo\/image\/","url":"https:\/\/www.ajisustainablesolutions.com\/wp-content\/uploads\/2024\/06\/Homepage-last-section-4.jpg","contentUrl":"https:\/\/www.ajisustainablesolutions.com\/wp-content\/uploads\/2024\/06\/Homepage-last-section-4.jpg","width":1100,"height":752,"caption":"Ajinomoto"},"image":{"@id":"https:\/\/www.ajisustainablesolutions.com\/fr\/#\/schema\/logo\/image\/"}}]}},"_links":{"self":[{"href":"https:\/\/www.ajisustainablesolutions.com\/fr\/wp-json\/wp\/v2\/pages\/3649","targetHints":{"allow":["GET"]}}],"collection":[{"href":"https:\/\/www.ajisustainablesolutions.com\/fr\/wp-json\/wp\/v2\/pages"}],"about":[{"href":"https:\/\/www.ajisustainablesolutions.com\/fr\/wp-json\/wp\/v2\/types\/page"}],"author":[{"embeddable":true,"href":"https:\/\/www.ajisustainablesolutions.com\/fr\/wp-json\/wp\/v2\/users\/1"}],"replies":[{"embeddable":true,"href":"https:\/\/www.ajisustainablesolutions.com\/fr\/wp-json\/wp\/v2\/comments?post=3649"}],"version-history":[{"count":6,"href":"https:\/\/www.ajisustainablesolutions.com\/fr\/wp-json\/wp\/v2\/pages\/3649\/revisions"}],"predecessor-version":[{"id":4130,"href":"https:\/\/www.ajisustainablesolutions.com\/fr\/wp-json\/wp\/v2\/pages\/3649\/revisions\/4130"}],"up":[{"embeddable":true,"href":"https:\/\/www.ajisustainablesolutions.com\/fr\/wp-json\/wp\/v2\/pages\/3640"}],"wp:attachment":[{"href":"https:\/\/www.ajisustainablesolutions.com\/fr\/wp-json\/wp\/v2\/media?parent=3649"}],"wp:term":[{"taxonomy":"dipi_cpt_category","embeddable":true,"href":"https:\/\/www.ajisustainablesolutions.com\/fr\/wp-json\/wp\/v2\/dipi_cpt_category?post=3649"}],"curies":[{"name":"wp","href":"https:\/\/api.w.org\/{rel}","templated":true}]}}