{"id":3342,"date":"2024-05-10T06:40:30","date_gmt":"2024-05-10T06:40:30","guid":{"rendered":"https:\/\/www.ajisustainablesolutions.com\/fabrication\/"},"modified":"2025-12-23T14:00:08","modified_gmt":"2025-12-23T14:00:08","slug":"fabrication","status":"publish","type":"page","link":"https:\/\/www.ajisustainablesolutions.com\/fr\/fabrication\/","title":{"rendered":"Fabrication"},"content":{"rendered":"<p>[et_pb_section fb_built=\u00a0\u00bb1&Prime; custom_padding_last_edited=\u00a0\u00bbon|tablet\u00a0\u00bb admin_label=\u00a0\u00bbIntro\u00a0\u00bb module_class=\u00a0\u00bbarc-bottom-gray\u00a0\u00bb _builder_version=\u00a0\u00bb4.24.0&Prime; _module_preset=\u00a0\u00bbdefault\u00a0\u00bb background_enable_image=\u00a0\u00bboff\u00a0\u00bb min_height=\u00a0\u00bb100vh\u00a0\u00bb custom_padding_tablet=\u00a0\u00bb4rem||0px||false|false\u00a0\u00bb custom_padding_phone=\u00a0\u00bb4rem||0px||false|false\u00a0\u00bb bottom_divider_color=\u00a0\u00bb#FFFFFF\u00a0\u00bb custom_css_main_element=\u00a0\u00bbdisplay: flex;||flex-direction: column;\u00a0\u00bb locked=\u00a0\u00bboff\u00a0\u00bb global_colors_info=\u00a0\u00bb{}\u00a0\u00bb][et_pb_row custom_padding_last_edited=\u00a0\u00bbon|phone\u00a0\u00bb admin_label=\u00a0\u00bbtexte\u00a0\u00bb module_class=\u00a0\u00bbuw-row\u00a0\u00bb _builder_version=\u00a0\u00bb4.24.0&Prime; _module_preset=\u00a0\u00bbdefault\u00a0\u00bb z_index=\u00a0\u00bb4&Prime; width=\u00a0\u00bb100%\u00a0\u00bb max_width=\u00a0\u00bb1200px\u00a0\u00bb custom_padding=\u00a0\u00bb|30px||30px|false|true\u00a0\u00bb custom_padding_tablet=\u00a0\u00bb|30px||30px|false|true\u00a0\u00bb custom_padding_phone=\u00a0\u00bb|20px||20px|false|true\u00a0\u00bb custom_css_main_element=\u00a0\u00bbdisplay: flex;||justify-content: flex-start;\u00a0\u00bb global_colors_info=\u00a0\u00bb{}\u00a0\u00bb][et_pb_column type=\u00a0\u00bb4_4&Prime; _builder_version=\u00a0\u00bb4.24.0&Prime; _module_preset=\u00a0\u00bbdefault\u00a0\u00bb background_color=\u00a0\u00bbrgba(255,255,255,0.8)\u00a0\u00bb custom_padding=\u00a0\u00bb40px|40px|40px|40px|true|true\u00a0\u00bb custom_padding_tablet=\u00a0\u00bb40px|40px|40px|40px|true|true\u00a0\u00bb custom_padding_phone=\u00a0\u00bb20px|20px|20px|20px|true|true\u00a0\u00bb custom_padding_last_edited=\u00a0\u00bbon|phone\u00a0\u00bb custom_css_main_element=\u00a0\u00bbwidth: auto!important;||max-width: 800px;\u00a0\u00bb global_colors_info=\u00a0\u00bb{}\u00a0\u00bb][et_pb_text module_class=\u00a0\u00bbjs-fade-in\u00a0\u00bb _builder_version=\u00a0\u00bb4.24.0&Prime; _module_preset=\u00a0\u00bbd5bb82bb-ca7f-41b5-a941-8d749cf329fe\u00a0\u00bb custom_margin_tablet=\u00a0\u00bb||0.5rem||false|false\u00a0\u00bb custom_margin_phone=\u00a0\u00bb||0rem||false|false\u00a0\u00bb custom_margin_last_edited=\u00a0\u00bbon|tablet\u00a0\u00bb global_colors_info=\u00a0\u00bb{}\u00a0\u00bb]<\/p>\n<h1>Nos services CDMO de chimie verte<\/h1>\n<p>[\/et_pb_text][et_pb_text module_class=\u00a0\u00bbjs-fade-in\u00a0\u00bb _builder_version=\u00a0\u00bb4.24.0&Prime; _module_preset=\u00a0\u00bbb9431c7e-1947-490e-a79e-afbfd94d4ff6&Prime; max_width=\u00a0\u00bb100%\u00a0\u00bb custom_margin_tablet=\u00a0\u00bb||0px||false|false\u00a0\u00bb custom_margin_phone=\u00a0\u00bb||0px||false|false\u00a0\u00bb custom_margin_last_edited=\u00a0\u00bbon|tablet\u00a0\u00bb global_colors_info=\u00a0\u00bb{}\u00a0\u00bb]<\/p>\n<p>Nous fournissons des services CDMO dans le cadre du d\u00e9veloppement, de la mise \u00e0 l\u2019\u00e9chelle et de la fabrication de produits chimiques fins sur la base de proc\u00e9d\u00e9s chimiques durables, allant de quantit\u00e9s minimes de laboratoire \u00e0 des volumes de plusieurs tonnes.<\/p>\n<p>Sp\u00e9cialis\u00e9s dans la chimie verte depuis plus de 75 ans, nous n\u2019h\u00e9sitons pas \u00e0 combiner notre expertise en extraction v\u00e9g\u00e9tale et notre acc\u00e8s \u00e0 la fermentation avec les derni\u00e8res technologies innovantes du domaine de la chimie.<\/p>\n<p>Nous nous profilons comme un partenaire fiable pour les entreprises de diff\u00e9rents secteurs : cosm\u00e9tiques, parfums, alimentation humaine et animale. <\/p>\n<p>[\/et_pb_text][\/et_pb_column][\/et_pb_row][et_pb_row admin_label=\u00a0\u00bbbackground\u00a0\u00bb module_class=\u00a0\u00bb_ukiyo\u00a0\u00bb _builder_version=\u00a0\u00bb4.24.0&Prime; _module_preset=\u00a0\u00bbdefault\u00a0\u00bb background_image=\u00a0\u00bbhttps:\/\/www.ajisustainablesolutions.com\/wp-content\/uploads\/2024\/05\/image55-upscale-scaled.jpg\u00a0\u00bb background_position=\u00a0\u00bbtop_center\u00a0\u00bb positioning=\u00a0\u00bbabsolute\u00a0\u00bb width=\u00a0\u00bb100%\u00a0\u00bb max_width=\u00a0\u00bb100%\u00a0\u00bb height=\u00a0\u00bb100%\u00a0\u00bb custom_padding=\u00a0\u00bb0px|0px|0px|0px|false|false\u00a0\u00bb global_colors_info=\u00a0\u00bb{}\u00a0\u00bb][et_pb_column type=\u00a0\u00bb4_4&Prime; _builder_version=\u00a0\u00bb4.24.0&Prime; _module_preset=\u00a0\u00bbdefault\u00a0\u00bb global_colors_info=\u00a0\u00bb{}\u00a0\u00bb][\/et_pb_column][\/et_pb_row][\/et_pb_section][et_pb_section fb_built=\u00a0\u00bb1&Prime; custom_padding_last_edited=\u00a0\u00bbon|tablet\u00a0\u00bb module_class=\u00a0\u00bbdecor-orbit-right decor-orbit__yellow-position-2&Prime; _builder_version=\u00a0\u00bb4.24.0&Prime; _module_preset=\u00a0\u00bbdefault\u00a0\u00bb background_color=\u00a0\u00bb#E6EDEE\u00a0\u00bb custom_padding=\u00a0\u00bb5rem||5rem||false|false\u00a0\u00bb custom_padding_tablet=\u00a0\u00bb4rem||4rem||false|false\u00a0\u00bb custom_padding_phone=\u00a0\u00bb1.5rem||1rem||false|false\u00a0\u00bb locked=\u00a0\u00bboff\u00a0\u00bb global_colors_info=\u00a0\u00bb{}\u00a0\u00bb][et_pb_row custom_padding_last_edited=\u00a0\u00bbon|phone\u00a0\u00bb module_class=\u00a0\u00bbuw-row\u00a0\u00bb _builder_version=\u00a0\u00bb4.24.0&Prime; _module_preset=\u00a0\u00bbdefault\u00a0\u00bb background_color=\u00a0\u00bbRGBA(255,255,255,0)\u00a0\u00bb width=\u00a0\u00bb100%\u00a0\u00bb max_width=\u00a0\u00bb1200px\u00a0\u00bb custom_padding=\u00a0\u00bb|30px||30px|false|true\u00a0\u00bb custom_padding_tablet=\u00a0\u00bb|30px||30px|false|true\u00a0\u00bb custom_padding_phone=\u00a0\u00bb1.5rem|20px||20px|false|true\u00a0\u00bb locked=\u00a0\u00bboff\u00a0\u00bb global_colors_info=\u00a0\u00bb{}\u00a0\u00bb][et_pb_column type=\u00a0\u00bb4_4&Prime; module_class=\u00a0\u00bbgrid-four\u00a0\u00bb _builder_version=\u00a0\u00bb4.24.0&Prime; _module_preset=\u00a0\u00bbdefault\u00a0\u00bb global_colors_info=\u00a0\u00bb{}\u00a0\u00bb][et_pb_blurb title=\u00a0\u00bbD\u00e9veloppement, mise \u00e0 l\u2019\u00e9chelle et fabrication \u00a0\u00bb image=\u00a0\u00bbhttps:\/\/www.ajisustainablesolutions.com\/wp-content\/uploads\/2024\/05\/Manufacturing-page-scheme-picture-1-development-scale-up-and-manufacturing-scaled.jpg\u00a0\u00bb alt=\u00a0\u00bbFemme en train de faire des exp\u00e9riences\u00a0\u00bb _builder_version=\u00a0\u00bb4.24.0&Prime; _module_preset=\u00a0\u00bb2b0fcdd4-9e7d-4242-a940-fd655237ff16&Prime; custom_padding_phone=\u00a0\u00bb|10px|1rem|10px|false|true\u00a0\u00bb hover_enabled=\u00a0\u00bb0&Prime; global_colors_info=\u00a0\u00bb{}\u00a0\u00bb sticky_enabled=\u00a0\u00bb0&Prime;]<\/p>\n<p>Quantit\u00e9s minimes de laboratoire ou volumes commerciaux de plusieurs tonnes<\/p>\n<p>Expertise approfondie en technologie analytique des proc\u00e9d\u00e9s (PAT)<\/p>\n<p>Application du concept Qbd<\/p>\n<p>Programmes efficaces d\u2019am\u00e9lioration continue<\/p>\n<p>[\/et_pb_blurb][et_pb_blurb title=\u00a0\u00bbFlux continu \u00a0\u00bb image=\u00a0\u00bbhttps:\/\/www.ajisustainablesolutions.com\/wp-content\/uploads\/2024\/05\/Manufacuting-page-scheme-picture-2-continuous-flow-scaled.jpg\u00a0\u00bb alt=\u00a0\u00bbMachine\u00a0\u00bb _builder_version=\u00a0\u00bb4.24.0&Prime; _module_preset=\u00a0\u00bb2b0fcdd4-9e7d-4242-a940-fd655237ff16&Prime; custom_padding_phone=\u00a0\u00bb|10px|1rem|10px|false|true\u00a0\u00bb global_colors_info=\u00a0\u00bb{}\u00a0\u00bb]<\/p>\n<p>Production \u00e0 flux continu de liquides, suspensions et liquides de gaz<\/p>\n<p>Technologie disponible en interne pour :<\/p>\n<p>&gt; photochimie<\/p>\n<p>&gt; r\u00e9actions \u00e0 haute pression et haute temp\u00e9rature (compatibles avec les suspensions)<\/p>\n<p>&gt; r\u00e9actions lentes et h\u00e9t\u00e9rog\u00e8nes<\/p>\n<p>[\/et_pb_blurb][et_pb_blurb title=\u00a0\u00bbChimie verte\u00a0\u00bb image=\u00a0\u00bbhttps:\/\/www.ajisustainablesolutions.com\/wp-content\/uploads\/2024\/05\/Manufacturing-scheme-picture-4-botanical-extraction.jpg\u00a0\u00bb alt=\u00a0\u00bbRecherche\u00a0\u00bb _builder_version=\u00a0\u00bb4.24.0&Prime; _module_preset=\u00a0\u00bb2b0fcdd4-9e7d-4242-a940-fd655237ff16&Prime; global_colors_info=\u00a0\u00bb{}\u00a0\u00bb]<\/p>\n<p>Biocatalyse<\/p>\n<p>Chimies s\u00e9lectives<\/p>\n<p>Sources renouvelables<\/p>\n<p>R\u00e9cup\u00e9ration des m\u00e9taux pr\u00e9cieux du groupe<\/p>\n<p>Chimie aqueuse<\/p>\n<p>[\/et_pb_blurb][et_pb_blurb title=\u00a0\u00bbExtraction v\u00e9g\u00e9tale\u00a0\u00bb image=\u00a0\u00bbhttps:\/\/www.ajisustainablesolutions.com\/wp-content\/uploads\/2024\/05\/AdobeStock_620515497-scaled.jpeg\u00a0\u00bb _builder_version=\u00a0\u00bb4.24.0&Prime; _module_preset=\u00a0\u00bb2b0fcdd4-9e7d-4242-a940-fd655237ff16&Prime; global_colors_info=\u00a0\u00bb{}\u00a0\u00bb]<\/p>\n<p>Extraction et purification \u00e0 contre-courant en continu<\/p>\n<p>Extractions multi-solvants<\/p>\n<p>Capacit\u00e9 de traitement de 20 tonnes de mati\u00e8res premi\u00e8res par jour<\/p>\n<p>[\/et_pb_blurb][\/et_pb_column][\/et_pb_row][\/et_pb_section][et_pb_section fb_built=\u00a0\u00bb1&Prime; custom_padding_last_edited=\u00a0\u00bbon|tablet\u00a0\u00bb module_class=\u00a0\u00bb_decor-orbit-left\u00a0\u00bb _builder_version=\u00a0\u00bb4.24.0&Prime; _module_preset=\u00a0\u00bbdefault\u00a0\u00bb z_index=\u00a0\u00bb3&Prime; custom_padding=\u00a0\u00bb5rem||5.5rem||false|false\u00a0\u00bb custom_padding_tablet=\u00a0\u00bb4rem||2rem||false|false\u00a0\u00bb custom_padding_phone=\u00a0\u00bb2rem||1.5rem||false|false\u00a0\u00bb custom_css_main_element=\u00a0\u00bb\/*overflow: hidden;*\/\u00a0\u00bb locked=\u00a0\u00bboff\u00a0\u00bb global_colors_info=\u00a0\u00bb{}\u00a0\u00bb][et_pb_row column_structure=\u00a0\u00bb1_2,1_2&Prime; custom_padding_last_edited=\u00a0\u00bbon|phone\u00a0\u00bb module_class=\u00a0\u00bbuw-row\u00a0\u00bb _builder_version=\u00a0\u00bb4.24.0&Prime; _module_preset=\u00a0\u00bbdefault\u00a0\u00bb width=\u00a0\u00bb100%\u00a0\u00bb max_width=\u00a0\u00bb1200px\u00a0\u00bb custom_padding=\u00a0\u00bb|30px||30px|false|true\u00a0\u00bb custom_padding_tablet=\u00a0\u00bb|30px||30px|false|true\u00a0\u00bb custom_padding_phone=\u00a0\u00bb|20px||20px|false|true\u00a0\u00bb custom_css_main_element=\u00a0\u00bbdisplay: flex;||align-items: center;\u00a0\u00bb locked=\u00a0\u00bboff\u00a0\u00bb global_colors_info=\u00a0\u00bb{}\u00a0\u00bb custom_css_main_element_last_edited=\u00a0\u00bbon|tablet\u00a0\u00bb custom_css_main_element_tablet=\u00a0\u00bbdisplay: block;\u00a0\u00bb custom_css_main_element_phone=\u00a0\u00bbdisplay: block;\u00a0\u00bb][et_pb_column type=\u00a0\u00bb1_2&Prime; _builder_version=\u00a0\u00bb4.24.0&Prime; _module_preset=\u00a0\u00bbdefault\u00a0\u00bb custom_padding=\u00a0\u00bb|2rem|||false|false\u00a0\u00bb custom_padding_tablet=\u00a0\u00bb|0rem|3rem||false|false\u00a0\u00bb custom_padding_phone=\u00a0\u00bb||1rem||false|false\u00a0\u00bb custom_padding_last_edited=\u00a0\u00bbon|tablet\u00a0\u00bb global_colors_info=\u00a0\u00bb{}\u00a0\u00bb custom_css_main_element_last_edited=\u00a0\u00bbon|tablet\u00a0\u00bb][et_pb_image src=\u00a0\u00bbhttps:\/\/www.ajisustainablesolutions.com\/wp-content\/uploads\/2024\/05\/adobestock_313059946-scaled.jpeg\u00a0\u00bb alt=\u00a0\u00bbGestion de projet\u00a0\u00bb title_text=\u00a0\u00bbadobestock_313059946&Prime; align=\u00a0\u00bbcenter\u00a0\u00bb module_class=\u00a0\u00bbcircle-image decor-image-orbit decor-image-orbit__yellow js-fade-in\u00a0\u00bb _builder_version=\u00a0\u00bb4.24.0&Prime; _module_preset=\u00a0\u00bbdefault\u00a0\u00bb width=\u00a0\u00bb100%\u00a0\u00bb width_tablet=\u00a0\u00bb100%\u00a0\u00bb width_phone=\u00a0\u00bb100%\u00a0\u00bb width_last_edited=\u00a0\u00bbon|tablet\u00a0\u00bb max_width=\u00a0\u00bb450px\u00a0\u00bb max_width_tablet=\u00a0\u00bb350px\u00a0\u00bb max_width_phone=\u00a0\u00bb250px\u00a0\u00bb max_width_last_edited=\u00a0\u00bbon|tablet\u00a0\u00bb custom_margin=\u00a0\u00bb||0px||false|false\u00a0\u00bb custom_padding=\u00a0\u00bb||0px||false|false\u00a0\u00bb border_radii=\u00a0\u00bbon|50%|50%|50%|50%\u00a0\u00bb global_colors_info=\u00a0\u00bb{}\u00a0\u00bb][\/et_pb_image][\/et_pb_column][et_pb_column type=\u00a0\u00bb1_2&Prime; _builder_version=\u00a0\u00bb4.24.0&Prime; _module_preset=\u00a0\u00bbdefault\u00a0\u00bb global_colors_info=\u00a0\u00bb{}\u00a0\u00bb custom_css_main_element_last_edited=\u00a0\u00bbon|tablet\u00a0\u00bb][et_pb_text module_class=\u00a0\u00bbjs-fade-in\u00a0\u00bb _builder_version=\u00a0\u00bb4.24.0&Prime; _module_preset=\u00a0\u00bbd5bb82bb-ca7f-41b5-a941-8d749cf329fe\u00a0\u00bb custom_margin=\u00a0\u00bb||1.2rem||false|false\u00a0\u00bb custom_margin_tablet=\u00a0\u00bb||1.2rem||false|false\u00a0\u00bb custom_margin_phone=\u00a0\u00bb||0.9rem||false|false\u00a0\u00bb custom_margin_last_edited=\u00a0\u00bbon|phone\u00a0\u00bb header_2_text_align_tablet=\u00a0\u00bbcenter\u00a0\u00bb header_2_text_align_phone=\u00a0\u00bbcenter\u00a0\u00bb header_2_text_align_last_edited=\u00a0\u00bbon|tablet\u00a0\u00bb global_colors_info=\u00a0\u00bb{}\u00a0\u00bb]<\/p>\n<h2>Assistance en gestion de projet<\/h2>\n<p>[\/et_pb_text][et_pb_text module_class=\u00a0\u00bbjs-fade-in\u00a0\u00bb _builder_version=\u00a0\u00bb4.24.0&Prime; _module_preset=\u00a0\u00bbd5bb82bb-ca7f-41b5-a941-8d749cf329fe\u00a0\u00bb custom_margin=\u00a0\u00bb||0px||false|false\u00a0\u00bb custom_padding=\u00a0\u00bb||0px||false|false\u00a0\u00bb text_orientation_tablet=\u00a0\u00bbcenter\u00a0\u00bb text_orientation_phone=\u00a0\u00bbcenter\u00a0\u00bb text_orientation_last_edited=\u00a0\u00bbon|tablet\u00a0\u00bb global_colors_info=\u00a0\u00bb{}\u00a0\u00bb]<\/p>\n<p>L\u2019\u00e9quipe de gestion de projet d\u2019Ajinomoto Sustainable Solutions vise \u00e0 r\u00e9pondre aux besoins de ses clients et de leurs produits.<\/p>\n<p>De l\u2019appel d\u2019offres \u00e0 l&rsquo;exp\u00e9dition des produits en passant par toutes les \u00e9tapes interm\u00e9diaires, l&rsquo;\u00e9quipe de gestion de projet s&rsquo;efforce de concilier les besoins et les attentes de toutes les parties prenantes, tout en ne perdant jamais de vue son objectif final : livrer des produits durables et de haute qualit\u00e9 \u00e0 temps.<\/p>\n<p>[\/et_pb_text][\/et_pb_column][\/et_pb_row][\/et_pb_section][et_pb_section fb_built=\u00a0\u00bb1&Prime; custom_padding_last_edited=\u00a0\u00bbon|phone\u00a0\u00bb module_class=\u00a0\u00bbfooter footer__gray arc-top-white\u00a0\u00bb _builder_version=\u00a0\u00bb4.24.0&Prime; _module_preset=\u00a0\u00bbdefault\u00a0\u00bb background_color=\u00a0\u00bb#4C5864&Prime; custom_padding=\u00a0\u00bb8rem||0px||false|false\u00a0\u00bb custom_padding_tablet=\u00a0\u00bb4rem||0px||false|false\u00a0\u00bb custom_padding_phone=\u00a0\u00bb2rem||0px||false|false\u00a0\u00bb locked=\u00a0\u00bboff\u00a0\u00bb global_colors_info=\u00a0\u00bb{}\u00a0\u00bb][et_pb_row make_equal=\u00a0\u00bbon\u00a0\u00bb custom_padding_last_edited=\u00a0\u00bbon|phone\u00a0\u00bb module_class=\u00a0\u00bbuw-row\u00a0\u00bb _builder_version=\u00a0\u00bb4.24.0&Prime; _module_preset=\u00a0\u00bbdefault\u00a0\u00bb width=\u00a0\u00bb100%\u00a0\u00bb max_width=\u00a0\u00bb1200px\u00a0\u00bb custom_padding=\u00a0\u00bb|30px||30px|false|true\u00a0\u00bb custom_padding_tablet=\u00a0\u00bb|30px|1rem|30px|false|true\u00a0\u00bb custom_padding_phone=\u00a0\u00bb|20px||20px|false|true\u00a0\u00bb locked=\u00a0\u00bboff\u00a0\u00bb global_colors_info=\u00a0\u00bb{}\u00a0\u00bb][et_pb_column type=\u00a0\u00bb4_4&Prime; _builder_version=\u00a0\u00bb4.24.0&Prime; _module_preset=\u00a0\u00bbdefault\u00a0\u00bb global_colors_info=\u00a0\u00bb{}\u00a0\u00bb][et_pb_text module_class=\u00a0\u00bbjs-fade-in\u00a0\u00bb _builder_version=\u00a0\u00bb4.24.0&Prime; _module_preset=\u00a0\u00bbd5bb82bb-ca7f-41b5-a941-8d749cf329fe\u00a0\u00bb text_text_color=\u00a0\u00bb#FFFFFF\u00a0\u00bb header_2_text_color=\u00a0\u00bb#FFFFFF\u00a0\u00bb max_width_tablet=\u00a0\u00bb100%\u00a0\u00bb max_width_phone=\u00a0\u00bb100%\u00a0\u00bb max_width_last_edited=\u00a0\u00bbon|tablet\u00a0\u00bb custom_margin_tablet=\u00a0\u00bb\u00a0\u00bb custom_margin_phone=\u00a0\u00bb||1.5rem||false|false\u00a0\u00bb custom_margin_last_edited=\u00a0\u00bbon|phone\u00a0\u00bb global_colors_info=\u00a0\u00bb{}\u00a0\u00bb]<\/p>\n<h2>ENVIE D\u2019EN SAVOIR PLUS SUR NOS SERVICES CDMO DE CHIMIE VERTE ? <\/h2>\n<p>[\/et_pb_text][dsm_contact_form_7 _builder_version=\u00a0\u00bb4.24.0&Prime; _module_preset=\u00a0\u00bbe960ee14-1ee9-4624-9e52-39fcec367ca7&Prime; max_width_tablet=\u00a0\u00bb100%\u00a0\u00bb max_width_phone=\u00a0\u00bb100%\u00a0\u00bb max_width_last_edited=\u00a0\u00bbon|tablet\u00a0\u00bb global_colors_info=\u00a0\u00bb{}\u00a0\u00bb][\/dsm_contact_form_7][\/et_pb_column][\/et_pb_row][\/et_pb_section]<\/p>\n","protected":false},"excerpt":{"rendered":"<p>Nos services CDMO de chimie verteNous fournissons des services CDMO dans le cadre du d\u00e9veloppement, de la mise \u00e0 l\u2019\u00e9chelle et de la fabrication de produits chimiques fins sur la base de proc\u00e9d\u00e9s chimiques durables, allant de quantit\u00e9s minimes de laboratoire \u00e0 des volumes de plusieurs tonnes. Sp\u00e9cialis\u00e9s dans la chimie verte depuis plus de [&hellip;]<\/p>\n","protected":false},"author":1,"featured_media":0,"parent":0,"menu_order":0,"comment_status":"closed","ping_status":"closed","template":"","meta":{"_acf_changed":false,"_et_pb_use_builder":"on","_et_pb_old_content":"","_et_gb_content_width":"","inline_featured_image":false,"footnotes":""},"dipi_cpt_category":[],"class_list":["post-3342","page","type-page","status-publish","hentry"],"acf":[],"yoast_head":"<!-- This site is optimized with the Yoast SEO Premium plugin v27.2 (Yoast SEO v27.5) - https:\/\/yoast.com\/product\/yoast-seo-premium-wordpress\/ -->\n<title>Fabrication de la chimie verte | Ajinomoto Sustainable Solutions<\/title>\n<meta name=\"description\" content=\"Ajinomoto propose des services CDMO pour le d\u00e9veloppement, la mise \u00e0 l\u2019\u00e9chelle et la fabrication durable de produits chimiques fins, du labo aux volumes industriels.\" \/>\n<meta name=\"robots\" content=\"index, follow, max-snippet:-1, max-image-preview:large, max-video-preview:-1\" \/>\n<link rel=\"canonical\" href=\"https:\/\/www.ajisustainablesolutions.com\/fr\/fabrication\/\" \/>\n<meta property=\"og:locale\" content=\"fr_FR\" \/>\n<meta property=\"og:type\" content=\"article\" \/>\n<meta property=\"og:title\" content=\"Fabrication\" \/>\n<meta property=\"og:description\" content=\"Ajinomoto propose des services CDMO pour le d\u00e9veloppement, la mise \u00e0 l\u2019\u00e9chelle et la fabrication durable de produits chimiques fins, du labo aux volumes industriels.\" \/>\n<meta property=\"og:site_name\" content=\"Green Chemistry \u2013 Fine Chemicals\" \/>\n<meta property=\"article:modified_time\" content=\"2025-12-23T14:00:08+00:00\" \/>\n<meta name=\"twitter:card\" content=\"summary_large_image\" \/>\n<meta name=\"twitter:label1\" content=\"Dur\u00e9e de lecture estim\u00e9e\" \/>\n\t<meta name=\"twitter:data1\" content=\"3 minutes\" \/>\n<script type=\"application\/ld+json\" class=\"yoast-schema-graph\">{\"@context\":\"https:\\\/\\\/schema.org\",\"@graph\":[{\"@type\":\"WebPage\",\"@id\":\"https:\\\/\\\/www.ajisustainablesolutions.com\\\/fr\\\/fabrication\\\/\",\"url\":\"https:\\\/\\\/www.ajisustainablesolutions.com\\\/fr\\\/fabrication\\\/\",\"name\":\"Fabrication de la chimie verte | Ajinomoto Sustainable Solutions\",\"isPartOf\":{\"@id\":\"https:\\\/\\\/www.ajisustainablesolutions.com\\\/fr\\\/#website\"},\"datePublished\":\"2024-05-10T06:40:30+00:00\",\"dateModified\":\"2025-12-23T14:00:08+00:00\",\"description\":\"Ajinomoto propose des services CDMO pour le d\u00e9veloppement, la mise \u00e0 l\u2019\u00e9chelle et la fabrication durable de produits chimiques fins, du labo aux volumes industriels.\",\"breadcrumb\":{\"@id\":\"https:\\\/\\\/www.ajisustainablesolutions.com\\\/fr\\\/fabrication\\\/#breadcrumb\"},\"inLanguage\":\"fr-FR\",\"potentialAction\":[{\"@type\":\"ReadAction\",\"target\":[\"https:\\\/\\\/www.ajisustainablesolutions.com\\\/fr\\\/fabrication\\\/\"]}]},{\"@type\":\"BreadcrumbList\",\"@id\":\"https:\\\/\\\/www.ajisustainablesolutions.com\\\/fr\\\/fabrication\\\/#breadcrumb\",\"itemListElement\":[{\"@type\":\"ListItem\",\"position\":1,\"name\":\"Home\",\"item\":\"https:\\\/\\\/www.ajisustainablesolutions.com\\\/fr\\\/\"},{\"@type\":\"ListItem\",\"position\":2,\"name\":\"Fabrication\"}]},{\"@type\":\"WebSite\",\"@id\":\"https:\\\/\\\/www.ajisustainablesolutions.com\\\/fr\\\/#website\",\"url\":\"https:\\\/\\\/www.ajisustainablesolutions.com\\\/fr\\\/\",\"name\":\"Green Chemistry \u2013 Fine Chemicals\",\"description\":\"\",\"publisher\":{\"@id\":\"https:\\\/\\\/www.ajisustainablesolutions.com\\\/fr\\\/#organization\"},\"potentialAction\":[{\"@type\":\"SearchAction\",\"target\":{\"@type\":\"EntryPoint\",\"urlTemplate\":\"https:\\\/\\\/www.ajisustainablesolutions.com\\\/fr\\\/?s={search_term_string}\"},\"query-input\":{\"@type\":\"PropertyValueSpecification\",\"valueRequired\":true,\"valueName\":\"search_term_string\"}}],\"inLanguage\":\"fr-FR\"},{\"@type\":\"Organization\",\"@id\":\"https:\\\/\\\/www.ajisustainablesolutions.com\\\/fr\\\/#organization\",\"name\":\"Ajinomoto\",\"url\":\"https:\\\/\\\/www.ajisustainablesolutions.com\\\/fr\\\/\",\"logo\":{\"@type\":\"ImageObject\",\"inLanguage\":\"fr-FR\",\"@id\":\"https:\\\/\\\/www.ajisustainablesolutions.com\\\/fr\\\/#\\\/schema\\\/logo\\\/image\\\/\",\"url\":\"https:\\\/\\\/www.ajisustainablesolutions.com\\\/wp-content\\\/uploads\\\/2024\\\/06\\\/Homepage-last-section-4.jpg\",\"contentUrl\":\"https:\\\/\\\/www.ajisustainablesolutions.com\\\/wp-content\\\/uploads\\\/2024\\\/06\\\/Homepage-last-section-4.jpg\",\"width\":1100,\"height\":752,\"caption\":\"Ajinomoto\"},\"image\":{\"@id\":\"https:\\\/\\\/www.ajisustainablesolutions.com\\\/fr\\\/#\\\/schema\\\/logo\\\/image\\\/\"}}]}<\/script>\n<!-- \/ Yoast SEO Premium plugin. -->","yoast_head_json":{"title":"Fabrication de la chimie verte | Ajinomoto Sustainable Solutions","description":"Ajinomoto propose des services CDMO pour le d\u00e9veloppement, la mise \u00e0 l\u2019\u00e9chelle et la fabrication durable de produits chimiques fins, du labo aux volumes industriels.","robots":{"index":"index","follow":"follow","max-snippet":"max-snippet:-1","max-image-preview":"max-image-preview:large","max-video-preview":"max-video-preview:-1"},"canonical":"https:\/\/www.ajisustainablesolutions.com\/fr\/fabrication\/","og_locale":"fr_FR","og_type":"article","og_title":"Fabrication","og_description":"Ajinomoto propose des services CDMO pour le d\u00e9veloppement, la mise \u00e0 l\u2019\u00e9chelle et la fabrication durable de produits chimiques fins, du labo aux volumes industriels.","og_site_name":"Green Chemistry \u2013 Fine Chemicals","article_modified_time":"2025-12-23T14:00:08+00:00","twitter_card":"summary_large_image","twitter_misc":{"Dur\u00e9e de lecture estim\u00e9e":"3 minutes"},"schema":{"@context":"https:\/\/schema.org","@graph":[{"@type":"WebPage","@id":"https:\/\/www.ajisustainablesolutions.com\/fr\/fabrication\/","url":"https:\/\/www.ajisustainablesolutions.com\/fr\/fabrication\/","name":"Fabrication de la chimie verte | Ajinomoto Sustainable Solutions","isPartOf":{"@id":"https:\/\/www.ajisustainablesolutions.com\/fr\/#website"},"datePublished":"2024-05-10T06:40:30+00:00","dateModified":"2025-12-23T14:00:08+00:00","description":"Ajinomoto propose des services CDMO pour le d\u00e9veloppement, la mise \u00e0 l\u2019\u00e9chelle et la fabrication durable de produits chimiques fins, du labo aux volumes industriels.","breadcrumb":{"@id":"https:\/\/www.ajisustainablesolutions.com\/fr\/fabrication\/#breadcrumb"},"inLanguage":"fr-FR","potentialAction":[{"@type":"ReadAction","target":["https:\/\/www.ajisustainablesolutions.com\/fr\/fabrication\/"]}]},{"@type":"BreadcrumbList","@id":"https:\/\/www.ajisustainablesolutions.com\/fr\/fabrication\/#breadcrumb","itemListElement":[{"@type":"ListItem","position":1,"name":"Home","item":"https:\/\/www.ajisustainablesolutions.com\/fr\/"},{"@type":"ListItem","position":2,"name":"Fabrication"}]},{"@type":"WebSite","@id":"https:\/\/www.ajisustainablesolutions.com\/fr\/#website","url":"https:\/\/www.ajisustainablesolutions.com\/fr\/","name":"Green Chemistry \u2013 Fine Chemicals","description":"","publisher":{"@id":"https:\/\/www.ajisustainablesolutions.com\/fr\/#organization"},"potentialAction":[{"@type":"SearchAction","target":{"@type":"EntryPoint","urlTemplate":"https:\/\/www.ajisustainablesolutions.com\/fr\/?s={search_term_string}"},"query-input":{"@type":"PropertyValueSpecification","valueRequired":true,"valueName":"search_term_string"}}],"inLanguage":"fr-FR"},{"@type":"Organization","@id":"https:\/\/www.ajisustainablesolutions.com\/fr\/#organization","name":"Ajinomoto","url":"https:\/\/www.ajisustainablesolutions.com\/fr\/","logo":{"@type":"ImageObject","inLanguage":"fr-FR","@id":"https:\/\/www.ajisustainablesolutions.com\/fr\/#\/schema\/logo\/image\/","url":"https:\/\/www.ajisustainablesolutions.com\/wp-content\/uploads\/2024\/06\/Homepage-last-section-4.jpg","contentUrl":"https:\/\/www.ajisustainablesolutions.com\/wp-content\/uploads\/2024\/06\/Homepage-last-section-4.jpg","width":1100,"height":752,"caption":"Ajinomoto"},"image":{"@id":"https:\/\/www.ajisustainablesolutions.com\/fr\/#\/schema\/logo\/image\/"}}]}},"_links":{"self":[{"href":"https:\/\/www.ajisustainablesolutions.com\/fr\/wp-json\/wp\/v2\/pages\/3342","targetHints":{"allow":["GET"]}}],"collection":[{"href":"https:\/\/www.ajisustainablesolutions.com\/fr\/wp-json\/wp\/v2\/pages"}],"about":[{"href":"https:\/\/www.ajisustainablesolutions.com\/fr\/wp-json\/wp\/v2\/types\/page"}],"author":[{"embeddable":true,"href":"https:\/\/www.ajisustainablesolutions.com\/fr\/wp-json\/wp\/v2\/users\/1"}],"replies":[{"embeddable":true,"href":"https:\/\/www.ajisustainablesolutions.com\/fr\/wp-json\/wp\/v2\/comments?post=3342"}],"version-history":[{"count":4,"href":"https:\/\/www.ajisustainablesolutions.com\/fr\/wp-json\/wp\/v2\/pages\/3342\/revisions"}],"predecessor-version":[{"id":4150,"href":"https:\/\/www.ajisustainablesolutions.com\/fr\/wp-json\/wp\/v2\/pages\/3342\/revisions\/4150"}],"wp:attachment":[{"href":"https:\/\/www.ajisustainablesolutions.com\/fr\/wp-json\/wp\/v2\/media?parent=3342"}],"wp:term":[{"taxonomy":"dipi_cpt_category","embeddable":true,"href":"https:\/\/www.ajisustainablesolutions.com\/fr\/wp-json\/wp\/v2\/dipi_cpt_category?post=3342"}],"curies":[{"name":"wp","href":"https:\/\/api.w.org\/{rel}","templated":true}]}}