{"id":4222,"date":"2026-04-22T06:35:22","date_gmt":"2026-04-22T06:35:22","guid":{"rendered":"https:\/\/www.ajisustainablesolutions.com\/fit-for-flow\/"},"modified":"2026-04-22T07:25:38","modified_gmt":"2026-04-22T07:25:38","slug":"fit-for-flow","status":"publish","type":"page","link":"https:\/\/www.ajisustainablesolutions.com\/es\/fit-for-flow\/","title":{"rendered":"Fit for Flow"},"content":{"rendered":"<p>[et_pb_section fb_built=\u00bb1&#8243; custom_padding_last_edited=\u00bbon|tablet\u00bb admin_label=\u00bbIntro\u00bb module_class=\u00bbarc-bottom-gray\u00bb _builder_version=\u00bb4.24.0&#8243; _module_preset=\u00bbdefault\u00bb background_enable_image=\u00bboff\u00bb height=\u00bb100vh\u00bb max_height=\u00bb800px\u00bb custom_padding_tablet=\u00bb4rem||0px||false|false\u00bb custom_padding_phone=\u00bb4rem||0px||false|false\u00bb bottom_divider_color=\u00bb#FFFFFF\u00bb custom_css_main_element=\u00bbdisplay: flex;||flex-direction: column;\u00bb locked=\u00bboff\u00bb global_colors_info=\u00bb{}\u00bb][et_pb_row custom_padding_last_edited=\u00bbon|phone\u00bb admin_label=\u00bbtext\u00bb module_class=\u00bbuw-row\u00bb _builder_version=\u00bb4.24.0&#8243; _module_preset=\u00bbdefault\u00bb z_index=\u00bb4&#8243; width=\u00bb100%\u00bb max_width=\u00bb1200px\u00bb custom_padding=\u00bb|30px||30px|false|true\u00bb custom_padding_tablet=\u00bb|30px||30px|false|true\u00bb custom_padding_phone=\u00bb|20px||20px|false|true\u00bb global_colors_info=\u00bb{}\u00bb][et_pb_column type=\u00bb4_4&#8243; _builder_version=\u00bb4.24.0&#8243; _module_preset=\u00bbdefault\u00bb background_color=\u00bbrgba(255,255,255,0.8)\u00bb custom_padding=\u00bb40px|40px|40px|40px|true|true\u00bb custom_padding_tablet=\u00bb40px|40px|40px|40px|true|true\u00bb custom_padding_phone=\u00bb20px|20px|20px|20px|true|true\u00bb custom_padding_last_edited=\u00bbon|phone\u00bb custom_css_main_element=\u00bbwidth: 100%!important;||max-width: 600px;||\u00bb global_colors_info=\u00bb{}\u00bb][et_pb_text module_class=\u00bbjs-fade-in\u00bb _builder_version=\u00bb4.24.0&#8243; _module_preset=\u00bbd5bb82bb-ca7f-41b5-a941-8d749cf329fe\u00bb header_3_text_color=\u00bb#7CBA38&#8243; custom_margin=\u00bb||0px||false|false\u00bb custom_margin_tablet=\u00bb||0px||false|false\u00bb custom_margin_phone=\u00bb||0px||false|false\u00bb custom_margin_last_edited=\u00bbon|tablet\u00bb global_colors_info=\u00bb{}\u00bb]<\/p>\n<h3>Fit for Flow<\/h3>\n<p>[\/et_pb_text][et_pb_text module_class=\u00bbjs-fade-in\u00bb _builder_version=\u00bb4.24.0&#8243; _module_preset=\u00bbd5bb82bb-ca7f-41b5-a941-8d749cf329fe\u00bb custom_margin=\u00bb||0px||false|false\u00bb custom_margin_tablet=\u00bb||0.5rem||false|false\u00bb custom_margin_phone=\u00bb||0rem||false|false\u00bb custom_margin_last_edited=\u00bbon|tablet\u00bb custom_padding=\u00bb||0px||false|false\u00bb hover_enabled=\u00bb0&#8243; global_colors_info=\u00bb{}\u00bb header_font_size=\u00bb3.3rem\u00bb sticky_enabled=\u00bb0&#8243;]<\/p>\n<h1><span style=\"font-weight: 400;\">Haz gratis el Fit For Flow Screening<\/span><\/h1>\n<p>[\/et_pb_text][\/et_pb_column][\/et_pb_row][et_pb_row admin_label=\u00bbbackground\u00bb module_class=\u00bbukiyo\u00bb _builder_version=\u00bb4.24.0&#8243; _module_preset=\u00bbdefault\u00bb background_image=\u00bbhttps:\/\/www.ajisustainablesolutions.com\/wp-content\/uploads\/2026\/04\/Ajinomoto_employee_yellow-suit-1.png\u00bb positioning=\u00bbabsolute\u00bb width=\u00bb100%\u00bb max_width=\u00bb100%\u00bb height=\u00bb100%\u00bb custom_padding=\u00bb0px|0px|0px|0px|false|false\u00bb global_colors_info=\u00bb{}\u00bb][et_pb_column type=\u00bb4_4&#8243; _builder_version=\u00bb4.24.0&#8243; _module_preset=\u00bbdefault\u00bb global_colors_info=\u00bb{}\u00bb][\/et_pb_column][\/et_pb_row][\/et_pb_section][et_pb_section fb_built=\u00bb1&#8243; custom_padding_last_edited=\u00bbon|tablet\u00bb _builder_version=\u00bb4.24.0&#8243; _module_preset=\u00bbdefault\u00bb background_color=\u00bb#E6EDEE\u00bb custom_padding=\u00bb5rem||4rem||false|false\u00bb custom_padding_tablet=\u00bb3rem||2rem||false|false\u00bb custom_padding_phone=\u00bb1.5rem||1rem||false|false\u00bb locked=\u00bboff\u00bb global_colors_info=\u00bb{}\u00bb][et_pb_row custom_padding_last_edited=\u00bbon|phone\u00bb module_class=\u00bbuw-row\u00bb _builder_version=\u00bb4.24.0&#8243; _module_preset=\u00bbdefault\u00bb background_color=\u00bbRGBA(255,255,255,0)\u00bb width=\u00bb100%\u00bb max_width=\u00bb1200px\u00bb custom_padding=\u00bb|30px||30px|false|true\u00bb custom_padding_tablet=\u00bb|30px||30px|false|true\u00bb custom_padding_phone=\u00bb1.5rem|20px||20px|false|true\u00bb locked=\u00bboff\u00bb global_colors_info=\u00bb{}\u00bb][et_pb_column type=\u00bb4_4&#8243; _builder_version=\u00bb4.24.0&#8243; _module_preset=\u00bbdefault\u00bb global_colors_info=\u00bb{}\u00bb][et_pb_text _builder_version=\u00bb4.24.0&#8243; _module_preset=\u00bbdefault\u00bb global_colors_info=\u00bb{}\u00bb]<\/p>\n<p><span style=\"font-weight: 400;\">En Ajinomoto Sustainable Solutions, nos complace ayudarte a obtener una ventaja competitiva sostenible. Por ejemplo, haciendo tus procesos m\u00e1s rentables y m\u00e1s sostenibles. Con la qu\u00edmica de flujo continuo, ahorras en promedio entre un 30% y hasta un 80% de energ\u00eda en comparaci\u00f3n con los procesos por lotes tradicionales, dependiendo de la aplicaci\u00f3n y la intensificaci\u00f3n del proceso. \u00bfTienes curiosidad por saber si tu proceso qu\u00edmico es adecuado para el flujo continuo? \u00a1Con mucho gusto realizamos el screening por ti!<\/span><\/p>\n<p>[\/et_pb_text][\/et_pb_column][\/et_pb_row][\/et_pb_section][et_pb_section fb_built=\u00bb1&#8243; custom_padding_last_edited=\u00bbon|phone\u00bb module_class=\u00bbfooter footer__gray arc-top-gray\u00bb _builder_version=\u00bb4.24.0&#8243; _module_preset=\u00bbdefault\u00bb background_color=\u00bb#4C5864&#8243; custom_padding=\u00bb8rem||0px||false|false\u00bb custom_padding_tablet=\u00bb6rem||0px||false|false\u00bb custom_padding_phone=\u00bb2rem||0px||false|false\u00bb locked=\u00bboff\u00bb global_colors_info=\u00bb{}\u00bb][et_pb_row make_equal=\u00bbon\u00bb custom_padding_last_edited=\u00bbon|phone\u00bb module_class=\u00bbuw-row\u00bb _builder_version=\u00bb4.24.0&#8243; _module_preset=\u00bbdefault\u00bb width=\u00bb100%\u00bb max_width=\u00bb1200px\u00bb custom_padding=\u00bb|30px||30px|false|true\u00bb custom_padding_tablet=\u00bb|30px|1rem|30px|false|true\u00bb custom_padding_phone=\u00bb|20px||20px|false|true\u00bb global_colors_info=\u00bb{}\u00bb][et_pb_column type=\u00bb4_4&#8243; _builder_version=\u00bb4.24.0&#8243; _module_preset=\u00bbdefault\u00bb global_colors_info=\u00bb{}\u00bb][et_pb_text module_class=\u00bbjs-fade-in\u00bb _builder_version=\u00bb4.24.0&#8243; _module_preset=\u00bbd5bb82bb-ca7f-41b5-a941-8d749cf329fe\u00bb text_text_color=\u00bb#FFFFFF\u00bb header_2_text_color=\u00bb#FFFFFF\u00bb max_width_tablet=\u00bb100%\u00bb max_width_phone=\u00bb100%\u00bb max_width_last_edited=\u00bbon|tablet\u00bb custom_margin_tablet=\u00bb\u00bb custom_margin_phone=\u00bb||1.5rem||false|false\u00bb custom_margin_last_edited=\u00bbon|phone\u00bb hover_enabled=\u00bb0&#8243; global_colors_info=\u00bb{}\u00bb sticky_enabled=\u00bb0&#8243;]<\/p>\n<h3 style=\"color: #ffffff;\"><span style=\"color: #ffffff;\">Rellena tus datos y nos pondremos en contacto contigo pronto:<br \/>\n<\/span><\/h3>\n<p>[\/et_pb_text][dsm_contact_form_7 cf7_library=\u00bb4215&#8243; _builder_version=\u00bb4.24.0&#8243; _module_preset=\u00bbe960ee14-1ee9-4624-9e52-39fcec367ca7&#8243; labels_text_color=\u00bb#FFFFFF\u00bb labels_font_size=\u00bb16px\u00bb max_width_tablet=\u00bb100%\u00bb max_width_phone=\u00bb100%\u00bb max_width_last_edited=\u00bbon|tablet\u00bb custom_margin=\u00bb||||false|false\u00bb custom_padding=\u00bb|5px||5px|false|false\u00bb global_colors_info=\u00bb{}\u00bb][\/dsm_contact_form_7][\/et_pb_column][\/et_pb_row][\/et_pb_section]<\/p>\n","protected":false},"excerpt":{"rendered":"<p>Fit for FlowHaz gratis el Fit For Flow ScreeningEn Ajinomoto Sustainable Solutions, nos complace ayudarte a obtener una ventaja competitiva sostenible. Por ejemplo, haciendo tus procesos m\u00e1s rentables y m\u00e1s sostenibles. Con la qu\u00edmica de flujo continuo, ahorras en promedio entre un 30% y hasta un 80% de energ\u00eda en comparaci\u00f3n con los procesos por [&hellip;]<\/p>\n","protected":false},"author":10,"featured_media":0,"parent":0,"menu_order":0,"comment_status":"closed","ping_status":"closed","template":"","meta":{"_acf_changed":false,"_et_pb_use_builder":"on","_et_pb_old_content":"<!-- wp:divi\/placeholder \/-->","_et_gb_content_width":"","inline_featured_image":false,"footnotes":""},"dipi_cpt_category":[],"class_list":["post-4222","page","type-page","status-publish","hentry"],"acf":[],"yoast_head":"<!-- This site is optimized with the Yoast SEO Premium plugin v27.2 (Yoast SEO v27.4) - https:\/\/yoast.com\/product\/yoast-seo-premium-wordpress\/ -->\n<title>Fit for Flow - Green Chemistry \u2013 Fine Chemicals<\/title>\n<meta name=\"robots\" content=\"noindex, nofollow\" \/>\n<meta property=\"og:locale\" content=\"es_ES\" \/>\n<meta property=\"og:type\" content=\"article\" \/>\n<meta property=\"og:title\" content=\"Fit for Flow\" \/>\n<meta property=\"og:description\" content=\"Fit for FlowHaz gratis el Fit For Flow ScreeningEn Ajinomoto Sustainable Solutions, nos complace ayudarte a obtener una ventaja competitiva sostenible. Por ejemplo, haciendo tus procesos m\u00e1s rentables y m\u00e1s sostenibles. Con la qu\u00edmica de flujo continuo, ahorras en promedio entre un 30% y hasta un 80% de energ\u00eda en comparaci\u00f3n con los procesos por [&hellip;]\" \/>\n<meta property=\"og:site_name\" content=\"Green Chemistry \u2013 Fine Chemicals\" \/>\n<meta property=\"article:modified_time\" content=\"2026-04-22T07:25:38+00:00\" \/>\n<meta name=\"twitter:card\" content=\"summary_large_image\" \/>\n<meta name=\"twitter:label1\" content=\"Tiempo de lectura\" \/>\n\t<meta name=\"twitter:data1\" content=\"1 minuto\" \/>\n<script type=\"application\/ld+json\" class=\"yoast-schema-graph\">{\"@context\":\"https:\\\/\\\/schema.org\",\"@graph\":[{\"@type\":\"WebPage\",\"@id\":\"https:\\\/\\\/www.ajisustainablesolutions.com\\\/es\\\/fit-for-flow\\\/\",\"url\":\"https:\\\/\\\/www.ajisustainablesolutions.com\\\/es\\\/fit-for-flow\\\/\",\"name\":\"Fit for Flow - Green Chemistry \u2013 Fine Chemicals\",\"isPartOf\":{\"@id\":\"https:\\\/\\\/www.ajisustainablesolutions.com\\\/es\\\/#website\"},\"datePublished\":\"2026-04-22T06:35:22+00:00\",\"dateModified\":\"2026-04-22T07:25:38+00:00\",\"breadcrumb\":{\"@id\":\"https:\\\/\\\/www.ajisustainablesolutions.com\\\/es\\\/fit-for-flow\\\/#breadcrumb\"},\"inLanguage\":\"es\",\"potentialAction\":[{\"@type\":\"ReadAction\",\"target\":[\"https:\\\/\\\/www.ajisustainablesolutions.com\\\/es\\\/fit-for-flow\\\/\"]}]},{\"@type\":\"BreadcrumbList\",\"@id\":\"https:\\\/\\\/www.ajisustainablesolutions.com\\\/es\\\/fit-for-flow\\\/#breadcrumb\",\"itemListElement\":[{\"@type\":\"ListItem\",\"position\":1,\"name\":\"Home\",\"item\":\"https:\\\/\\\/www.ajisustainablesolutions.com\\\/es\\\/\"},{\"@type\":\"ListItem\",\"position\":2,\"name\":\"Fit for Flow\"}]},{\"@type\":\"WebSite\",\"@id\":\"https:\\\/\\\/www.ajisustainablesolutions.com\\\/es\\\/#website\",\"url\":\"https:\\\/\\\/www.ajisustainablesolutions.com\\\/es\\\/\",\"name\":\"Green Chemistry \u2013 Fine Chemicals\",\"description\":\"\",\"publisher\":{\"@id\":\"https:\\\/\\\/www.ajisustainablesolutions.com\\\/es\\\/#organization\"},\"potentialAction\":[{\"@type\":\"SearchAction\",\"target\":{\"@type\":\"EntryPoint\",\"urlTemplate\":\"https:\\\/\\\/www.ajisustainablesolutions.com\\\/es\\\/?s={search_term_string}\"},\"query-input\":{\"@type\":\"PropertyValueSpecification\",\"valueRequired\":true,\"valueName\":\"search_term_string\"}}],\"inLanguage\":\"es\"},{\"@type\":\"Organization\",\"@id\":\"https:\\\/\\\/www.ajisustainablesolutions.com\\\/es\\\/#organization\",\"name\":\"Ajinomoto\",\"url\":\"https:\\\/\\\/www.ajisustainablesolutions.com\\\/es\\\/\",\"logo\":{\"@type\":\"ImageObject\",\"inLanguage\":\"es\",\"@id\":\"https:\\\/\\\/www.ajisustainablesolutions.com\\\/es\\\/#\\\/schema\\\/logo\\\/image\\\/\",\"url\":\"https:\\\/\\\/www.ajisustainablesolutions.com\\\/wp-content\\\/uploads\\\/2024\\\/06\\\/Homepage-last-section-4.jpg\",\"contentUrl\":\"https:\\\/\\\/www.ajisustainablesolutions.com\\\/wp-content\\\/uploads\\\/2024\\\/06\\\/Homepage-last-section-4.jpg\",\"width\":1100,\"height\":752,\"caption\":\"Ajinomoto\"},\"image\":{\"@id\":\"https:\\\/\\\/www.ajisustainablesolutions.com\\\/es\\\/#\\\/schema\\\/logo\\\/image\\\/\"}}]}<\/script>\n<!-- \/ Yoast SEO Premium plugin. -->","yoast_head_json":{"title":"Fit for Flow - Green Chemistry \u2013 Fine Chemicals","robots":{"index":"noindex","follow":"nofollow"},"og_locale":"es_ES","og_type":"article","og_title":"Fit for Flow","og_description":"Fit for FlowHaz gratis el Fit For Flow ScreeningEn Ajinomoto Sustainable Solutions, nos complace ayudarte a obtener una ventaja competitiva sostenible. Por ejemplo, haciendo tus procesos m\u00e1s rentables y m\u00e1s sostenibles. Con la qu\u00edmica de flujo continuo, ahorras en promedio entre un 30% y hasta un 80% de energ\u00eda en comparaci\u00f3n con los procesos por [&hellip;]","og_site_name":"Green Chemistry \u2013 Fine Chemicals","article_modified_time":"2026-04-22T07:25:38+00:00","twitter_card":"summary_large_image","twitter_misc":{"Tiempo de lectura":"1 minuto"},"schema":{"@context":"https:\/\/schema.org","@graph":[{"@type":"WebPage","@id":"https:\/\/www.ajisustainablesolutions.com\/es\/fit-for-flow\/","url":"https:\/\/www.ajisustainablesolutions.com\/es\/fit-for-flow\/","name":"Fit for Flow - Green Chemistry \u2013 Fine Chemicals","isPartOf":{"@id":"https:\/\/www.ajisustainablesolutions.com\/es\/#website"},"datePublished":"2026-04-22T06:35:22+00:00","dateModified":"2026-04-22T07:25:38+00:00","breadcrumb":{"@id":"https:\/\/www.ajisustainablesolutions.com\/es\/fit-for-flow\/#breadcrumb"},"inLanguage":"es","potentialAction":[{"@type":"ReadAction","target":["https:\/\/www.ajisustainablesolutions.com\/es\/fit-for-flow\/"]}]},{"@type":"BreadcrumbList","@id":"https:\/\/www.ajisustainablesolutions.com\/es\/fit-for-flow\/#breadcrumb","itemListElement":[{"@type":"ListItem","position":1,"name":"Home","item":"https:\/\/www.ajisustainablesolutions.com\/es\/"},{"@type":"ListItem","position":2,"name":"Fit for Flow"}]},{"@type":"WebSite","@id":"https:\/\/www.ajisustainablesolutions.com\/es\/#website","url":"https:\/\/www.ajisustainablesolutions.com\/es\/","name":"Green Chemistry \u2013 Fine Chemicals","description":"","publisher":{"@id":"https:\/\/www.ajisustainablesolutions.com\/es\/#organization"},"potentialAction":[{"@type":"SearchAction","target":{"@type":"EntryPoint","urlTemplate":"https:\/\/www.ajisustainablesolutions.com\/es\/?s={search_term_string}"},"query-input":{"@type":"PropertyValueSpecification","valueRequired":true,"valueName":"search_term_string"}}],"inLanguage":"es"},{"@type":"Organization","@id":"https:\/\/www.ajisustainablesolutions.com\/es\/#organization","name":"Ajinomoto","url":"https:\/\/www.ajisustainablesolutions.com\/es\/","logo":{"@type":"ImageObject","inLanguage":"es","@id":"https:\/\/www.ajisustainablesolutions.com\/es\/#\/schema\/logo\/image\/","url":"https:\/\/www.ajisustainablesolutions.com\/wp-content\/uploads\/2024\/06\/Homepage-last-section-4.jpg","contentUrl":"https:\/\/www.ajisustainablesolutions.com\/wp-content\/uploads\/2024\/06\/Homepage-last-section-4.jpg","width":1100,"height":752,"caption":"Ajinomoto"},"image":{"@id":"https:\/\/www.ajisustainablesolutions.com\/es\/#\/schema\/logo\/image\/"}}]}},"_links":{"self":[{"href":"https:\/\/www.ajisustainablesolutions.com\/es\/wp-json\/wp\/v2\/pages\/4222","targetHints":{"allow":["GET"]}}],"collection":[{"href":"https:\/\/www.ajisustainablesolutions.com\/es\/wp-json\/wp\/v2\/pages"}],"about":[{"href":"https:\/\/www.ajisustainablesolutions.com\/es\/wp-json\/wp\/v2\/types\/page"}],"author":[{"embeddable":true,"href":"https:\/\/www.ajisustainablesolutions.com\/es\/wp-json\/wp\/v2\/users\/10"}],"replies":[{"embeddable":true,"href":"https:\/\/www.ajisustainablesolutions.com\/es\/wp-json\/wp\/v2\/comments?post=4222"}],"version-history":[{"count":2,"href":"https:\/\/www.ajisustainablesolutions.com\/es\/wp-json\/wp\/v2\/pages\/4222\/revisions"}],"predecessor-version":[{"id":4228,"href":"https:\/\/www.ajisustainablesolutions.com\/es\/wp-json\/wp\/v2\/pages\/4222\/revisions\/4228"}],"wp:attachment":[{"href":"https:\/\/www.ajisustainablesolutions.com\/es\/wp-json\/wp\/v2\/media?parent=4222"}],"wp:term":[{"taxonomy":"dipi_cpt_category","embeddable":true,"href":"https:\/\/www.ajisustainablesolutions.com\/es\/wp-json\/wp\/v2\/dipi_cpt_category?post=4222"}],"curies":[{"name":"wp","href":"https:\/\/api.w.org\/{rel}","templated":true}]}}