{"id":3706,"date":"2025-03-10T11:46:57","date_gmt":"2025-03-10T11:46:57","guid":{"rendered":"https:\/\/www.ajisustainablesolutions.com\/nuestros-mercados\/textil\/"},"modified":"2025-03-17T15:41:33","modified_gmt":"2025-03-17T15:41:33","slug":"textil","status":"publish","type":"page","link":"https:\/\/www.ajisustainablesolutions.com\/es\/nuestros-mercados\/textil\/","title":{"rendered":"Textil"},"content":{"rendered":"<p>[et_pb_section fb_built=\u00bb1&#8243; custom_padding_last_edited=\u00bbon|tablet\u00bb admin_label=\u00bbIntro\u00bb module_class=\u00bbarc-bottom-white\u00bb _builder_version=\u00bb4.24.0&#8243; _module_preset=\u00bbdefault\u00bb background_enable_image=\u00bboff\u00bb height=\u00bb100vh\u00bb max_height=\u00bb800px\u00bb custom_padding_tablet=\u00bb4rem||0px||false|false\u00bb custom_padding_phone=\u00bb4rem||0px||false|false\u00bb bottom_divider_color=\u00bb#FFFFFF\u00bb custom_css_main_element=\u00bbdisplay: flex;||flex-direction: column;\u00bb locked=\u00bboff\u00bb global_colors_info=\u00bb{}\u00bb][et_pb_row custom_padding_last_edited=\u00bbon|phone\u00bb admin_label=\u00bbtexto\u00bb module_class=\u00bbuw-row\u00bb _builder_version=\u00bb4.24.0&#8243; _module_preset=\u00bbdefault\u00bb z_index=\u00bb4&#8243; width=\u00bb100%\u00bb max_width=\u00bb1200px\u00bb custom_padding=\u00bb|30px||30px|false|true\u00bb custom_padding_tablet=\u00bb|30px||30px|false|true\u00bb custom_padding_phone=\u00bb|20px||20px|false|true\u00bb custom_css_main_element=\u00bbdisplay: flex;||justify-content: flex-start;\u00bb global_colors_info=\u00bb{}\u00bb][et_pb_column type=\u00bb4_4&#8243; _builder_version=\u00bb4.24.0&#8243; _module_preset=\u00bbdefault\u00bb background_color=\u00bbrgba(255,255,255,0.8)\u00bb custom_padding=\u00bb40px|40px|40px|40px|true|true\u00bb custom_padding_tablet=\u00bb40px|40px|40px|40px|true|true\u00bb custom_padding_phone=\u00bb20px|20px|20px|20px|true|true\u00bb custom_padding_last_edited=\u00bbon|phone\u00bb custom_css_main_element=\u00bbwidth: auto!important;||max-width: 680px;||backdrop-filter: blur(10px);\u00bb global_colors_info=\u00bb{}\u00bb][et_pb_text module_class=\u00bbjs-fade-in\u00bb _builder_version=\u00bb4.24.0&#8243; _module_preset=\u00bbd5bb82bb-ca7f-41b5-a941-8d749cf329fe\u00bb custom_margin_tablet=\u00bb||0.5rem||false|false\u00bb custom_margin_phone=\u00bb||0rem||false|false\u00bb custom_margin_last_edited=\u00bbon|tablet\u00bb global_colors_info=\u00bb{}\u00bb]<\/p>\n<h1>Textil<\/h1>\n<p>[\/et_pb_text][\/et_pb_column][\/et_pb_row][et_pb_row admin_label=\u00bbbackground\u00bb module_class=\u00bbukiyo\u00bb _builder_version=\u00bb4.24.0&#8243; _module_preset=\u00bbdefault\u00bb background_image=\u00bbhttps:\/\/www.ajisustainablesolutions.com\/wp-content\/uploads\/2025\/03\/ekaterina-grosheva-la2P2D6PPyA-unsplash.jpg\u00bb background_position=\u00bbtop_center\u00bb positioning=\u00bbabsolute\u00bb width=\u00bb100%\u00bb max_width=\u00bb100%\u00bb height=\u00bb100%\u00bb custom_padding=\u00bb0px|0px|0px|0px|false|false\u00bb global_colors_info=\u00bb{}\u00bb][et_pb_column type=\u00bb4_4&#8243; _builder_version=\u00bb4.24.0&#8243; _module_preset=\u00bbdefault\u00bb global_colors_info=\u00bb{}\u00bb][\/et_pb_column][\/et_pb_row][\/et_pb_section][et_pb_section fb_built=\u00bb1&#8243; custom_padding_last_edited=\u00bbon|tablet\u00bb module_class=\u00bbdecor-orbit-right decor-orbit__yellow\u00bb _builder_version=\u00bb4.24.0&#8243; _module_preset=\u00bbdefault\u00bb custom_padding=\u00bb4rem||6rem||false|false\u00bb custom_padding_tablet=\u00bb||4rem||false|false\u00bb custom_padding_phone=\u00bb1rem||1rem||false|false\u00bb locked=\u00bboff\u00bb global_colors_info=\u00bb{}\u00bb][et_pb_row custom_padding_last_edited=\u00bbon|phone\u00bb module_class=\u00bbuw-row\u00bb _builder_version=\u00bb4.24.0&#8243; _module_preset=\u00bbdefault\u00bb width=\u00bb100%\u00bb max_width=\u00bb1200px\u00bb custom_padding=\u00bb|30px||30px|false|true\u00bb custom_padding_tablet=\u00bb|30px||30px|false|true\u00bb custom_padding_phone=\u00bb|20px||20px|false|true\u00bb global_colors_info=\u00bb{}\u00bb][et_pb_column type=\u00bb4_4&#8243; _builder_version=\u00bb4.24.0&#8243; _module_preset=\u00bbdefault\u00bb global_colors_info=\u00bb{}\u00bb][et_pb_text module_class=\u00bbjs-fade-in\u00bb _builder_version=\u00bb4.24.0&#8243; _module_preset=\u00bbd5bb82bb-ca7f-41b5-a941-8d749cf329fe\u00bb header_2_text_align=\u00bbleft\u00bb custom_margin=\u00bb||1.5rem||false|false\u00bb custom_margin_tablet=\u00bb||1.5rem||false|false\u00bb custom_margin_phone=\u00bb||0.5rem||false|false\u00bb custom_margin_last_edited=\u00bbon|phone\u00bb global_colors_info=\u00bb{}\u00bb]<\/p>\n<h2>Acabado flocado<\/h2>\n<p>[\/et_pb_text][et_pb_text module_class=\u00bbjs-fade-in\u00bb _builder_version=\u00bb4.24.0&#8243; _module_preset=\u00bbb9431c7e-1947-490e-a79e-afbfd94d4ff6&#8243; link_text_color=\u00bb#7CBA38&#8243; max_width=\u00bb100%\u00bb max_width_tablet=\u00bb100%\u00bb max_width_phone=\u00bb100%\u00bb max_width_last_edited=\u00bbon|desktop\u00bb hover_enabled=\u00bb0&#8243; global_colors_info=\u00bb{}\u00bb sticky_enabled=\u00bb0&#8243;]<\/p>\n<p>La mayor\u00eda de los sistemas de activaci\u00f3n de flocado que se utilizan hoy en d\u00eda para aplicaciones de CA y CC son procesos basados en los taninos, que garantizan una actividad adecuada y duradera, una densidad superior del flocado y buenas propiedades de manipulaci\u00f3n.<\/p>\n<p>ASSO ha desarrollado una gama completa de galotaninos (gama <strong>Floctan\u00ae<\/strong>), que ofrece la garant\u00eda de un proceso eficiente para la preparaci\u00f3n de flocados conductores estables a la humedad a partir de nailon, ray\u00f3n, poli\u00e9ster, etc.<\/p>\n<p>[\/et_pb_text][et_pb_text module_class=\u00bbjs-fade-in\u00bb _builder_version=\u00bb4.24.0&#8243; _module_preset=\u00bbd5bb82bb-ca7f-41b5-a941-8d749cf329fe\u00bb header_2_text_align=\u00bbleft\u00bb custom_margin=\u00bb||1.5rem||false|false\u00bb custom_margin_tablet=\u00bb||1.5rem||false|false\u00bb custom_margin_phone=\u00bb||0.5rem||false|false\u00bb custom_margin_last_edited=\u00bbon|phone\u00bb global_colors_info=\u00bb{}\u00bb]<\/p>\n<h2>Fijaci\u00f3n de color<\/h2>\n<p>[\/et_pb_text][et_pb_text module_class=\u00bbjs-fade-in\u00bb _builder_version=\u00bb4.24.0&#8243; _module_preset=\u00bbb9431c7e-1947-490e-a79e-afbfd94d4ff6&#8243; link_text_color=\u00bb#7CBA38&#8243; max_width=\u00bb100%\u00bb max_width_tablet=\u00bb100%\u00bb max_width_phone=\u00bb100%\u00bb max_width_last_edited=\u00bbon|desktop\u00bb global_colors_info=\u00bb{}\u00bb]<\/p>\n<p>Los \u00e1cidos t\u00e1nicos son una alternativa ecosostenible a los sint\u00e9ticos derivados del petr\u00f3leo, al ser de origen vegetal, 100\u00a0% exentos de formaldeh\u00eddo y bisfenol.<\/p>\n<p>[\/et_pb_text][et_pb_text module_class=\u00bbjs-fade-in\u00bb _builder_version=\u00bb4.24.0&#8243; _module_preset=\u00bbb9431c7e-1947-490e-a79e-afbfd94d4ff6&#8243; link_text_color=\u00bb#7CBA38&#8243; max_width=\u00bb100%\u00bb max_width_tablet=\u00bb100%\u00bb max_width_phone=\u00bb100%\u00bb max_width_last_edited=\u00bbon|desktop\u00bb custom_margin=\u00bb||1.5rem||false|false\u00bb locked=\u00bboff\u00bb global_colors_info=\u00bb{}\u00bb]<\/p>\n<p>Para obtener informaci\u00f3n m\u00e1s detallada, p\u00f3ngase en contacto con nosotros a trav\u00e9s de nuestro formulario de contacto.<\/p>\n<p>[\/et_pb_text][et_pb_button button_url=\u00bb@ET-DC@eyJkeW5hbWljIjp0cnVlLCJjb250ZW50IjoicG9zdF9saW5rX3VybF9wYWdlIiwic2V0dGluZ3MiOnsicG9zdF9pZCI6IjIzIn19@\u00bb button_text=\u00bbContact form\u00bb _builder_version=\u00bb4.24.0&#8243; _dynamic_attributes=\u00bbbutton_url\u00bb _module_preset=\u00bb1ea8a6b8-c4e2-4823-80fe-549bd98da130&#8243; button_text_color=\u00bb#FFFFFF\u00bb button_bg_color=\u00bb#7CBA38&#8243; button_border_color=\u00bb#7CBA38&#8243; global_colors_info=\u00bb{}\u00bb button_bg_color__hover_enabled=\u00bbon|hover\u00bb button_bg_color__hover=\u00bb#5b9f10&#8243; button_bg_enable_color__hover=\u00bbon\u00bb button_border_color__hover_enabled=\u00bbon|hover\u00bb button_border_color__hover=\u00bb#5b9f10&#8243;][\/et_pb_button][\/et_pb_column][\/et_pb_row][\/et_pb_section]<\/p>\n","protected":false},"excerpt":{"rendered":"<p>TextilAcabado flocadoLa mayor\u00eda de los sistemas de activaci\u00f3n de flocado que se utilizan hoy en d\u00eda para aplicaciones de CA y CC son procesos basados en los taninos, que garantizan una actividad adecuada y duradera, una densidad superior del flocado y buenas propiedades de manipulaci\u00f3n. ASSO ha desarrollado una gama completa de galotaninos (gama Floctan\u00ae), [&hellip;]<\/p>\n","protected":false},"author":1,"featured_media":0,"parent":3643,"menu_order":0,"comment_status":"closed","ping_status":"closed","template":"","meta":{"_acf_changed":false,"_et_pb_use_builder":"on","_et_pb_old_content":"","_et_gb_content_width":"","inline_featured_image":false,"footnotes":""},"dipi_cpt_category":[],"class_list":["post-3706","page","type-page","status-publish","hentry"],"acf":[],"yoast_head":"<!-- This site is optimized with the Yoast SEO Premium plugin v27.2 (Yoast SEO v27.5) - https:\/\/yoast.com\/product\/yoast-seo-premium-wordpress\/ -->\n<title>Textil - Green Chemistry \u2013 Fine Chemicals<\/title>\n<meta name=\"robots\" content=\"index, follow, max-snippet:-1, max-image-preview:large, max-video-preview:-1\" \/>\n<link rel=\"canonical\" href=\"https:\/\/www.ajisustainablesolutions.com\/es\/nuestros-mercados\/textil\/\" \/>\n<meta property=\"og:locale\" content=\"es_ES\" \/>\n<meta property=\"og:type\" content=\"article\" \/>\n<meta property=\"og:title\" content=\"Textil\" \/>\n<meta property=\"og:description\" content=\"TextilAcabado flocadoLa mayor\u00eda de los sistemas de activaci\u00f3n de flocado que se utilizan hoy en d\u00eda para aplicaciones de CA y CC son procesos basados en los taninos, que garantizan una actividad adecuada y duradera, una densidad superior del flocado y buenas propiedades de manipulaci\u00f3n. ASSO ha desarrollado una gama completa de galotaninos (gama Floctan\u00ae), [&hellip;]\" \/>\n<meta property=\"og:site_name\" content=\"Green Chemistry \u2013 Fine Chemicals\" \/>\n<meta property=\"article:modified_time\" content=\"2025-03-17T15:41:33+00:00\" \/>\n<meta name=\"twitter:card\" content=\"summary_large_image\" \/>\n<meta name=\"twitter:label1\" content=\"Tiempo de lectura\" \/>\n\t<meta name=\"twitter:data1\" content=\"4 minutos\" \/>\n<script type=\"application\/ld+json\" class=\"yoast-schema-graph\">{\"@context\":\"https:\\\/\\\/schema.org\",\"@graph\":[{\"@type\":\"WebPage\",\"@id\":\"https:\\\/\\\/www.ajisustainablesolutions.com\\\/es\\\/nuestros-mercados\\\/textil\\\/\",\"url\":\"https:\\\/\\\/www.ajisustainablesolutions.com\\\/es\\\/nuestros-mercados\\\/textil\\\/\",\"name\":\"Textil - Green Chemistry \u2013 Fine Chemicals\",\"isPartOf\":{\"@id\":\"https:\\\/\\\/www.ajisustainablesolutions.com\\\/es\\\/#website\"},\"datePublished\":\"2025-03-10T11:46:57+00:00\",\"dateModified\":\"2025-03-17T15:41:33+00:00\",\"breadcrumb\":{\"@id\":\"https:\\\/\\\/www.ajisustainablesolutions.com\\\/es\\\/nuestros-mercados\\\/textil\\\/#breadcrumb\"},\"inLanguage\":\"es\",\"potentialAction\":[{\"@type\":\"ReadAction\",\"target\":[\"https:\\\/\\\/www.ajisustainablesolutions.com\\\/es\\\/nuestros-mercados\\\/textil\\\/\"]}]},{\"@type\":\"BreadcrumbList\",\"@id\":\"https:\\\/\\\/www.ajisustainablesolutions.com\\\/es\\\/nuestros-mercados\\\/textil\\\/#breadcrumb\",\"itemListElement\":[{\"@type\":\"ListItem\",\"position\":1,\"name\":\"Home\",\"item\":\"https:\\\/\\\/www.ajisustainablesolutions.com\\\/es\\\/\"},{\"@type\":\"ListItem\",\"position\":2,\"name\":\"Nuestros mercados\",\"item\":\"https:\\\/\\\/www.ajisustainablesolutions.com\\\/es\\\/nuestros-mercados\\\/\"},{\"@type\":\"ListItem\",\"position\":3,\"name\":\"Textil\"}]},{\"@type\":\"WebSite\",\"@id\":\"https:\\\/\\\/www.ajisustainablesolutions.com\\\/es\\\/#website\",\"url\":\"https:\\\/\\\/www.ajisustainablesolutions.com\\\/es\\\/\",\"name\":\"Green Chemistry \u2013 Fine Chemicals\",\"description\":\"\",\"publisher\":{\"@id\":\"https:\\\/\\\/www.ajisustainablesolutions.com\\\/es\\\/#organization\"},\"potentialAction\":[{\"@type\":\"SearchAction\",\"target\":{\"@type\":\"EntryPoint\",\"urlTemplate\":\"https:\\\/\\\/www.ajisustainablesolutions.com\\\/es\\\/?s={search_term_string}\"},\"query-input\":{\"@type\":\"PropertyValueSpecification\",\"valueRequired\":true,\"valueName\":\"search_term_string\"}}],\"inLanguage\":\"es\"},{\"@type\":\"Organization\",\"@id\":\"https:\\\/\\\/www.ajisustainablesolutions.com\\\/es\\\/#organization\",\"name\":\"Ajinomoto\",\"url\":\"https:\\\/\\\/www.ajisustainablesolutions.com\\\/es\\\/\",\"logo\":{\"@type\":\"ImageObject\",\"inLanguage\":\"es\",\"@id\":\"https:\\\/\\\/www.ajisustainablesolutions.com\\\/es\\\/#\\\/schema\\\/logo\\\/image\\\/\",\"url\":\"https:\\\/\\\/www.ajisustainablesolutions.com\\\/wp-content\\\/uploads\\\/2024\\\/06\\\/Homepage-last-section-4.jpg\",\"contentUrl\":\"https:\\\/\\\/www.ajisustainablesolutions.com\\\/wp-content\\\/uploads\\\/2024\\\/06\\\/Homepage-last-section-4.jpg\",\"width\":1100,\"height\":752,\"caption\":\"Ajinomoto\"},\"image\":{\"@id\":\"https:\\\/\\\/www.ajisustainablesolutions.com\\\/es\\\/#\\\/schema\\\/logo\\\/image\\\/\"}}]}<\/script>\n<!-- \/ Yoast SEO Premium plugin. -->","yoast_head_json":{"title":"Textil - Green Chemistry \u2013 Fine Chemicals","robots":{"index":"index","follow":"follow","max-snippet":"max-snippet:-1","max-image-preview":"max-image-preview:large","max-video-preview":"max-video-preview:-1"},"canonical":"https:\/\/www.ajisustainablesolutions.com\/es\/nuestros-mercados\/textil\/","og_locale":"es_ES","og_type":"article","og_title":"Textil","og_description":"TextilAcabado flocadoLa mayor\u00eda de los sistemas de activaci\u00f3n de flocado que se utilizan hoy en d\u00eda para aplicaciones de CA y CC son procesos basados en los taninos, que garantizan una actividad adecuada y duradera, una densidad superior del flocado y buenas propiedades de manipulaci\u00f3n. ASSO ha desarrollado una gama completa de galotaninos (gama Floctan\u00ae), [&hellip;]","og_site_name":"Green Chemistry \u2013 Fine Chemicals","article_modified_time":"2025-03-17T15:41:33+00:00","twitter_card":"summary_large_image","twitter_misc":{"Tiempo de lectura":"4 minutos"},"schema":{"@context":"https:\/\/schema.org","@graph":[{"@type":"WebPage","@id":"https:\/\/www.ajisustainablesolutions.com\/es\/nuestros-mercados\/textil\/","url":"https:\/\/www.ajisustainablesolutions.com\/es\/nuestros-mercados\/textil\/","name":"Textil - Green Chemistry \u2013 Fine Chemicals","isPartOf":{"@id":"https:\/\/www.ajisustainablesolutions.com\/es\/#website"},"datePublished":"2025-03-10T11:46:57+00:00","dateModified":"2025-03-17T15:41:33+00:00","breadcrumb":{"@id":"https:\/\/www.ajisustainablesolutions.com\/es\/nuestros-mercados\/textil\/#breadcrumb"},"inLanguage":"es","potentialAction":[{"@type":"ReadAction","target":["https:\/\/www.ajisustainablesolutions.com\/es\/nuestros-mercados\/textil\/"]}]},{"@type":"BreadcrumbList","@id":"https:\/\/www.ajisustainablesolutions.com\/es\/nuestros-mercados\/textil\/#breadcrumb","itemListElement":[{"@type":"ListItem","position":1,"name":"Home","item":"https:\/\/www.ajisustainablesolutions.com\/es\/"},{"@type":"ListItem","position":2,"name":"Nuestros mercados","item":"https:\/\/www.ajisustainablesolutions.com\/es\/nuestros-mercados\/"},{"@type":"ListItem","position":3,"name":"Textil"}]},{"@type":"WebSite","@id":"https:\/\/www.ajisustainablesolutions.com\/es\/#website","url":"https:\/\/www.ajisustainablesolutions.com\/es\/","name":"Green Chemistry \u2013 Fine Chemicals","description":"","publisher":{"@id":"https:\/\/www.ajisustainablesolutions.com\/es\/#organization"},"potentialAction":[{"@type":"SearchAction","target":{"@type":"EntryPoint","urlTemplate":"https:\/\/www.ajisustainablesolutions.com\/es\/?s={search_term_string}"},"query-input":{"@type":"PropertyValueSpecification","valueRequired":true,"valueName":"search_term_string"}}],"inLanguage":"es"},{"@type":"Organization","@id":"https:\/\/www.ajisustainablesolutions.com\/es\/#organization","name":"Ajinomoto","url":"https:\/\/www.ajisustainablesolutions.com\/es\/","logo":{"@type":"ImageObject","inLanguage":"es","@id":"https:\/\/www.ajisustainablesolutions.com\/es\/#\/schema\/logo\/image\/","url":"https:\/\/www.ajisustainablesolutions.com\/wp-content\/uploads\/2024\/06\/Homepage-last-section-4.jpg","contentUrl":"https:\/\/www.ajisustainablesolutions.com\/wp-content\/uploads\/2024\/06\/Homepage-last-section-4.jpg","width":1100,"height":752,"caption":"Ajinomoto"},"image":{"@id":"https:\/\/www.ajisustainablesolutions.com\/es\/#\/schema\/logo\/image\/"}}]}},"_links":{"self":[{"href":"https:\/\/www.ajisustainablesolutions.com\/es\/wp-json\/wp\/v2\/pages\/3706","targetHints":{"allow":["GET"]}}],"collection":[{"href":"https:\/\/www.ajisustainablesolutions.com\/es\/wp-json\/wp\/v2\/pages"}],"about":[{"href":"https:\/\/www.ajisustainablesolutions.com\/es\/wp-json\/wp\/v2\/types\/page"}],"author":[{"embeddable":true,"href":"https:\/\/www.ajisustainablesolutions.com\/es\/wp-json\/wp\/v2\/users\/1"}],"replies":[{"embeddable":true,"href":"https:\/\/www.ajisustainablesolutions.com\/es\/wp-json\/wp\/v2\/comments?post=3706"}],"version-history":[{"count":5,"href":"https:\/\/www.ajisustainablesolutions.com\/es\/wp-json\/wp\/v2\/pages\/3706\/revisions"}],"predecessor-version":[{"id":3954,"href":"https:\/\/www.ajisustainablesolutions.com\/es\/wp-json\/wp\/v2\/pages\/3706\/revisions\/3954"}],"up":[{"embeddable":true,"href":"https:\/\/www.ajisustainablesolutions.com\/es\/wp-json\/wp\/v2\/pages\/3643"}],"wp:attachment":[{"href":"https:\/\/www.ajisustainablesolutions.com\/es\/wp-json\/wp\/v2\/media?parent=3706"}],"wp:term":[{"taxonomy":"dipi_cpt_category","embeddable":true,"href":"https:\/\/www.ajisustainablesolutions.com\/es\/wp-json\/wp\/v2\/dipi_cpt_category?post=3706"}],"curies":[{"name":"wp","href":"https:\/\/api.w.org\/{rel}","templated":true}]}}