{"id":3345,"date":"2024-05-10T06:40:30","date_gmt":"2024-05-10T06:40:30","guid":{"rendered":"https:\/\/www.ajisustainablesolutions.com\/fabricacion\/"},"modified":"2025-12-23T14:20:01","modified_gmt":"2025-12-23T14:20:01","slug":"fabricacion","status":"publish","type":"page","link":"https:\/\/www.ajisustainablesolutions.com\/es\/fabricacion\/","title":{"rendered":"Fabricaci\u00f3n"},"content":{"rendered":"<p>[et_pb_section fb_built=\u00bb1&#8243; custom_padding_last_edited=\u00bbon|tablet\u00bb admin_label=\u00bbIntro\u00bb module_class=\u00bbarc-bottom-gray\u00bb _builder_version=\u00bb4.24.0&#8243; _module_preset=\u00bbdefault\u00bb background_enable_image=\u00bboff\u00bb min_height=\u00bb100vh\u00bb custom_padding_tablet=\u00bb4rem||0px||false|false\u00bb custom_padding_phone=\u00bb4rem||0px||false|false\u00bb bottom_divider_color=\u00bb#FFFFFF\u00bb custom_css_main_element=\u00bbdisplay: flex;||flex-direction: column;\u00bb locked=\u00bboff\u00bb global_colors_info=\u00bb{}\u00bb][et_pb_row custom_padding_last_edited=\u00bbon|phone\u00bb admin_label=\u00bbtexto\u00bb module_class=\u00bbuw-row\u00bb _builder_version=\u00bb4.24.0&#8243; _module_preset=\u00bbdefault\u00bb z_index=\u00bb4&#8243; width=\u00bb100%\u00bb max_width=\u00bb1200px\u00bb custom_padding=\u00bb|30px||30px|false|true\u00bb custom_padding_tablet=\u00bb|30px||30px|false|true\u00bb custom_padding_phone=\u00bb|20px||20px|false|true\u00bb custom_css_main_element=\u00bbdisplay: flex;||justify-content: flex-start;\u00bb global_colors_info=\u00bb{}\u00bb][et_pb_column type=\u00bb4_4&#8243; _builder_version=\u00bb4.24.0&#8243; _module_preset=\u00bbdefault\u00bb background_color=\u00bbrgba(255,255,255,0.8)\u00bb custom_padding=\u00bb40px|40px|40px|40px|true|true\u00bb custom_padding_tablet=\u00bb40px|40px|40px|40px|true|true\u00bb custom_padding_phone=\u00bb20px|20px|20px|20px|true|true\u00bb custom_padding_last_edited=\u00bbon|phone\u00bb custom_css_main_element=\u00bbwidth: auto!important;||max-width: 800px;\u00bb global_colors_info=\u00bb{}\u00bb][et_pb_text module_class=\u00bbjs-fade-in\u00bb _builder_version=\u00bb4.24.0&#8243; _module_preset=\u00bbd5bb82bb-ca7f-41b5-a941-8d749cf329fe\u00bb custom_margin_tablet=\u00bb||0.5rem||false|false\u00bb custom_margin_phone=\u00bb||0rem||false|false\u00bb custom_margin_last_edited=\u00bbon|tablet\u00bb global_colors_info=\u00bb{}\u00bb]<\/p>\n<h1>Nuestros servicios de CDMO verdes<\/h1>\n<p>[\/et_pb_text][et_pb_text module_class=\u00bbjs-fade-in\u00bb _builder_version=\u00bb4.24.0&#8243; _module_preset=\u00bbb9431c7e-1947-490e-a79e-afbfd94d4ff6&#8243; max_width=\u00bb100%\u00bb custom_margin_tablet=\u00bb||0px||false|false\u00bb custom_margin_phone=\u00bb||0px||false|false\u00bb custom_margin_last_edited=\u00bbon|tablet\u00bb global_colors_info=\u00bb{}\u00bb]<\/p>\n<p>Ofrecemos servicios de CDMO (organizaci\u00f3n de desarrollo y fabricaci\u00f3n por contrato) para el desarrollo, escalado y fabricaci\u00f3n de productos qu\u00edmicos finos basados en una qu\u00edmica sostenible desde cantidades de laboratorio hasta varias toneladas.<\/p>\n<p>Con m\u00e1s de 75 a\u00f1os de especializaci\u00f3n en qu\u00edmica verde, combinamos nuestra experiencia en extracciones vegetales y manejo de fermentaci\u00f3n con las \u00faltimas tecnolog\u00edas innovadoras en el \u00e1mbito qu\u00edmico.<\/p>\n<p>Por ello, somos un socio de confianza para empresas de diversos sectores, como la cosm\u00e9tica, las fragancias, la alimentaci\u00f3n o los piensos. <\/p>\n<p>[\/et_pb_text][\/et_pb_column][\/et_pb_row][et_pb_row admin_label=\u00bbbackground\u00bb module_class=\u00bb_ukiyo\u00bb _builder_version=\u00bb4.24.0&#8243; _module_preset=\u00bbdefault\u00bb background_image=\u00bbhttps:\/\/www.ajisustainablesolutions.com\/wp-content\/uploads\/2024\/05\/image55-upscale-scaled.jpg\u00bb background_position=\u00bbtop_center\u00bb positioning=\u00bbabsolute\u00bb width=\u00bb100%\u00bb max_width=\u00bb100%\u00bb height=\u00bb100%\u00bb custom_padding=\u00bb0px|0px|0px|0px|false|false\u00bb global_colors_info=\u00bb{}\u00bb][et_pb_column type=\u00bb4_4&#8243; _builder_version=\u00bb4.24.0&#8243; _module_preset=\u00bbdefault\u00bb global_colors_info=\u00bb{}\u00bb][\/et_pb_column][\/et_pb_row][\/et_pb_section][et_pb_section fb_built=\u00bb1&#8243; custom_padding_last_edited=\u00bbon|tablet\u00bb module_class=\u00bbdecor-orbit-right decor-orbit__yellow-position-2&#8243; _builder_version=\u00bb4.24.0&#8243; _module_preset=\u00bbdefault\u00bb background_color=\u00bb#E6EDEE\u00bb custom_padding=\u00bb5rem||5rem||false|false\u00bb custom_padding_tablet=\u00bb4rem||4rem||false|false\u00bb custom_padding_phone=\u00bb1.5rem||1rem||false|false\u00bb locked=\u00bboff\u00bb global_colors_info=\u00bb{}\u00bb][et_pb_row custom_padding_last_edited=\u00bbon|phone\u00bb module_class=\u00bbuw-row\u00bb _builder_version=\u00bb4.24.0&#8243; _module_preset=\u00bbdefault\u00bb background_color=\u00bbRGBA(255,255,255,0)\u00bb width=\u00bb100%\u00bb max_width=\u00bb1200px\u00bb custom_padding=\u00bb|30px||30px|false|true\u00bb custom_padding_tablet=\u00bb|30px||30px|false|true\u00bb custom_padding_phone=\u00bb1.5rem|20px||20px|false|true\u00bb locked=\u00bboff\u00bb global_colors_info=\u00bb{}\u00bb][et_pb_column type=\u00bb4_4&#8243; module_class=\u00bbgrid-four\u00bb _builder_version=\u00bb4.24.0&#8243; _module_preset=\u00bbdefault\u00bb global_colors_info=\u00bb{}\u00bb][et_pb_blurb title=\u00bbDesarrollo, escalado y fabricaci\u00f3n \u00bb image=\u00bbhttps:\/\/www.ajisustainablesolutions.com\/wp-content\/uploads\/2024\/05\/Manufacturing-page-scheme-picture-1-development-scale-up-and-manufacturing-scaled.jpg\u00bb alt=\u00bbMujer haciendo un experimento\u00bb _builder_version=\u00bb4.24.0&#8243; _module_preset=\u00bb2b0fcdd4-9e7d-4242-a940-fd655237ff16&#8243; custom_padding_phone=\u00bb|10px|1rem|10px|false|true\u00bb hover_enabled=\u00bb0&#8243; global_colors_info=\u00bb{}\u00bb sticky_enabled=\u00bb0&#8243;]<\/p>\n<p>Desde laboratorio hasta escala comercial de varias toneladas<\/p>\n<p>Gran experiencia en PAT<\/p>\n<p>Aplicaci\u00f3n de QbD<\/p>\n<p>Programas eficaces de mejora continua<\/p>\n<p>[\/et_pb_blurb][et_pb_blurb title=\u00bbFlujo continuo \u00bb image=\u00bbhttps:\/\/www.ajisustainablesolutions.com\/wp-content\/uploads\/2024\/05\/Manufacuting-page-scheme-picture-2-continuous-flow-scaled.jpg\u00bb alt=\u00bbM\u00e1quina\u00bb _builder_version=\u00bb4.24.0&#8243; _module_preset=\u00bb2b0fcdd4-9e7d-4242-a940-fd655237ff16&#8243; custom_padding_phone=\u00bb|10px|1rem|10px|false|true\u00bb global_colors_info=\u00bb{}\u00bb]<\/p>\n<p>Fabricaci\u00f3n en flujo continuo de l\u00edquidos, suspensiones y gases-l\u00edquidos<\/p>\n<p>Tecnolog\u00eda interna para:<\/p>\n<p>&gt; fotoqu\u00edmica<\/p>\n<p>&gt; reacciones a alta presi\u00f3n y alta temperatura (compatibles con suspensiones)<\/p>\n<p>&gt; reacciones lentas y heterog\u00e9neas<\/p>\n<p>[\/et_pb_blurb][et_pb_blurb title=\u00bbQu\u00edmica verde\u00bb image=\u00bbhttps:\/\/www.ajisustainablesolutions.com\/wp-content\/uploads\/2024\/05\/Manufacturing-scheme-picture-4-botanical-extraction.jpg\u00bb alt=\u00bbInvestigaci\u00f3n\u00bb _builder_version=\u00bb4.24.0&#8243; _module_preset=\u00bb2b0fcdd4-9e7d-4242-a940-fd655237ff16&#8243; global_colors_info=\u00bb{}\u00bb]<\/p>\n<p>Biocat\u00e1lisis<\/p>\n<p>Qu\u00edmicas selectivas<\/p>\n<p>Fuentes renovables<\/p>\n<p>Recuperaci\u00f3n de metales preciosos<\/p>\n<p>Qu\u00edmica al agua<\/p>\n<p>[\/et_pb_blurb][et_pb_blurb title=\u00bbExtracci\u00f3n vegetal\u00bb image=\u00bbhttps:\/\/www.ajisustainablesolutions.com\/wp-content\/uploads\/2024\/05\/AdobeStock_620515497-scaled.jpeg\u00bb _builder_version=\u00bb4.24.0&#8243; _module_preset=\u00bb2b0fcdd4-9e7d-4242-a940-fd655237ff16&#8243; global_colors_info=\u00bb{}\u00bb]<\/p>\n<p>Extracci\u00f3n y purificaci\u00f3n continuas en contracorriente<\/p>\n<p>Extracciones multidisolventes<\/p>\n<p>Capaces de manejar 20 toneladas de materia prima al d\u00eda<\/p>\n<p>[\/et_pb_blurb][\/et_pb_column][\/et_pb_row][\/et_pb_section][et_pb_section fb_built=\u00bb1&#8243; custom_padding_last_edited=\u00bbon|tablet\u00bb module_class=\u00bb_decor-orbit-left\u00bb _builder_version=\u00bb4.24.0&#8243; _module_preset=\u00bbdefault\u00bb z_index=\u00bb3&#8243; custom_padding=\u00bb5rem||5.5rem||false|false\u00bb custom_padding_tablet=\u00bb4rem||2rem||false|false\u00bb custom_padding_phone=\u00bb2rem||1.5rem||false|false\u00bb custom_css_main_element=\u00bb\/*overflow: hidden;*\/\u00bb locked=\u00bboff\u00bb global_colors_info=\u00bb{}\u00bb][et_pb_row column_structure=\u00bb1_2,1_2&#8243; custom_padding_last_edited=\u00bbon|phone\u00bb module_class=\u00bbuw-row\u00bb _builder_version=\u00bb4.24.0&#8243; _module_preset=\u00bbdefault\u00bb width=\u00bb100%\u00bb max_width=\u00bb1200px\u00bb custom_padding=\u00bb|30px||30px|false|true\u00bb custom_padding_tablet=\u00bb|30px||30px|false|true\u00bb custom_padding_phone=\u00bb|20px||20px|false|true\u00bb custom_css_main_element=\u00bbdisplay: flex;||align-items: center;\u00bb locked=\u00bboff\u00bb global_colors_info=\u00bb{}\u00bb custom_css_main_element_last_edited=\u00bbon|tablet\u00bb custom_css_main_element_tablet=\u00bbdisplay: block;\u00bb custom_css_main_element_phone=\u00bbdisplay: block;\u00bb][et_pb_column type=\u00bb1_2&#8243; _builder_version=\u00bb4.24.0&#8243; _module_preset=\u00bbdefault\u00bb custom_padding=\u00bb|2rem|||false|false\u00bb custom_padding_tablet=\u00bb|0rem|3rem||false|false\u00bb custom_padding_phone=\u00bb||1rem||false|false\u00bb custom_padding_last_edited=\u00bbon|tablet\u00bb global_colors_info=\u00bb{}\u00bb custom_css_main_element_last_edited=\u00bbon|tablet\u00bb][et_pb_image src=\u00bbhttps:\/\/www.ajisustainablesolutions.com\/wp-content\/uploads\/2024\/05\/adobestock_313059946-scaled.jpeg\u00bb alt=\u00bbGesti\u00f3n de proyectos\u00bb title_text=\u00bbadobestock_313059946&#8243; align=\u00bbcenter\u00bb module_class=\u00bbcircle-image decor-image-orbit decor-image-orbit__yellow js-fade-in\u00bb _builder_version=\u00bb4.24.0&#8243; _module_preset=\u00bbdefault\u00bb width=\u00bb100%\u00bb width_tablet=\u00bb100%\u00bb width_phone=\u00bb100%\u00bb width_last_edited=\u00bbon|tablet\u00bb max_width=\u00bb450px\u00bb max_width_tablet=\u00bb350px\u00bb max_width_phone=\u00bb250px\u00bb max_width_last_edited=\u00bbon|tablet\u00bb custom_margin=\u00bb||0px||false|false\u00bb custom_padding=\u00bb||0px||false|false\u00bb border_radii=\u00bbon|50%|50%|50%|50%\u00bb global_colors_info=\u00bb{}\u00bb][\/et_pb_image][\/et_pb_column][et_pb_column type=\u00bb1_2&#8243; _builder_version=\u00bb4.24.0&#8243; _module_preset=\u00bbdefault\u00bb global_colors_info=\u00bb{}\u00bb custom_css_main_element_last_edited=\u00bbon|tablet\u00bb][et_pb_text module_class=\u00bbjs-fade-in\u00bb _builder_version=\u00bb4.24.0&#8243; _module_preset=\u00bbd5bb82bb-ca7f-41b5-a941-8d749cf329fe\u00bb custom_margin=\u00bb||1.2rem||false|false\u00bb custom_margin_tablet=\u00bb||1.2rem||false|false\u00bb custom_margin_phone=\u00bb||0.9rem||false|false\u00bb custom_margin_last_edited=\u00bbon|phone\u00bb header_2_text_align_tablet=\u00bbcenter\u00bb header_2_text_align_phone=\u00bbcenter\u00bb header_2_text_align_last_edited=\u00bbon|tablet\u00bb global_colors_info=\u00bb{}\u00bb]<\/p>\n<h2>Apoyo a la gesti\u00f3n de proyectos<\/h2>\n<p>[\/et_pb_text][et_pb_text module_class=\u00bbjs-fade-in\u00bb _builder_version=\u00bb4.24.0&#8243; _module_preset=\u00bbd5bb82bb-ca7f-41b5-a941-8d749cf329fe\u00bb custom_margin=\u00bb||0px||false|false\u00bb custom_padding=\u00bb||0px||false|false\u00bb text_orientation_tablet=\u00bbcenter\u00bb text_orientation_phone=\u00bbcenter\u00bb text_orientation_last_edited=\u00bbon|tablet\u00bb global_colors_info=\u00bb{}\u00bb]<\/p>\n<p>En Ajinomoto Sustainable Solutions, nuestro equipo de gesti\u00f3n de proyectos tiene como misi\u00f3n satisfacer las necesidades de nuestros clientes y sus productos.<\/p>\n<p>Desde la solicitud de propuesta hasta el env\u00edo del producto y todos los hitos intermedios, el equipo de gesti\u00f3n de proyectos trabaja para equilibrar las necesidades y expectativas de todas las partes implicadas, sin perder de vista el objetivo final: unos productos de alta calidad fabricados de forma sostenible y entregados en plazo.<\/p>\n<p>[\/et_pb_text][\/et_pb_column][\/et_pb_row][\/et_pb_section][et_pb_section fb_built=\u00bb1&#8243; custom_padding_last_edited=\u00bbon|phone\u00bb module_class=\u00bbfooter footer__gray arc-top-white\u00bb _builder_version=\u00bb4.24.0&#8243; _module_preset=\u00bbdefault\u00bb background_color=\u00bb#4C5864&#8243; custom_padding=\u00bb8rem||0px||false|false\u00bb custom_padding_tablet=\u00bb4rem||0px||false|false\u00bb custom_padding_phone=\u00bb2rem||0px||false|false\u00bb locked=\u00bboff\u00bb global_colors_info=\u00bb{}\u00bb][et_pb_row make_equal=\u00bbon\u00bb custom_padding_last_edited=\u00bbon|phone\u00bb module_class=\u00bbuw-row\u00bb _builder_version=\u00bb4.24.0&#8243; _module_preset=\u00bbdefault\u00bb width=\u00bb100%\u00bb max_width=\u00bb1200px\u00bb custom_padding=\u00bb|30px||30px|false|true\u00bb custom_padding_tablet=\u00bb|30px|1rem|30px|false|true\u00bb custom_padding_phone=\u00bb|20px||20px|false|true\u00bb locked=\u00bboff\u00bb global_colors_info=\u00bb{}\u00bb][et_pb_column type=\u00bb4_4&#8243; _builder_version=\u00bb4.24.0&#8243; _module_preset=\u00bbdefault\u00bb global_colors_info=\u00bb{}\u00bb][et_pb_text module_class=\u00bbjs-fade-in\u00bb _builder_version=\u00bb4.24.0&#8243; _module_preset=\u00bbd5bb82bb-ca7f-41b5-a941-8d749cf329fe\u00bb text_text_color=\u00bb#FFFFFF\u00bb header_2_text_color=\u00bb#FFFFFF\u00bb max_width_tablet=\u00bb100%\u00bb max_width_phone=\u00bb100%\u00bb max_width_last_edited=\u00bbon|tablet\u00bb custom_margin_tablet=\u00bb\u00bb custom_margin_phone=\u00bb||1.5rem||false|false\u00bb custom_margin_last_edited=\u00bbon|phone\u00bb global_colors_info=\u00bb{}\u00bb]<\/p>\n<h2>\u00bfLE GUSTAR\u00cdA SABER M\u00c1S SOBRE NUESTRAS CAPACIDADES DE CDMO VERDES? <\/h2>\n<p>[\/et_pb_text][dsm_contact_form_7 _builder_version=\u00bb4.24.0&#8243; _module_preset=\u00bbe960ee14-1ee9-4624-9e52-39fcec367ca7&#8243; max_width_tablet=\u00bb100%\u00bb max_width_phone=\u00bb100%\u00bb max_width_last_edited=\u00bbon|tablet\u00bb global_colors_info=\u00bb{}\u00bb][\/dsm_contact_form_7][\/et_pb_column][\/et_pb_row][\/et_pb_section]<\/p>\n","protected":false},"excerpt":{"rendered":"<p>Nuestros servicios de CDMO verdesOfrecemos servicios de CDMO (organizaci\u00f3n de desarrollo y fabricaci\u00f3n por contrato) para el desarrollo, escalado y fabricaci\u00f3n de productos qu\u00edmicos finos basados en una qu\u00edmica sostenible desde cantidades de laboratorio hasta varias toneladas. Con m\u00e1s de 75 a\u00f1os de especializaci\u00f3n en qu\u00edmica verde, combinamos nuestra experiencia en extracciones vegetales y manejo [&hellip;]<\/p>\n","protected":false},"author":1,"featured_media":0,"parent":0,"menu_order":0,"comment_status":"closed","ping_status":"closed","template":"","meta":{"_acf_changed":false,"_et_pb_use_builder":"on","_et_pb_old_content":"","_et_gb_content_width":"","inline_featured_image":false,"footnotes":""},"dipi_cpt_category":[],"class_list":["post-3345","page","type-page","status-publish","hentry"],"acf":[],"yoast_head":"<!-- This site is optimized with the Yoast SEO Premium plugin v27.2 (Yoast SEO v27.5) - https:\/\/yoast.com\/product\/yoast-seo-premium-wordpress\/ -->\n<title>Fabricamos qu\u00edmica verde | Ajinomoto Sustainable Solutions<\/title>\n<meta name=\"description\" content=\"Ajinomoto ofrece servicios CDMO para el desarrollo, escalado y fabricaci\u00f3n sostenible de productos qu\u00edmicos finos, desde el laboratorio hasta vol\u00famenes industriales.\" \/>\n<meta name=\"robots\" content=\"index, follow, max-snippet:-1, max-image-preview:large, max-video-preview:-1\" \/>\n<link rel=\"canonical\" href=\"https:\/\/www.ajisustainablesolutions.com\/es\/fabricacion\/\" \/>\n<meta property=\"og:locale\" content=\"es_ES\" \/>\n<meta property=\"og:type\" content=\"article\" \/>\n<meta property=\"og:title\" content=\"Fabricaci\u00f3n\" \/>\n<meta property=\"og:description\" content=\"Ajinomoto ofrece servicios CDMO para el desarrollo, escalado y fabricaci\u00f3n sostenible de productos qu\u00edmicos finos, desde el laboratorio hasta vol\u00famenes industriales.\" \/>\n<meta property=\"og:site_name\" content=\"Green Chemistry \u2013 Fine Chemicals\" \/>\n<meta property=\"article:modified_time\" content=\"2025-12-23T14:20:01+00:00\" \/>\n<meta name=\"twitter:card\" content=\"summary_large_image\" \/>\n<meta name=\"twitter:label1\" content=\"Tiempo de lectura\" \/>\n\t<meta name=\"twitter:data1\" content=\"3 minutos\" \/>\n<script type=\"application\/ld+json\" class=\"yoast-schema-graph\">{\"@context\":\"https:\\\/\\\/schema.org\",\"@graph\":[{\"@type\":\"WebPage\",\"@id\":\"https:\\\/\\\/www.ajisustainablesolutions.com\\\/es\\\/fabricacion\\\/\",\"url\":\"https:\\\/\\\/www.ajisustainablesolutions.com\\\/es\\\/fabricacion\\\/\",\"name\":\"Fabricamos qu\u00edmica verde | Ajinomoto Sustainable Solutions\",\"isPartOf\":{\"@id\":\"https:\\\/\\\/www.ajisustainablesolutions.com\\\/es\\\/#website\"},\"datePublished\":\"2024-05-10T06:40:30+00:00\",\"dateModified\":\"2025-12-23T14:20:01+00:00\",\"description\":\"Ajinomoto ofrece servicios CDMO para el desarrollo, escalado y fabricaci\u00f3n sostenible de productos qu\u00edmicos finos, desde el laboratorio hasta vol\u00famenes industriales.\",\"breadcrumb\":{\"@id\":\"https:\\\/\\\/www.ajisustainablesolutions.com\\\/es\\\/fabricacion\\\/#breadcrumb\"},\"inLanguage\":\"es\",\"potentialAction\":[{\"@type\":\"ReadAction\",\"target\":[\"https:\\\/\\\/www.ajisustainablesolutions.com\\\/es\\\/fabricacion\\\/\"]}]},{\"@type\":\"BreadcrumbList\",\"@id\":\"https:\\\/\\\/www.ajisustainablesolutions.com\\\/es\\\/fabricacion\\\/#breadcrumb\",\"itemListElement\":[{\"@type\":\"ListItem\",\"position\":1,\"name\":\"Home\",\"item\":\"https:\\\/\\\/www.ajisustainablesolutions.com\\\/es\\\/\"},{\"@type\":\"ListItem\",\"position\":2,\"name\":\"Fabricaci\u00f3n\"}]},{\"@type\":\"WebSite\",\"@id\":\"https:\\\/\\\/www.ajisustainablesolutions.com\\\/es\\\/#website\",\"url\":\"https:\\\/\\\/www.ajisustainablesolutions.com\\\/es\\\/\",\"name\":\"Green Chemistry \u2013 Fine Chemicals\",\"description\":\"\",\"publisher\":{\"@id\":\"https:\\\/\\\/www.ajisustainablesolutions.com\\\/es\\\/#organization\"},\"potentialAction\":[{\"@type\":\"SearchAction\",\"target\":{\"@type\":\"EntryPoint\",\"urlTemplate\":\"https:\\\/\\\/www.ajisustainablesolutions.com\\\/es\\\/?s={search_term_string}\"},\"query-input\":{\"@type\":\"PropertyValueSpecification\",\"valueRequired\":true,\"valueName\":\"search_term_string\"}}],\"inLanguage\":\"es\"},{\"@type\":\"Organization\",\"@id\":\"https:\\\/\\\/www.ajisustainablesolutions.com\\\/es\\\/#organization\",\"name\":\"Ajinomoto\",\"url\":\"https:\\\/\\\/www.ajisustainablesolutions.com\\\/es\\\/\",\"logo\":{\"@type\":\"ImageObject\",\"inLanguage\":\"es\",\"@id\":\"https:\\\/\\\/www.ajisustainablesolutions.com\\\/es\\\/#\\\/schema\\\/logo\\\/image\\\/\",\"url\":\"https:\\\/\\\/www.ajisustainablesolutions.com\\\/wp-content\\\/uploads\\\/2024\\\/06\\\/Homepage-last-section-4.jpg\",\"contentUrl\":\"https:\\\/\\\/www.ajisustainablesolutions.com\\\/wp-content\\\/uploads\\\/2024\\\/06\\\/Homepage-last-section-4.jpg\",\"width\":1100,\"height\":752,\"caption\":\"Ajinomoto\"},\"image\":{\"@id\":\"https:\\\/\\\/www.ajisustainablesolutions.com\\\/es\\\/#\\\/schema\\\/logo\\\/image\\\/\"}}]}<\/script>\n<!-- \/ Yoast SEO Premium plugin. -->","yoast_head_json":{"title":"Fabricamos qu\u00edmica verde | Ajinomoto Sustainable Solutions","description":"Ajinomoto ofrece servicios CDMO para el desarrollo, escalado y fabricaci\u00f3n sostenible de productos qu\u00edmicos finos, desde el laboratorio hasta vol\u00famenes industriales.","robots":{"index":"index","follow":"follow","max-snippet":"max-snippet:-1","max-image-preview":"max-image-preview:large","max-video-preview":"max-video-preview:-1"},"canonical":"https:\/\/www.ajisustainablesolutions.com\/es\/fabricacion\/","og_locale":"es_ES","og_type":"article","og_title":"Fabricaci\u00f3n","og_description":"Ajinomoto ofrece servicios CDMO para el desarrollo, escalado y fabricaci\u00f3n sostenible de productos qu\u00edmicos finos, desde el laboratorio hasta vol\u00famenes industriales.","og_site_name":"Green Chemistry \u2013 Fine Chemicals","article_modified_time":"2025-12-23T14:20:01+00:00","twitter_card":"summary_large_image","twitter_misc":{"Tiempo de lectura":"3 minutos"},"schema":{"@context":"https:\/\/schema.org","@graph":[{"@type":"WebPage","@id":"https:\/\/www.ajisustainablesolutions.com\/es\/fabricacion\/","url":"https:\/\/www.ajisustainablesolutions.com\/es\/fabricacion\/","name":"Fabricamos qu\u00edmica verde | Ajinomoto Sustainable Solutions","isPartOf":{"@id":"https:\/\/www.ajisustainablesolutions.com\/es\/#website"},"datePublished":"2024-05-10T06:40:30+00:00","dateModified":"2025-12-23T14:20:01+00:00","description":"Ajinomoto ofrece servicios CDMO para el desarrollo, escalado y fabricaci\u00f3n sostenible de productos qu\u00edmicos finos, desde el laboratorio hasta vol\u00famenes industriales.","breadcrumb":{"@id":"https:\/\/www.ajisustainablesolutions.com\/es\/fabricacion\/#breadcrumb"},"inLanguage":"es","potentialAction":[{"@type":"ReadAction","target":["https:\/\/www.ajisustainablesolutions.com\/es\/fabricacion\/"]}]},{"@type":"BreadcrumbList","@id":"https:\/\/www.ajisustainablesolutions.com\/es\/fabricacion\/#breadcrumb","itemListElement":[{"@type":"ListItem","position":1,"name":"Home","item":"https:\/\/www.ajisustainablesolutions.com\/es\/"},{"@type":"ListItem","position":2,"name":"Fabricaci\u00f3n"}]},{"@type":"WebSite","@id":"https:\/\/www.ajisustainablesolutions.com\/es\/#website","url":"https:\/\/www.ajisustainablesolutions.com\/es\/","name":"Green Chemistry \u2013 Fine Chemicals","description":"","publisher":{"@id":"https:\/\/www.ajisustainablesolutions.com\/es\/#organization"},"potentialAction":[{"@type":"SearchAction","target":{"@type":"EntryPoint","urlTemplate":"https:\/\/www.ajisustainablesolutions.com\/es\/?s={search_term_string}"},"query-input":{"@type":"PropertyValueSpecification","valueRequired":true,"valueName":"search_term_string"}}],"inLanguage":"es"},{"@type":"Organization","@id":"https:\/\/www.ajisustainablesolutions.com\/es\/#organization","name":"Ajinomoto","url":"https:\/\/www.ajisustainablesolutions.com\/es\/","logo":{"@type":"ImageObject","inLanguage":"es","@id":"https:\/\/www.ajisustainablesolutions.com\/es\/#\/schema\/logo\/image\/","url":"https:\/\/www.ajisustainablesolutions.com\/wp-content\/uploads\/2024\/06\/Homepage-last-section-4.jpg","contentUrl":"https:\/\/www.ajisustainablesolutions.com\/wp-content\/uploads\/2024\/06\/Homepage-last-section-4.jpg","width":1100,"height":752,"caption":"Ajinomoto"},"image":{"@id":"https:\/\/www.ajisustainablesolutions.com\/es\/#\/schema\/logo\/image\/"}}]}},"_links":{"self":[{"href":"https:\/\/www.ajisustainablesolutions.com\/es\/wp-json\/wp\/v2\/pages\/3345","targetHints":{"allow":["GET"]}}],"collection":[{"href":"https:\/\/www.ajisustainablesolutions.com\/es\/wp-json\/wp\/v2\/pages"}],"about":[{"href":"https:\/\/www.ajisustainablesolutions.com\/es\/wp-json\/wp\/v2\/types\/page"}],"author":[{"embeddable":true,"href":"https:\/\/www.ajisustainablesolutions.com\/es\/wp-json\/wp\/v2\/users\/1"}],"replies":[{"embeddable":true,"href":"https:\/\/www.ajisustainablesolutions.com\/es\/wp-json\/wp\/v2\/comments?post=3345"}],"version-history":[{"count":6,"href":"https:\/\/www.ajisustainablesolutions.com\/es\/wp-json\/wp\/v2\/pages\/3345\/revisions"}],"predecessor-version":[{"id":4163,"href":"https:\/\/www.ajisustainablesolutions.com\/es\/wp-json\/wp\/v2\/pages\/3345\/revisions\/4163"}],"wp:attachment":[{"href":"https:\/\/www.ajisustainablesolutions.com\/es\/wp-json\/wp\/v2\/media?parent=3345"}],"wp:term":[{"taxonomy":"dipi_cpt_category","embeddable":true,"href":"https:\/\/www.ajisustainablesolutions.com\/es\/wp-json\/wp\/v2\/dipi_cpt_category?post=3345"}],"curies":[{"name":"wp","href":"https:\/\/api.w.org\/{rel}","templated":true}]}}