{"id":3202,"date":"2025-01-15T16:27:30","date_gmt":"2025-01-15T16:27:30","guid":{"rendered":"https:\/\/www.ajisustainablesolutions.com\/recursos\/"},"modified":"2025-03-14T13:57:44","modified_gmt":"2025-03-14T13:57:44","slug":"recursos","status":"publish","type":"page","link":"https:\/\/www.ajisustainablesolutions.com\/es\/recursos\/","title":{"rendered":"Recursos"},"content":{"rendered":"<p>[et_pb_section fb_built=\u00bb1&#8243; custom_padding_last_edited=\u00bbon|tablet\u00bb admin_label=\u00bbIntro\u00bb module_class=\u00bbarc-bottom-white\u00bb _builder_version=\u00bb4.24.0&#8243; _module_preset=\u00bbdefault\u00bb background_enable_image=\u00bboff\u00bb height=\u00bb100vh\u00bb max_height=\u00bb800px\u00bb custom_padding_tablet=\u00bb4rem||0px||false|false\u00bb custom_padding_phone=\u00bb4rem||0px||false|false\u00bb bottom_divider_color=\u00bb#FFFFFF\u00bb custom_css_main_element=\u00bbdisplay: flex;||flex-direction: column;\u00bb locked=\u00bboff\u00bb global_colors_info=\u00bb{}\u00bb][et_pb_row custom_padding_last_edited=\u00bbon|phone\u00bb admin_label=\u00bbtexto\u00bb module_class=\u00bbuw-row\u00bb _builder_version=\u00bb4.24.0&#8243; _module_preset=\u00bbdefault\u00bb z_index=\u00bb4&#8243; width=\u00bb100%\u00bb max_width=\u00bb1200px\u00bb custom_padding=\u00bb|30px||30px|false|true\u00bb custom_padding_tablet=\u00bb|30px||30px|false|true\u00bb custom_padding_phone=\u00bb|20px||20px|false|true\u00bb custom_css_main_element=\u00bbdisplay: flex;||justify-content: flex-start;\u00bb global_colors_info=\u00bb{}\u00bb][et_pb_column type=\u00bb4_4&#8243; _builder_version=\u00bb4.24.0&#8243; _module_preset=\u00bbdefault\u00bb background_color=\u00bbrgba(255,255,255,0.8)\u00bb custom_padding=\u00bb40px|40px|40px|40px|true|true\u00bb custom_padding_tablet=\u00bb40px|40px|40px|40px|true|true\u00bb custom_padding_phone=\u00bb20px|20px|20px|20px|true|true\u00bb custom_padding_last_edited=\u00bbon|phone\u00bb custom_css_main_element=\u00bbwidth: auto!important;||max-width: 600px;\u00bb global_colors_info=\u00bb{}\u00bb][et_pb_text module_class=\u00bbjs-fade-in\u00bb _builder_version=\u00bb4.24.0&#8243; _module_preset=\u00bbd5bb82bb-ca7f-41b5-a941-8d749cf329fe\u00bb custom_margin_tablet=\u00bb||0.5rem||false|false\u00bb custom_margin_phone=\u00bb||0rem||false|false\u00bb custom_margin_last_edited=\u00bbon|tablet\u00bb global_colors_info=\u00bb{}\u00bb]<\/p>\n<h1>Recursos<\/h1>\n<p>[\/et_pb_text][et_pb_text module_class=\u00bbjs-fade-in\u00bb _builder_version=\u00bb4.24.0&#8243; _module_preset=\u00bbd5bb82bb-ca7f-41b5-a941-8d749cf329fe\u00bb max_width=\u00bb100%\u00bb custom_margin_tablet=\u00bb||0px||false|false\u00bb custom_margin_phone=\u00bb||0px||false|false\u00bb custom_margin_last_edited=\u00bbon|tablet\u00bb global_colors_info=\u00bb{}\u00bb]<\/p>\n<p>Le damos la bienvenida a la p\u00e1gina de recursos de Ajinomoto Sustainable Solutions. Aqu\u00ed podr\u00e1 consultar y descargar f\u00e1cilmente v\u00eddeos, documentos t\u00e9cnicos, certificados, fichas de preguntas y respuestas, libros blancos, etc.<\/p>\n<p>[\/et_pb_text][\/et_pb_column][\/et_pb_row][et_pb_row admin_label=\u00bbbackground\u00bb module_class=\u00bbukiyo\u00bb _builder_version=\u00bb4.24.0&#8243; _module_preset=\u00bbdefault\u00bb background_image=\u00bbhttps:\/\/www.ajisustainablesolutions.com\/wp-content\/uploads\/2024\/02\/bb003c6be61318aac512949c500079a4_s.jpg\u00bb background_position=\u00bbtop_center\u00bb positioning=\u00bbabsolute\u00bb width=\u00bb100%\u00bb max_width=\u00bb100%\u00bb height=\u00bb100%\u00bb custom_padding=\u00bb0px|0px|0px|0px|false|false\u00bb global_colors_info=\u00bb{}\u00bb][et_pb_column type=\u00bb4_4&#8243; _builder_version=\u00bb4.24.0&#8243; _module_preset=\u00bbdefault\u00bb global_colors_info=\u00bb{}\u00bb][\/et_pb_column][\/et_pb_row][\/et_pb_section][et_pb_section fb_built=\u00bb1&#8243; custom_padding_last_edited=\u00bbon|phone\u00bb module_id=\u00bbsecci\u00f3n-amind\u00bb module_class=\u00bb_decor-orbit-right decor-orbit__yellow\u00bb _builder_version=\u00bb4.24.0&#8243; _module_preset=\u00bbdefault\u00bb background_color=\u00bb#FFFFFF\u00bb custom_padding=\u00bb1rem||2rem||false|false\u00bb custom_padding_tablet=\u00bb1rem||1rem||true|false\u00bb custom_padding_phone=\u00bb0rem||1rem||false|false\u00bb locked=\u00bboff\u00bb global_colors_info=\u00bb{}\u00bb][et_pb_row custom_padding_last_edited=\u00bbon|phone\u00bb module_class=\u00bbuw-row\u00bb _builder_version=\u00bb4.24.0&#8243; _module_preset=\u00bbdefault\u00bb width=\u00bb100%\u00bb max_width=\u00bb1200px\u00bb custom_padding=\u00bb|30px||30px|false|true\u00bb custom_padding_tablet=\u00bb1rem|30px|1rem|30px|false|true\u00bb custom_padding_phone=\u00bb|20px|0rem|20px|false|true\u00bb locked=\u00bboff\u00bb global_colors_info=\u00bb{}\u00bb][et_pb_column type=\u00bb4_4&#8243; _builder_version=\u00bb4.24.0&#8243; _module_preset=\u00bbdefault\u00bb global_colors_info=\u00bb{}\u00bb][et_pb_code module_class=\u00bbdownload-container\u00bb _builder_version=\u00bb4.24.0&#8243; _module_preset=\u00bbdefault\u00bb hover_enabled=\u00bb0&#8243; global_colors_info=\u00bb{}\u00bb sticky_enabled=\u00bb0&#8243;]<div id=\"caf-post-layout-container\" class=\"caf-post-layout-container  filter-layout1 post-layout1 data-target-div1\" data-post-type=\"download\" data-tax=\"download_categories\" data-terms=\"76,21,22,25,26,27,23,28\" data-per-page=\"18\" data-selected-terms=\"76,21,22,25,26,27,23,28\" data-filter-id=\"2829\" data-post-layout=\"post-layout1\" data-target-div=\"data-target-div1\"><div id=\"caf-filter-layout1\" class='caf-filter-layout data-target-div1 '>\r\n    <ul class=\"caf-filter-container caf-filter-layout1\">\r\n        <li class=\"caf-mb-4\"><a href=\"#\" data-id=\"76,21,22,25,26,27,23,28\" data-main-id=\"flt\" class=\" abc active\" data-target-div=\"data-target-div1\">Todo<\/a><\/li><li class='caf-mb-4'><a href='#' data-id='76' data-main-id='flt' data-target-div='data-target-div1' class=''>Application notes<\/a><\/li><li class='caf-mb-4'><a href='#' data-id='21' data-main-id='flt' data-target-div='data-target-div1' class=''>Certificates<\/a><\/li><li class='caf-mb-4'><a href='#' data-id='22' data-main-id='flt' data-target-div='data-target-div1' class=''>Leaflets &amp; folders<\/a><\/li><li class='caf-mb-4'><a href='#' data-id='25' data-main-id='flt' data-target-div='data-target-div1' class=''>Press Releases<\/a><\/li><li class='caf-mb-4'><a href='#' data-id='26' data-main-id='flt' data-target-div='data-target-div1' class=''>Q&amp;A-sheets<\/a><\/li><li class='caf-mb-4'><a href='#' data-id='27' data-main-id='flt' data-target-div='data-target-div1' class=''>Videos<\/a><\/li><li class='caf-mb-4'><a href='#' data-id='23' data-main-id='flt' data-target-div='data-target-div1' class=''>Webinars<\/a><\/li><li class='caf-mb-4'><a href='#' data-id='28' data-main-id='flt' data-target-div='data-target-div1' class=''>Whitepapers<\/a><\/li>    <\/ul>\r\n<\/div><div id='manage-ajax-response' class='caf-row'><div class=\"status\"><i class=\"fa fa-spinner\" aria-hidden=\"true\"><\/i><\/div><div class=\"content\"><\/div><\/div><\/div>[\/et_pb_code][\/et_pb_column][\/et_pb_row][\/et_pb_section][et_pb_section fb_built=\u00bb1&#8243; custom_padding_last_edited=\u00bbon|phone\u00bb module_class=\u00bbfooter footer__gray arc-top-white\u00bb _builder_version=\u00bb4.24.0&#8243; _module_preset=\u00bbdefault\u00bb background_color=\u00bb#4C5864&#8243; custom_padding=\u00bb8rem||0px||false|false\u00bb custom_padding_tablet=\u00bb6rem||0px||false|false\u00bb custom_padding_phone=\u00bb2rem||0px||false|false\u00bb locked=\u00bboff\u00bb global_colors_info=\u00bb{}\u00bb][et_pb_row make_equal=\u00bbon\u00bb custom_padding_last_edited=\u00bbon|phone\u00bb module_class=\u00bbuw-row\u00bb _builder_version=\u00bb4.24.0&#8243; _module_preset=\u00bbdefault\u00bb width=\u00bb100%\u00bb max_width=\u00bb1200px\u00bb custom_padding=\u00bb|30px|0px|30px|false|true\u00bb custom_padding_tablet=\u00bb|30px|0px|30px|false|true\u00bb custom_padding_phone=\u00bb|20px||20px|false|true\u00bb global_colors_info=\u00bb{}\u00bb][et_pb_column type=\u00bb4_4&#8243; _builder_version=\u00bb4.24.0&#8243; _module_preset=\u00bbdefault\u00bb global_colors_info=\u00bb{}\u00bb][et_pb_text module_class=\u00bbjs-fade-in\u00bb _builder_version=\u00bb4.24.0&#8243; _module_preset=\u00bbd5bb82bb-ca7f-41b5-a941-8d749cf329fe\u00bb text_text_color=\u00bb#FFFFFF\u00bb header_2_text_color=\u00bb#FFFFFF\u00bb custom_margin_tablet=\u00bb\u00bb custom_margin_phone=\u00bb||0px||false|false\u00bb custom_margin_last_edited=\u00bbon|phone\u00bb global_colors_info=\u00bb{}\u00bb]<\/p>\n<h2>Contacta con nosotros<\/h2>\n<p>[\/et_pb_text][\/et_pb_column][\/et_pb_row][et_pb_row column_structure=\u00bb3_5,2_5&#8243; make_equal=\u00bbon\u00bb custom_padding_last_edited=\u00bbon|phone\u00bb module_class=\u00bbuw-row\u00bb _builder_version=\u00bb4.24.0&#8243; _module_preset=\u00bbdefault\u00bb width=\u00bb100%\u00bb max_width=\u00bb1200px\u00bb custom_padding=\u00bb|30px||30px|false|true\u00bb custom_padding_tablet=\u00bb|30px|1rem|30px|false|true\u00bb custom_padding_phone=\u00bb|20px||20px|false|true\u00bb global_colors_info=\u00bb{}\u00bb][et_pb_column type=\u00bb3_5&#8243; _builder_version=\u00bb4.24.0&#8243; _module_preset=\u00bbdefault\u00bb global_colors_info=\u00bb{}\u00bb][dsm_contact_form_7 _builder_version=\u00bb4.24.0&#8243; _module_preset=\u00bbe960ee14-1ee9-4624-9e52-39fcec367ca7&#8243; max_width_tablet=\u00bb100%\u00bb max_width_phone=\u00bb100%\u00bb max_width_last_edited=\u00bbon|tablet\u00bb global_colors_info=\u00bb{}\u00bb][\/dsm_contact_form_7][\/et_pb_column][et_pb_column type=\u00bb2_5&#8243; _builder_version=\u00bb4.24.0&#8243; _module_preset=\u00bbdefault\u00bb global_colors_info=\u00bb{}\u00bb][et_pb_image src=\u00bbhttps:\/\/www.ajisustainablesolutions.com\/wp-content\/uploads\/2024\/05\/aj_circle_green.svg\u00bb align=\u00bbcenter\u00bb disabled_on=\u00bbon|on|off\u00bb module_class=\u00bbcircle-image js-fade-in\u00bb _builder_version=\u00bb4.24.0&#8243; _module_preset=\u00bbdefault\u00bb width=\u00bb100%\u00bb width_tablet=\u00bb100%\u00bb width_phone=\u00bb100%\u00bb width_last_edited=\u00bbon|tablet\u00bb max_width=\u00bb180px\u00bb max_width_tablet=\u00bb200px\u00bb max_width_phone=\u00bb150px\u00bb max_width_last_edited=\u00bbon|tablet\u00bb custom_margin=\u00bb||0px||false|false\u00bb custom_padding=\u00bb||0px||false|false\u00bb border_radii=\u00bbon|50%|50%|50%|50%\u00bb locked=\u00bboff\u00bb global_colors_info=\u00bb{}\u00bb][\/et_pb_image][\/et_pb_column][\/et_pb_row][\/et_pb_section]<\/p>\n","protected":false},"excerpt":{"rendered":"<p>RecursosLe damos la bienvenida a la p\u00e1gina de recursos de Ajinomoto Sustainable Solutions. Aqu\u00ed podr\u00e1 consultar y descargar f\u00e1cilmente v\u00eddeos, documentos t\u00e9cnicos, certificados, fichas de preguntas y respuestas, libros blancos, etc.<div id=\"caf-post-layout-container\" class=\"caf-post-layout-container  filter-layout1 post-layout1 data-target-div2\" data-post-type=\"download\" data-tax=\"download_categories\" data-terms=\"76,21,22,25,26,27,23,28\" data-per-page=\"18\" data-selected-terms=\"76,21,22,25,26,27,23,28\" data-filter-id=\"2829\" data-post-layout=\"post-layout1\" data-target-div=\"data-target-div2\"><div id=\"caf-filter-layout1\" class='caf-filter-layout data-target-div2 '>\r\n    <ul class=\"caf-filter-container caf-filter-layout1\">\r\n        <li class=\"caf-mb-4\"><a href=\"#\" data-id=\"76,21,22,25,26,27,23,28\" data-main-id=\"flt\" class=\" abc active\" data-target-div=\"data-target-div2\">Todo<\/a><\/li><li class='caf-mb-4'><a href='#' data-id='76' data-main-id='flt' data-target-div='data-target-div2' class=''>Application notes<\/a><\/li><li class='caf-mb-4'><a href='#' data-id='21' data-main-id='flt' data-target-div='data-target-div2' class=''>Certificates<\/a><\/li><li class='caf-mb-4'><a href='#' data-id='22' data-main-id='flt' data-target-div='data-target-div2' class=''>Leaflets &amp; folders<\/a><\/li><li class='caf-mb-4'><a href='#' data-id='25' data-main-id='flt' data-target-div='data-target-div2' class=''>Press Releases<\/a><\/li><li class='caf-mb-4'><a href='#' data-id='26' data-main-id='flt' data-target-div='data-target-div2' class=''>Q&amp;A-sheets<\/a><\/li><li class='caf-mb-4'><a href='#' data-id='27' data-main-id='flt' data-target-div='data-target-div2' class=''>Videos<\/a><\/li><li class='caf-mb-4'><a href='#' data-id='23' data-main-id='flt' data-target-div='data-target-div2' class=''>Webinars<\/a><\/li><li class='caf-mb-4'><a href='#' data-id='28' data-main-id='flt' data-target-div='data-target-div2' class=''>Whitepapers<\/a><\/li>    <\/ul>\r\n<\/div><div id='manage-ajax-response' class='caf-row'><div class=\"status\"><i class=\"fa fa-spinner\" aria-hidden=\"true\"><\/i><\/div><div class=\"content\"><\/div><\/div><\/div>Contacta con nosotros<div class=\"et_pb_with_border et_pb_module dsm_contact_form_7 dsm_contact_form_7_0 contact-form__white js-fade-in\">\n\t\t\t\t\n\t\t\t\t\n\t\t\t\t\n\t\t\t\t\n\t\t\t\t\n\t\t\t\t\n\t\t\t\t<div class=\"et_pb_module_inner\">\n\t\t\t\t\t<div class=\"\">\n\t\t\t\t\n<div class=\"wpcf7 no-js\" id=\"wpcf7-f325-o1\" lang=\"en-US\" dir=\"ltr\" data-wpcf7-id=\"325\">\n<div class=\"screen-reader-response\"><p role=\"status\" aria-live=\"polite\" aria-atomic=\"true\"><\/p> <ul><\/ul><\/div>\n<form action=\"\/es\/wp-json\/wp\/v2\/pages\/3202#wpcf7-f325-o1\" method=\"post\" class=\"wpcf7-form init\" aria-label=\"Contact form\" novalidate=\"novalidate\" data-status=\"init\">\n<fieldset class=\"hidden-fields-container\"><input type=\"hidden\" name=\"_wpcf7\" value=\"325\" \/><input type=\"hidden\" name=\"_wpcf7_version\" value=\"6.1.5\" \/><input type=\"hidden\" name=\"_wpcf7_locale\" value=\"en_US\" \/><input type=\"hidden\" name=\"_wpcf7_unit_tag\" value=\"wpcf7-f325-o1\" \/><input type=\"hidden\" name=\"_wpcf7_container_post\" value=\"0\" \/><input type=\"hidden\" name=\"_wpcf7_posted_data_hash\" value=\"\" \/><input type=\"hidden\" name=\"_wpcf7_recaptcha_response\" value=\"\" \/>\n<\/fieldset>\n<div class=\"cform__row\">\n\t<div class=\"cform__field\">\n\t\t<p><span class=\"wpcf7-form-control-wrap\" data-name=\"full-name\"><input size=\"40\" maxlength=\"400\" class=\"wpcf7-form-control wpcf7-text wpcf7-validates-as-required\" aria-required=\"true\" aria-invalid=\"false\" placeholder=\"Name Surname *\" value=\"\" type=\"text\" name=\"full-name\" \/><\/span>\n\t\t<\/p>\n\t<\/div>\n\t<div class=\"cform__field\">\n\t\t<p><span class=\"wpcf7-form-control-wrap\" data-name=\"email\"><input size=\"40\" maxlength=\"400\" class=\"wpcf7-form-control wpcf7-email wpcf7-validates-as-required wpcf7-text wpcf7-validates-as-email\" aria-required=\"true\" aria-invalid=\"false\" placeholder=\"E-mail address *\" value=\"\" type=\"email\" name=\"email\" \/><\/span>\n\t\t<\/p>\n\t<\/div>\n<\/div>\n<div class=\"cform__field\">\n\t<p><span class=\"wpcf7-form-control-wrap\" data-name=\"message\"><textarea cols=\"40\" rows=\"10\" maxlength=\"2000\" class=\"wpcf7-form-control wpcf7-textarea\" aria-invalid=\"false\" placeholder=\"Message\" name=\"message\"><\/textarea><\/span>\n\t<\/p>\n<\/div>\n<div>\n\t<p><span class=\"wpcf7-form-control-wrap\" data-name=\"privacy_policy\"><span class=\"wpcf7-form-control wpcf7-acceptance\"><span class=\"wpcf7-list-item\"><label><input type=\"checkbox\" name=\"privacy_policy\" value=\"1\" id=\"privacy_policy\" aria-invalid=\"false\" \/><span class=\"wpcf7-list-item-label\">I agree the <a href=\"\/privacy-policy\/\">privacy policy<\/a>.<\/span><\/label><\/span><\/span><\/span>\n\t<\/p>\n<\/div>\n<p><button class=\"wpcf7-form-control wpcf7-submit has-spinner et_pb_button et_pb_bg_layout_light\" type=\"submit\" value=\"Send\">Send<\/button>\n<\/p><div class=\"wpcf7-response-output\" aria-hidden=\"true\"><\/div>\n<\/form>\n<\/div>\n\n\t\t\t<\/div>\n\t\t\t\t<\/div>\n\t\t\t<\/div><\/p>\n","protected":false},"author":1,"featured_media":0,"parent":0,"menu_order":0,"comment_status":"closed","ping_status":"closed","template":"","meta":{"_acf_changed":false,"_et_pb_use_builder":"on","_et_pb_old_content":"","_et_gb_content_width":"","inline_featured_image":false,"footnotes":""},"dipi_cpt_category":[],"class_list":["post-3202","page","type-page","status-publish","hentry"],"acf":[],"yoast_head":"<!-- This site is optimized with the Yoast SEO Premium plugin v27.2 (Yoast SEO v27.5) - https:\/\/yoast.com\/product\/yoast-seo-premium-wordpress\/ -->\n<title>Centro de descargas y conocimientos | Ajinomoto Sustainable Solutions<\/title>\n<meta name=\"description\" content=\"\u00bfEst\u00e1s buscando certificados, libros blancos o estudios perspicaces sobre qu\u00edmica verde, servicios CDMO o taninos?\" \/>\n<meta name=\"robots\" content=\"index, follow, max-snippet:-1, max-image-preview:large, max-video-preview:-1\" \/>\n<link rel=\"canonical\" href=\"https:\/\/www.ajisustainablesolutions.com\/es\/recursos\/\" \/>\n<meta property=\"og:locale\" content=\"es_ES\" \/>\n<meta property=\"og:type\" content=\"article\" \/>\n<meta property=\"og:title\" content=\"Recursos\" \/>\n<meta property=\"og:description\" content=\"\u00bfEst\u00e1s buscando certificados, libros blancos o estudios perspicaces sobre qu\u00edmica verde, servicios CDMO o taninos?\" \/>\n<meta property=\"og:site_name\" content=\"Green Chemistry \u2013 Fine Chemicals\" \/>\n<meta property=\"article:modified_time\" content=\"2025-03-14T13:57:44+00:00\" \/>\n<meta name=\"twitter:card\" content=\"summary_large_image\" \/>\n<meta name=\"twitter:label1\" content=\"Tiempo de lectura\" \/>\n\t<meta name=\"twitter:data1\" content=\"4 minutos\" \/>\n<script type=\"application\/ld+json\" class=\"yoast-schema-graph\">{\"@context\":\"https:\\\/\\\/schema.org\",\"@graph\":[{\"@type\":\"WebPage\",\"@id\":\"https:\\\/\\\/www.ajisustainablesolutions.com\\\/es\\\/recursos\\\/\",\"url\":\"https:\\\/\\\/www.ajisustainablesolutions.com\\\/es\\\/recursos\\\/\",\"name\":\"Centro de descargas y conocimientos | Ajinomoto Sustainable Solutions\",\"isPartOf\":{\"@id\":\"https:\\\/\\\/www.ajisustainablesolutions.com\\\/es\\\/#website\"},\"datePublished\":\"2025-01-15T16:27:30+00:00\",\"dateModified\":\"2025-03-14T13:57:44+00:00\",\"description\":\"\u00bfEst\u00e1s buscando certificados, libros blancos o estudios perspicaces sobre qu\u00edmica verde, servicios CDMO o taninos?\",\"breadcrumb\":{\"@id\":\"https:\\\/\\\/www.ajisustainablesolutions.com\\\/es\\\/recursos\\\/#breadcrumb\"},\"inLanguage\":\"es\",\"potentialAction\":[{\"@type\":\"ReadAction\",\"target\":[\"https:\\\/\\\/www.ajisustainablesolutions.com\\\/es\\\/recursos\\\/\"]}]},{\"@type\":\"BreadcrumbList\",\"@id\":\"https:\\\/\\\/www.ajisustainablesolutions.com\\\/es\\\/recursos\\\/#breadcrumb\",\"itemListElement\":[{\"@type\":\"ListItem\",\"position\":1,\"name\":\"Home\",\"item\":\"https:\\\/\\\/www.ajisustainablesolutions.com\\\/es\\\/\"},{\"@type\":\"ListItem\",\"position\":2,\"name\":\"Recursos\"}]},{\"@type\":\"WebSite\",\"@id\":\"https:\\\/\\\/www.ajisustainablesolutions.com\\\/es\\\/#website\",\"url\":\"https:\\\/\\\/www.ajisustainablesolutions.com\\\/es\\\/\",\"name\":\"Green Chemistry \u2013 Fine Chemicals\",\"description\":\"\",\"publisher\":{\"@id\":\"https:\\\/\\\/www.ajisustainablesolutions.com\\\/es\\\/#organization\"},\"potentialAction\":[{\"@type\":\"SearchAction\",\"target\":{\"@type\":\"EntryPoint\",\"urlTemplate\":\"https:\\\/\\\/www.ajisustainablesolutions.com\\\/es\\\/?s={search_term_string}\"},\"query-input\":{\"@type\":\"PropertyValueSpecification\",\"valueRequired\":true,\"valueName\":\"search_term_string\"}}],\"inLanguage\":\"es\"},{\"@type\":\"Organization\",\"@id\":\"https:\\\/\\\/www.ajisustainablesolutions.com\\\/es\\\/#organization\",\"name\":\"Ajinomoto\",\"url\":\"https:\\\/\\\/www.ajisustainablesolutions.com\\\/es\\\/\",\"logo\":{\"@type\":\"ImageObject\",\"inLanguage\":\"es\",\"@id\":\"https:\\\/\\\/www.ajisustainablesolutions.com\\\/es\\\/#\\\/schema\\\/logo\\\/image\\\/\",\"url\":\"https:\\\/\\\/www.ajisustainablesolutions.com\\\/wp-content\\\/uploads\\\/2024\\\/06\\\/Homepage-last-section-4.jpg\",\"contentUrl\":\"https:\\\/\\\/www.ajisustainablesolutions.com\\\/wp-content\\\/uploads\\\/2024\\\/06\\\/Homepage-last-section-4.jpg\",\"width\":1100,\"height\":752,\"caption\":\"Ajinomoto\"},\"image\":{\"@id\":\"https:\\\/\\\/www.ajisustainablesolutions.com\\\/es\\\/#\\\/schema\\\/logo\\\/image\\\/\"}}]}<\/script>\n<!-- \/ Yoast SEO Premium plugin. -->","yoast_head_json":{"title":"Centro de descargas y conocimientos | Ajinomoto Sustainable Solutions","description":"\u00bfEst\u00e1s buscando certificados, libros blancos o estudios perspicaces sobre qu\u00edmica verde, servicios CDMO o taninos?","robots":{"index":"index","follow":"follow","max-snippet":"max-snippet:-1","max-image-preview":"max-image-preview:large","max-video-preview":"max-video-preview:-1"},"canonical":"https:\/\/www.ajisustainablesolutions.com\/es\/recursos\/","og_locale":"es_ES","og_type":"article","og_title":"Recursos","og_description":"\u00bfEst\u00e1s buscando certificados, libros blancos o estudios perspicaces sobre qu\u00edmica verde, servicios CDMO o taninos?","og_site_name":"Green Chemistry \u2013 Fine Chemicals","article_modified_time":"2025-03-14T13:57:44+00:00","twitter_card":"summary_large_image","twitter_misc":{"Tiempo de lectura":"4 minutos"},"schema":{"@context":"https:\/\/schema.org","@graph":[{"@type":"WebPage","@id":"https:\/\/www.ajisustainablesolutions.com\/es\/recursos\/","url":"https:\/\/www.ajisustainablesolutions.com\/es\/recursos\/","name":"Centro de descargas y conocimientos | Ajinomoto Sustainable Solutions","isPartOf":{"@id":"https:\/\/www.ajisustainablesolutions.com\/es\/#website"},"datePublished":"2025-01-15T16:27:30+00:00","dateModified":"2025-03-14T13:57:44+00:00","description":"\u00bfEst\u00e1s buscando certificados, libros blancos o estudios perspicaces sobre qu\u00edmica verde, servicios CDMO o taninos?","breadcrumb":{"@id":"https:\/\/www.ajisustainablesolutions.com\/es\/recursos\/#breadcrumb"},"inLanguage":"es","potentialAction":[{"@type":"ReadAction","target":["https:\/\/www.ajisustainablesolutions.com\/es\/recursos\/"]}]},{"@type":"BreadcrumbList","@id":"https:\/\/www.ajisustainablesolutions.com\/es\/recursos\/#breadcrumb","itemListElement":[{"@type":"ListItem","position":1,"name":"Home","item":"https:\/\/www.ajisustainablesolutions.com\/es\/"},{"@type":"ListItem","position":2,"name":"Recursos"}]},{"@type":"WebSite","@id":"https:\/\/www.ajisustainablesolutions.com\/es\/#website","url":"https:\/\/www.ajisustainablesolutions.com\/es\/","name":"Green Chemistry \u2013 Fine Chemicals","description":"","publisher":{"@id":"https:\/\/www.ajisustainablesolutions.com\/es\/#organization"},"potentialAction":[{"@type":"SearchAction","target":{"@type":"EntryPoint","urlTemplate":"https:\/\/www.ajisustainablesolutions.com\/es\/?s={search_term_string}"},"query-input":{"@type":"PropertyValueSpecification","valueRequired":true,"valueName":"search_term_string"}}],"inLanguage":"es"},{"@type":"Organization","@id":"https:\/\/www.ajisustainablesolutions.com\/es\/#organization","name":"Ajinomoto","url":"https:\/\/www.ajisustainablesolutions.com\/es\/","logo":{"@type":"ImageObject","inLanguage":"es","@id":"https:\/\/www.ajisustainablesolutions.com\/es\/#\/schema\/logo\/image\/","url":"https:\/\/www.ajisustainablesolutions.com\/wp-content\/uploads\/2024\/06\/Homepage-last-section-4.jpg","contentUrl":"https:\/\/www.ajisustainablesolutions.com\/wp-content\/uploads\/2024\/06\/Homepage-last-section-4.jpg","width":1100,"height":752,"caption":"Ajinomoto"},"image":{"@id":"https:\/\/www.ajisustainablesolutions.com\/es\/#\/schema\/logo\/image\/"}}]}},"_links":{"self":[{"href":"https:\/\/www.ajisustainablesolutions.com\/es\/wp-json\/wp\/v2\/pages\/3202","targetHints":{"allow":["GET"]}}],"collection":[{"href":"https:\/\/www.ajisustainablesolutions.com\/es\/wp-json\/wp\/v2\/pages"}],"about":[{"href":"https:\/\/www.ajisustainablesolutions.com\/es\/wp-json\/wp\/v2\/types\/page"}],"author":[{"embeddable":true,"href":"https:\/\/www.ajisustainablesolutions.com\/es\/wp-json\/wp\/v2\/users\/1"}],"replies":[{"embeddable":true,"href":"https:\/\/www.ajisustainablesolutions.com\/es\/wp-json\/wp\/v2\/comments?post=3202"}],"version-history":[{"count":6,"href":"https:\/\/www.ajisustainablesolutions.com\/es\/wp-json\/wp\/v2\/pages\/3202\/revisions"}],"predecessor-version":[{"id":3931,"href":"https:\/\/www.ajisustainablesolutions.com\/es\/wp-json\/wp\/v2\/pages\/3202\/revisions\/3931"}],"wp:attachment":[{"href":"https:\/\/www.ajisustainablesolutions.com\/es\/wp-json\/wp\/v2\/media?parent=3202"}],"wp:term":[{"taxonomy":"dipi_cpt_category","embeddable":true,"href":"https:\/\/www.ajisustainablesolutions.com\/es\/wp-json\/wp\/v2\/dipi_cpt_category?post=3202"}],"curies":[{"name":"wp","href":"https:\/\/api.w.org\/{rel}","templated":true}]}}